{"id":193,"date":"2016-06-03T12:46:31","date_gmt":"2016-06-03T11:46:31","guid":{"rendered":"http:\/\/www.wellbox.fr\/?page_id=193"},"modified":"2026-03-16T09:31:18","modified_gmt":"2026-03-16T08:31:18","slug":"home","status":"publish","type":"page","link":"https:\/\/www.wellbox.be\/fr\/","title":{"rendered":"home"},"content":{"rendered":"<div id=\"pl-193\"  class=\"panel-layout\" ><div id=\"pg-193-0\"  class=\"panel-grid panel-has-style\" ><div class=\"home_top_banner panel-row-style panel-row-style-for-193-0\" ><div id=\"pgc-193-0-0\"  class=\"panel-grid-cell\" ><div class=\"first panel-cell-style panel-cell-style-for-193-0-0\" ><ul id=\"homeslidebx\">\n        <li>\n            <div class=\"block-100 center home-slide2 position3 bk-ope be\">\n                <a href=\"https:\/\/estore.wellbox.be\/be\/wellbox-2\" class=\"inside\">\n                      <div class=\"clearfix\">\n                          <div class=\"block-tex\">\n                              <div class=\"textwidget\">\n                                  <div class=\"inner\">\n                                      <div class=\"info-slide top\">\n\n                                      <div class=\"img-innovation-home\"><img src=\"wp-content\/themes\/wellness-child\/images\/wellbox_innovation_en.png\"\/><\/div>\n                                      <h2 class=\"block-title\">Votre alli\u00e9 silhouette pour les beaux jours<\/h2>\n                                      <ul class=\"arrow-list-text\">\n                                          <li class=\"opewellbox\" data-start=\"2026-03-16T01:01:01Z\" data-end=\"2026-04-27T09:00:00Z\" style=\"margin-top: -35px;\">\n<p>\nVotre alli\u00e9 silhouette pour les beaux jours\n\n* D\u00e9tail de l'offre dans la fiche produit, offre sous r\u00e9serve de disponibilit\u00e9\n<\/p>\n<\/li>                                      <\/ul>\n                                      <\/div>\n\n                                      <div class=\"eclat-img\"><img src=\"wp-content\/themes\/wellness-child\/images\/homeSlide\/trasparent.gif\"><\/div>\n\n                                      <div class=\"info-slide bottom\">\n                                          <div class=\"block-link widget-3\">\n                                              <a href=\"https:\/\/www.wellbox.be\/fr\/wellbox-2\/\"   class=\"btn btn-default\">D\u00e9couvrez l'innovation<\/a>\n                                              <a href=\"https:\/\/estore.wellbox.be\/be\/wellbox-2\"  class=\"btn btn-success btn-acheter\">Acheter<\/a>\n                                          <\/div>\n                                          <ul class=\"inline-list\">\n                                              <div style=\"font-style:italic;color:#fff;\">*Offre sous r\u00e9serve de disponibilit\u00e9<\/div>\n<li><span><strong>Livraison offerte<\/strong><\/span><\/li>\n<li><span><strong>Paiement en plusieurs fois<\/strong><\/span><\/li>\n<li><span><strong>La garantie du meilleur prix<\/strong><\/span><\/li>\n<li><span><strong>Paiement s\u00e9curis\u00e9<\/strong><\/span><\/li>                                          <\/ul>\n                                      <\/div>\n                                  <\/div>\n                              <\/div>\n                          <\/div>\n                      <\/div>\n                <\/a>\n            <\/div>\n        <\/li>\n\n                <li>\n            <div class=\"block-100 center home-slide2 position5 fond-rose be\">\n                <a href=\"https:\/\/estore.wellbox.be\/be\/wellbox-2\" class=\"inside\">\n                      <div class=\"clearfix\">\n                          <div class=\"block-tex\">\n                              <div class=\"textwidget\">\n                                  <div class=\"inner\">\n                                      <div class=\"info-slide top\">\n\n                                      <div class=\"img-innovation-home\"><img src=\"wp-content\/themes\/wellness-child\/images\/wellbox_innovation_en.png\"\/><\/div>\n                                      <h2 class=\"block-title\">Soyez ferme avec votre beaut\u00e9 !<\/h2>\n                                      <ul class=\"arrow-list-text\">\n                                          <li><span>Action anti-\u00e2ge<\/span><\/li>\n<li><span>Action minceur<\/span><\/li>                                      <\/ul>\n                                      <\/div>\n\n                                      <div class=\"eclat-img\"><img src=\"wp-content\/themes\/wellness-child\/images\/homeSlide\/trasparent.gif\"><\/div>\n\n                                      <div class=\"info-slide bottom\">\n                                          <div class=\"block-link widget-5\">\n                                              <a href=\"https:\/\/www.wellbox.be\/fr\/wellbox\/\"   class=\"btn btn-default\">D\u00e9couvrez l'innovation<\/a>\n                                              <a href=\"https:\/\/estore.wellbox.be\/be\/wellbox-2\"  class=\"btn btn-success btn-acheter\">Acheter<\/a>\n                                          <\/div>\n                                          <ul class=\"inline-list\">\n                                              <li><span><strong>Livraison offerte<\/strong><\/span><\/li>\n<li><span><strong>Paiement en plusieurs fois<\/strong><\/span><\/li>\n<li><span><strong>La garantie du meilleur prix<\/strong><\/span><\/li>\n<li><span><strong>Paiement s\u00e9curis\u00e9<\/strong><\/span><\/li>                                          <\/ul>\n                                      <\/div>\n                                  <\/div>\n                              <\/div>\n                          <\/div>\n                      <\/div>\n                <\/a>\n            <\/div>\n        <\/li>\n\n        <\/ul>\n<div id=\"panel-193-0-0-0\" class=\"so-panel widget widget_homeslider homeslider panel-first-child panel-last-child\" data-index=\"0\" ><\/div><\/div><\/div><\/div><\/div><div id=\"pg-193-1\"  class=\"panel-grid panel-has-style\" ><div class=\"panel-row-style panel-row-style-for-193-1\" ><div id=\"pgc-193-1-0\"  class=\"panel-grid-cell\" ><div class=\"block-100 imgLeft panel-cell-style panel-cell-style-for-193-1-0\" ><div class=\"block-100 imgLeft bloc-accueil fond-gris\">\n\t<div class=\"inside\">\n\t\t<div class=\"block-wrapper clearfix\">\n\t\t\t<div class=\"image-left\">\n\t\t\t\t<img src=\"https:\/\/www.wellbox.be\/fr\/wp-content\/uploads\/sites\/17\/2025\/12\/Wellbox-visage-2-1.png\">\n\t\t\t\t<div class=\"overlayed\"><\/div>\n\t\t\t<\/div>\n\t\t\t<div class=\"block-texte\">\n\t\t\t\t<div class=\"textwidget\">\n\t\t\t\t\t<div class=\"inner\">\n\t\t\t\t\t<div class=\"eds-animate edsanimate-sis-hidden \" data-eds-entry-animation=\"fadeInUp\" data-eds-entry-delay=\"0\" data-eds-entry-duration=\"0.3\" data-eds-entry-timing=\"linear\" data-eds-exit-animation=\"\" data-eds-exit-delay=\"\" data-eds-exit-duration=\"\" data-eds-exit-timing=\"\" data-eds-repeat-count=\"1\" data-eds-keep=\"yes\" data-eds-animate-on=\"scroll\" data-eds-scroll-offset=\"100\">\n\n\t\t\t\t\t<div class=\"r-title\">VISAGE<\/div>\n\t\t\t\t\t<h2 class=\"super-title\">Mon partenaire au quotidien pour une peau parfaite, naturellement.<\/h2>\n\t\t\t\t\t<p class=\"chapo\">Un teint illumin\u00e9, des rides liss\u00e9es et bien plus encore...<\/p>\n\t\t\t\t\t<a href=\"visage-benefices\/\" class=\"emore\">&gt; D\u00c9COUVREZ LES B\u00c9N\u00c9FICES VISAGE DE WELLBOX<\/a>\n\t\t\t\t\t<\/div><\/div>\n\t\t\t\t<\/div>\n\t\t\t<\/div>\n\t\t<\/div>\n\t<\/div>\n<\/div>\n<div id=\"panel-193-1-0-0\" class=\"so-panel widget widget_bannerright bannerright panel-first-child panel-last-child\" data-index=\"1\" ><\/div><\/div><\/div><\/div><\/div><div id=\"pg-193-2\"  class=\"panel-grid panel-has-style\" ><div class=\"panel-row-style panel-row-style-for-193-2\" ><div id=\"pgc-193-2-0\"  class=\"panel-grid-cell\" ><div class=\"block-100 imgRight panel-cell-style panel-cell-style-for-193-2-0\" ><div class=\"block-100 imgRight fond-gris basic\">\n\t<div class=\"inside\">\n\t\t<div class=\"block-wrapper clearfix\">\n\t\t\t<div class=\"image-right\">\n\t\t\t\t<img src=\"https:\/\/www.wellbox.be\/fr\/wp-content\/uploads\/sites\/17\/2025\/12\/Wellbox-corps-2-1.png\">\n\t\t\t\t<div class=\"overlayed\"><\/div>\n\t\t\t<\/div>\n\t\t\t<div class=\"block-texte\">\n\t\t\t\t<div class=\"textwidget\">\n\t\t\n\t<div class=\"inner\"> <div class=\"eds-animate edsanimate-sis-hidden \" data-eds-entry-animation=\"fadeInUp\" data-eds-entry-delay=\"0\" data-eds-entry-duration=\"0.3\" data-eds-entry-timing=\"linear\" data-eds-exit-animation=\"\" data-eds-exit-delay=\"\" data-eds-exit-duration=\"\" data-eds-exit-timing=\"\" data-eds-repeat-count=\"1\" data-eds-keep=\"yes\" data-eds-animate-on=\"scroll\" data-eds-scroll-offset=\"100\">\n\n\t\t\t\t\t<div class=\"r-title\">CORPS<\/div>\n\t\t\t\t\t<h2 class=\"super-title\"><span class=\"wellbox\">Mon partenaire au quotidien pour un corps parfait, naturellement.<\/span><\/h2>\n\t\t\t\t\t<p class=\"chapo\">Des capitons liss\u00e9s, une silhouette redessin\u00e9e et bien plus encore...<\/p>\n\t\t\t\t\t<a href=\"corps-benefices\/\" class=\"emore\">&gt; D\u00e9couvrez les b\u00e9n\u00e9fices corps de wellbox<\/a>\n\t\t\t\t\t<\/div>\n\t\t\t\t\t\n\t\t\t\t<\/div><\/div>\n\t\t\t<\/div>\n\t\t<\/div>\t\n\t<\/div>\t\n<\/div>\n<div id=\"panel-193-2-0-0\" class=\"so-panel widget widget_bannerleft bannerleft panel-first-child panel-last-child\" data-index=\"2\" ><\/div><\/div><\/div><\/div><\/div><div id=\"pg-193-3\"  class=\"panel-grid panel-has-style\" ><div class=\"panel-row-style panel-row-style-for-193-3\" ><div id=\"pgc-193-3-0\"  class=\"panel-grid-cell\" ><div style=\"padding: 0px;\" class=\"panel-widget-style\">          <div class=\"textwidget\"><div class=\"home_avantages\">\n                            <h3 class=\"block-title\"><span>10 bonnes raisons<\/span> de commander sur notre site<\/h3>\n<div class=\"block-content\">\n    <ul>\n        <li>\n            <div class=\"av garantie\">\n                <h4 class=\"tagline\">La garantie<br>du meilleur prix<\/h4>\n<p>Vous avez trouv\u00e9 un appareil Wellbox \u00e0 un prix inferieur ? Nous vous offrons ce m\u00eame tarif avec 1 cosm\u00e9tique offert.<\/p>            <\/div>\n        <\/li>\n        <li>\n            <div class=\"av satisfaction\">\n                <h4 class=\"tagline\">Satisfait<br>ou rembours\u00e9<\/h4>\n<p>Vous disposez d'un d\u00e9lai de 14 jours pour exercer votre droit de r\u00e9tractation sans avoir \u00e0 justifier de motifs ni \u00e0 payer de p\u00e9nalit\u00e9s.<\/p>            <\/div>\n        <\/li>\n        <li>\n            <div class=\"av service\">\n                <h4 class=\"tagline\">Garantie de 2 ans <br> Wellbox<\/h4>\n<p>Tous les appareils Wellbox achet\u00e9s sur le site Wellbox.fr b\u00e9n\u00e9ficient d\u2019une garantie de deux ans apr\u00e8s achat (pi\u00e8ces et main d\u2019\u0153uvre).<\/p>            <\/div>\n        <\/li>\n        <li>\n            <div class=\"av livraison\">\n                <h4 class=\"tagline\">Livraison<br>gratuite<\/h4>\n<p>Nous exp\u00e9dions vos articles, o\u00f9 vous le souhaitez, dans les 48h apr\u00e8s traitement de votre commande.<\/p>            <\/div>\n        <\/li>\n    <\/ul>\n<\/div>\n\n<div class=\"fk-slide-thumb\">\n<div class=\"slide-thumb left\"><\/div>\n<div class=\"slide-thumb mid\"><\/div>\n<div class=\"slide-thumb right\"><\/div>\n<\/div>\n\n<div class=\"block-link widget-1\">\n    <a href=\"https:\/\/estore.wellbox.be\/be\/les-10-bonnes-raisons-de-commander-sur-wellbox\" class=\"btn btn-default\">D\u00c9COUVREZ TOUS LES AVANTAGES<\/a>\n<\/div>                        \n\n<\/div><\/div>\n        <\/div><div id=\"panel-193-3-0-0\" class=\"so-panel widget widget_homereason homereason panel-first-child panel-last-child\" data-index=\"3\" ><\/div><\/div><\/div><\/div><div id=\"pg-193-4\"  class=\"panel-grid panel-has-style\" ><div class=\"panel-row-style panel-row-style-for-193-4\" ><div id=\"pgc-193-4-0\"  class=\"panel-grid-cell\" ><div class=\"home_quote\">\n    <div class=\"bx-wrapper\" style=\"max-width: 100%; margin: 0px auto;\">\n        <div style=\"width: 100%; overflow: hidden; position: relative;\">\n            <div class=\"bx-wrapper\" style=\"max-width: 100%; margin: 0px auto;\">\n                <div class=\"bx-viewport\" style=\"width: 100%; overflow: hidden; position: relative; height: 196px;\">\n                    <ul id=\"slidebx\" style=\"width: 615%; position: relative; transition-duration: 0s; transform: translate3d(-1313px, 0px, 0px);\">\n                        <li style=\"float: left; list-style: none; position: relative; width: 1313px;\">\n            <div class=\"quote\">\n                <p>Tr\u00e8s bel engin futuriste<\/p>\n            <\/div>\n            <div class=\"author\"><img src=\"\/wp-content\/themes\/wellness-child\/images\/logo-fourchette-mini.png\"><\/div>\n        <\/li><li style=\"float: left; list-style: none; position: relative; width: 1313px;\">\n            <div class=\"quote\">\n                <p>Un appareil absolument r\u00e9volutionnaire<\/p>\n            <\/div>\n            <div class=\"author\"><img src=\"\/wp-content\/themes\/wellness-child\/images\/logo-BigBlogBeaute.png\"><\/div>\n        <\/li>\n        <li style=\"float: left; list-style: none; position: relative; width: 1313px;\">\n            <div class=\"quote\">\n                <p>Un booster fantastique<\/p>\n            <\/div>\n            <div class=\"author\"><img src=\"\/wp-content\/themes\/wellness-child\/images\/logo-marie-france.png\"><\/div>\n        <\/li>\n        <li style=\"float: left; list-style: none; position: relative; width: 1313px;\">\n            <div class=\"quote\">\n                <p>Des r\u00e9sultats concrets<\/p>\n            <\/div>\n            <div class=\"author\"><img src=\"\/wp-content\/themes\/wellness-child\/images\/logo-la-parisienne.png\"><\/div>\n        <\/li>\n\n        <\/ul><\/div><\/div><\/div><\/div>\n<\/div>\n<div id=\"panel-193-4-0-0\" class=\"so-panel widget widget_homequote homequote panel-first-child panel-last-child\" data-index=\"4\" ><\/div><\/div><\/div><\/div><\/div>","protected":false},"excerpt":{"rendered":"<p>Votre alli\u00e9 silhouette pour les beaux jours Votre alli\u00e9 silhouette pour les beaux jours * D\u00e9tail de l&rsquo;offre dans la fiche produit, offre sous r\u00e9serve de disponibilit\u00e9 D\u00e9couvrez l&rsquo;innovation Acheter *Offre sous r\u00e9serve de disponibilit\u00e9 Livraison offerte Paiement en plusieurs fois La garantie du meilleur prix Paiement s\u00e9curis\u00e9 Soyez ferme avec votre beaut\u00e9 ! Action &hellip; <a href=\"https:\/\/www.wellbox.be\/fr\/\" class=\"more-link\">Continuer la lecture<span class=\"screen-reader-text\"> de &laquo;&nbsp;home&nbsp;&raquo;<\/span><\/a><\/p>\n","protected":false},"author":3,"featured_media":0,"parent":0,"menu_order":0,"comment_status":"closed","ping_status":"closed","template":"","meta":[],"acf":[],"_links":{"self":[{"href":"https:\/\/www.wellbox.be\/fr\/wp-json\/wp\/v2\/pages\/193"}],"collection":[{"href":"https:\/\/www.wellbox.be\/fr\/wp-json\/wp\/v2\/pages"}],"about":[{"href":"https:\/\/www.wellbox.be\/fr\/wp-json\/wp\/v2\/types\/page"}],"author":[{"embeddable":true,"href":"https:\/\/www.wellbox.be\/fr\/wp-json\/wp\/v2\/users\/3"}],"replies":[{"embeddable":true,"href":"https:\/\/www.wellbox.be\/fr\/wp-json\/wp\/v2\/comments?post=193"}],"version-history":[{"count":488,"href":"https:\/\/www.wellbox.be\/fr\/wp-json\/wp\/v2\/pages\/193\/revisions"}],"predecessor-version":[{"id":2912,"href":"https:\/\/www.wellbox.be\/fr\/wp-json\/wp\/v2\/pages\/193\/revisions\/2912"}],"wp:attachment":[{"href":"https:\/\/www.wellbox.be\/fr\/wp-json\/wp\/v2\/media?parent=193"}],"curies":[{"name":"wp","href":"https:\/\/api.w.org\/{rel}","templated":true}]}}