{"id":2775,"date":"2025-09-05T11:08:40","date_gmt":"2025-09-05T09:08:40","guid":{"rendered":"https:\/\/www.wellbox.be\/fr\/?page_id=2775"},"modified":"2025-09-08T10:00:53","modified_gmt":"2025-09-08T08:00:53","slug":"la-marque","status":"publish","type":"page","link":"https:\/\/www.wellbox.be\/fr\/la-marque\/","title":{"rendered":"La marque"},"content":{"rendered":"<div id=\"pl-2775\"  class=\"panel-layout\" ><div id=\"pg-2775-0\"  class=\"panel-grid panel-has-style\" ><div class=\"panel-row-style panel-row-style-for-2775-0\" ><div id=\"pgc-2775-0-0\"  class=\"panel-grid-cell panel-grid-cell-empty\" ><\/div><div id=\"pgc-2775-0-1\"  class=\"panel-grid-cell\" ><div id=\"panel-2775-0-1-0\" class=\"so-panel widget widget_text panel-first-child panel-last-child\" data-index=\"0\" >\t\t\t<div class=\"textwidget\"><p style=\"font-size: 40px;margin-bottom: 15px;text-align: left\"><strong>LPG<sup>\u00ae<\/sup><\/strong>, la r\u00e9f\u00e9rence minceur &amp; anti-\u00e2ge<\/p>\n<hr style=\"background-color: #de0042;height: 4px;border: none;margin-left: 0;width: 5%\" \/>\n<p>Depuis plus de\u202f35 ans, le <strong>Groupe LPG<sup>\u00ae<\/sup><\/strong> a su s\u2019imposer en France et dans le monde comme l\u2019un des pionniers de la minceur et de l\u2019anti-\u00e2ge avec des techniques performantes et naturelles, capables de stimuler l\u2019activit\u00e9 cellulaire endormie, naturellement, sans douleur et sans effet secondaire.<\/p>\n<p>A ce jour, plus de\u202f<strong>175 \u00e9tudes scientifiques<\/strong>\u202fprouvent l\u2019efficacit\u00e9 de ses technologies. Chaque jour, plus de\u202f300 000 personnes b\u00e9n\u00e9ficient de ces soins\u202faupr\u00e8s de professionnels.<\/p>\n<p>Pour \u00e9tendre l&rsquo;acc\u00e8s \u00e0 son expertise, ses r\u00e9sultats uniques et faire d\u00e9couvrir ses techniques au plus grand nombre, <strong>LPG<sup>\u00ae<\/sup><\/strong> a con\u00e7u <strong>Wellbox<sup>\u00ae<\/sup><\/strong> pour une utilisation exclusivement \u00e0 domicile.<\/p>\n<\/div>\n\t\t<\/div><\/div><div id=\"pgc-2775-0-2\"  class=\"panel-grid-cell panel-grid-cell-mobile-last\" ><div id=\"panel-2775-0-2-0\" class=\"so-panel widget widget_sow-image panel-first-child panel-last-child\" data-index=\"1\" ><div class=\"so-widget-sow-image so-widget-sow-image-default-d6014b76747a-2775\">\n\n<div class=\"sow-image-container\">\n\t\t<img src=\"https:\/\/www.wellbox.be\/fr\/wp-content\/uploads\/sites\/17\/2025\/09\/Wellbox-LPG-presentation_mannequin_3.jpg\" width=\"960\" height=\"829\" srcset=\"https:\/\/www.wellbox.be\/fr\/wp-content\/uploads\/sites\/17\/2025\/09\/Wellbox-LPG-presentation_mannequin_3.jpg 960w, https:\/\/www.wellbox.be\/fr\/wp-content\/uploads\/sites\/17\/2025\/09\/Wellbox-LPG-presentation_mannequin_3-300x259.jpg 300w, https:\/\/www.wellbox.be\/fr\/wp-content\/uploads\/sites\/17\/2025\/09\/Wellbox-LPG-presentation_mannequin_3-768x663.jpg 768w\" sizes=\"(max-width: 709px) 85vw, (max-width: 909px) 67vw, (max-width: 1362px) 62vw, 840px\" alt=\"Wellbox - LPG\" loading=\"lazy\" \t\tclass=\"so-widget-image\"\/>\n\t<\/div>\n\n<\/div><\/div><\/div><div id=\"pgc-2775-0-3\"  class=\"panel-grid-cell panel-grid-cell-empty\" ><\/div><\/div><\/div><div id=\"pg-2775-1\"  class=\"panel-grid panel-has-style\" ><div class=\"panel-row-style panel-row-style-for-2775-1\" ><div id=\"pgc-2775-1-0\"  class=\"panel-grid-cell panel-grid-cell-empty\" ><\/div><div id=\"pgc-2775-1-1\"  class=\"panel-grid-cell\" ><div id=\"panel-2775-1-1-0\" class=\"so-panel widget widget_sow-image panel-first-child panel-last-child\" data-index=\"2\" ><div class=\"so-widget-sow-image so-widget-sow-image-default-d6014b76747a-2775\">\n\n<div class=\"sow-image-container\">\n\t\t<img src=\"https:\/\/www.wellbox.be\/fr\/wp-content\/uploads\/sites\/17\/2025\/09\/Wellbox-LPG-soins_mannequin.jpg\" width=\"960\" height=\"829\" srcset=\"https:\/\/www.wellbox.be\/fr\/wp-content\/uploads\/sites\/17\/2025\/09\/Wellbox-LPG-soins_mannequin.jpg 960w, https:\/\/www.wellbox.be\/fr\/wp-content\/uploads\/sites\/17\/2025\/09\/Wellbox-LPG-soins_mannequin-300x259.jpg 300w, https:\/\/www.wellbox.be\/fr\/wp-content\/uploads\/sites\/17\/2025\/09\/Wellbox-LPG-soins_mannequin-768x663.jpg 768w\" sizes=\"(max-width: 709px) 85vw, (max-width: 909px) 67vw, (max-width: 1362px) 62vw, 840px\" alt=\"Wellbox - LPG\" loading=\"lazy\" \t\tclass=\"so-widget-image\"\/>\n\t<\/div>\n\n<\/div><\/div><\/div><div id=\"pgc-2775-1-2\"  class=\"panel-grid-cell panel-grid-cell-mobile-last\" ><div id=\"panel-2775-1-2-0\" class=\"so-panel widget widget_text panel-first-child panel-last-child\" data-index=\"3\" >\t\t\t<div class=\"textwidget\"><p style=\"font-size: 40px;margin-bottom: 15px;text-align: left\"><strong>Wellbox<sup>\u00ae<\/sup><\/strong>, le booster de beaut\u00e9 \u00e0 domicile<\/p>\n<hr style=\"background-color: #de0042;height: 4px;border: none;margin-left: 0;width: 5%\" \/>\n<p><span data-contrast=\"auto\">C\u2019est en 2005 que le premier appareil <strong>Wellbox<\/strong><\/span><sup>\u00ae<\/sup><span data-contrast=\"auto\">\u202fvoit le jour. <\/span><span data-contrast=\"auto\">\u200b<\/span><span data-contrast=\"auto\">Compact et design, cet home-device embarque toute\u202f<\/span><b><span data-contrast=\"auto\">l\u2019expertise des techniques professionnelles LPG<\/span><\/b><sup>\u00ae<\/sup><b><span data-contrast=\"auto\">.\u202f<\/span><\/b><span data-contrast=\"auto\">\u202f<\/span><span data-ccp-props=\"{}\">\u00a0<\/span><\/p>\n<p><span data-contrast=\"auto\">Facile \u00e0 utiliser, <strong>Wellbox<\/strong><\/span><sup>\u00ae<\/sup><span data-contrast=\"auto\">\u202fs\u00e9duit<\/span><b><span data-contrast=\"auto\">\u202fles femmes de tous les \u00e2ges<\/span><\/b><span data-contrast=\"auto\">\u202fen proposant \u00e0 la fois des \u202f<\/span><b><span data-contrast=\"auto\">soins corps et visage<\/span><\/b><span data-contrast=\"auto\">\u202fpour r\u00e9pondre \u00e0 toutes leurs probl\u00e9matiques (rides, peau rel\u00e2ch\u00e9e, perte d\u2019\u00e9clat, rondeurs rebelles, cellulite\u2026)<\/span><span data-contrast=\"auto\">\u200b<\/span><span data-contrast=\"auto\">\u202f<\/span><span data-ccp-props=\"{}\">\u00a0<\/span><\/p>\n<p><span data-contrast=\"auto\">Lanc\u00e9e en 2024, <strong>Wellbox<\/strong><\/span><sup>\u00ae<\/sup><span data-contrast=\"auto\"><strong>\u202f2<\/strong> est la\u202f<\/span><b><span data-contrast=\"auto\">derni\u00e8re g\u00e9n\u00e9ration<\/span><\/b><span data-contrast=\"auto\">\u202fd\u2019appareil de la gamme <strong>Wellbox<\/strong><\/span><span data-contrast=\"auto\"><sup>\u00ae<\/sup>.<\/span><span data-contrast=\"auto\">\u202f\u202f<\/span><span data-ccp-props=\"{}\">\u00a0<\/span><\/p>\n<p><span data-contrast=\"auto\">L\u2019appareil est \u00e9quip\u00e9 d\u2019un \u00e9cran tactile et interactif pour une utilisation simplifi\u00e9e et ludique. \u202f<\/span><span data-ccp-props=\"{}\">\u00a0<\/span><\/p>\n<p><span data-contrast=\"auto\">Plus de<\/span><b><span data-contrast=\"auto\">\u202f 80 soins et programmes cl\u00e9s en main\u202f<\/span><\/b><span data-contrast=\"auto\">sont disponibles pour r\u00e9pondre \u00e0 chaque objectif beaut\u00e9 et bien-\u00eatre.<\/span><span data-contrast=\"auto\">\u202f<\/span><span data-contrast=\"auto\"> Gr\u00e2ce au suivi de votre activit\u00e9, <strong>Wellbox<\/strong><\/span><sup>\u00ae<\/sup><span data-contrast=\"auto\">\u202f2 devient<\/span><span data-contrast=\"auto\">\u202f<\/span><span data-contrast=\"auto\">un\u202f<\/span><b><span data-contrast=\"auto\">v\u00e9ritable coach pour vous garder motiv\u00e9(e)<\/span><\/b><span data-contrast=\"auto\">\u202fet avoir un\u202f<\/span><b><span data-contrast=\"auto\">maximum de r\u00e9sultats<\/span><\/b><span data-contrast=\"auto\">\u202f!<\/span><span data-contrast=\"auto\">\u202f<\/span><span data-contrast=\"auto\">\u202f<\/span><span data-ccp-props=\"{}\">\u00a0<\/span><\/p>\n<\/div>\n\t\t<\/div><\/div><div id=\"pgc-2775-1-3\"  class=\"panel-grid-cell panel-grid-cell-empty\" ><\/div><\/div><\/div><div id=\"pg-2775-2\"  class=\"panel-grid panel-has-style\" ><div class=\"panel-row-style panel-row-style-for-2775-2\" ><div id=\"pgc-2775-2-0\"  class=\"panel-grid-cell\" ><div id=\"panel-2775-2-0-0\" class=\"so-panel widget widget_text panel-first-child panel-last-child\" data-index=\"4\" >\t\t\t<div class=\"textwidget\"><p style=\"font-size: 38px;margin-bottom: 10px;text-align: center\">Plus de 175 \u00e9tudes scientifiques<\/p>\n<p style=\"text-align: center\">To date, <strong>LPG<sup>\u00ae<\/sup><\/strong> repr\u00e9sente \u00e0 ce jour plus de 175 \u00e9tudes scientifiques, prouvant l&rsquo;efficacit\u00e9 de ses technologies. Des r\u00e9sultats visibles d\u00e8s la premi\u00e8re s\u00e9ance et des objectifs beaut\u00e9 atteints en quelques semaines.<\/p>\n<p>&nbsp;<\/p>\n<hr style=\"background-color: #de0042;height: 4px;border: none;width: 5%\" \/>\n<p>&nbsp;<\/p>\n<p>&nbsp;<\/p>\n<\/div>\n\t\t<\/div><\/div><\/div><\/div><div id=\"pg-2775-3\"  class=\"panel-grid panel-has-style\" ><div class=\"panel-row-style panel-row-style-for-2775-3\" ><div id=\"pgc-2775-3-0\"  class=\"panel-grid-cell\" ><div class=\"block-quote\">\n<div class=\"quote-box\"><div class=\"quote-icon\"><\/div>\n<div class=\"quote\">\n    <p>Il y a plus de 35 ans, LPG\u00ae innovait avec les premi\u00e8res solutions naturelles et non-invasives pour aider chacun \u00e0 vivre en harmonie avec son corps. Aujourd'hui nos technologies brevet\u00e9es, ont permis \u00e0 plus de 300 000 personnes de profiter de r\u00e9sultats naturels exceptionnels.<\/p>\n<\/div>\n<div class=\"author\"><span><\/span><\/div>\n<\/div>\n<div id=\"panel-2775-3-0-0\" class=\"so-panel widget widget_homequote homequote panel-first-child panel-last-child\" data-index=\"5\" ><div class=\"panel-widget-style panel-widget-style-for-2775-3-0-0\" ><\/div><\/div><\/div><\/div><\/div><\/div>","protected":false},"excerpt":{"rendered":"<p>LPG\u00ae, la r\u00e9f\u00e9rence minceur &amp; anti-\u00e2ge Depuis plus de\u202f35 ans, le Groupe LPG\u00ae a su s\u2019imposer en France et dans le monde comme l\u2019un des pionniers de la minceur et de l\u2019anti-\u00e2ge avec des techniques performantes et naturelles, capables de stimuler l\u2019activit\u00e9 cellulaire endormie, naturellement, sans douleur et sans effet secondaire. A ce jour, plus &hellip; <a href=\"https:\/\/www.wellbox.be\/fr\/la-marque\/\" class=\"more-link\">Continuer la lecture<span class=\"screen-reader-text\"> de &laquo;&nbsp;La marque&nbsp;&raquo;<\/span><\/a><\/p>\n","protected":false},"author":24,"featured_media":0,"parent":0,"menu_order":0,"comment_status":"closed","ping_status":"closed","template":"","meta":[],"acf":[],"_links":{"self":[{"href":"https:\/\/www.wellbox.be\/fr\/wp-json\/wp\/v2\/pages\/2775"}],"collection":[{"href":"https:\/\/www.wellbox.be\/fr\/wp-json\/wp\/v2\/pages"}],"about":[{"href":"https:\/\/www.wellbox.be\/fr\/wp-json\/wp\/v2\/types\/page"}],"author":[{"embeddable":true,"href":"https:\/\/www.wellbox.be\/fr\/wp-json\/wp\/v2\/users\/24"}],"replies":[{"embeddable":true,"href":"https:\/\/www.wellbox.be\/fr\/wp-json\/wp\/v2\/comments?post=2775"}],"version-history":[{"count":38,"href":"https:\/\/www.wellbox.be\/fr\/wp-json\/wp\/v2\/pages\/2775\/revisions"}],"predecessor-version":[{"id":2816,"href":"https:\/\/www.wellbox.be\/fr\/wp-json\/wp\/v2\/pages\/2775\/revisions\/2816"}],"wp:attachment":[{"href":"https:\/\/www.wellbox.be\/fr\/wp-json\/wp\/v2\/media?parent=2775"}],"curies":[{"name":"wp","href":"https:\/\/api.w.org\/{rel}","templated":true}]}}