{"id":2935,"date":"2026-03-25T10:02:41","date_gmt":"2026-03-25T09:02:41","guid":{"rendered":"https:\/\/www.wellbox.be\/fr\/?page_id=2935"},"modified":"2026-03-25T16:17:45","modified_gmt":"2026-03-25T15:17:45","slug":"soins-professionnels","status":"publish","type":"page","link":"https:\/\/www.wellbox.be\/fr\/soins-professionnels\/","title":{"rendered":"Soins professionnels"},"content":{"rendered":"<div id=\"pl-2935\"  class=\"panel-layout\" ><div id=\"pg-2935-0\"  class=\"panel-grid panel-has-style\" ><div class=\"panel-row-style panel-row-style-for-2935-0\" ><div id=\"pgc-2935-0-0\"  class=\"panel-grid-cell\" ><div id=\"panel-2935-0-0-0\" class=\"so-panel widget widget_text panel-first-child panel-last-child\" data-index=\"0\" >\t\t\t<div class=\"textwidget\"><h1 style=\"font-size: 38px; margin-bottom: 10px; text-align: center;\">SOINS PROFESSIONNELS<\/h1>\n<h3 style=\"font-size: 28px; margin-bottom: 10px; text-align: center;\">L\u2019appareil Wellbox<sup>\u00ae<\/sup> est un appareil grand public pour un<a href=\"https:\/\/www.wellbox.be\/fr\/wp-content\/uploads\/sites\/17\/2026\/03\/Communique-Wellbox-FR-usagedomestique.pdf\" target=\"_blank'\" rel=\"noopener\"> <u>usage domestique<\/u>. Il ne peut \u00eatre utilis\u00e9 \u00e0 des fins professionnelles. <\/a><\/h3>\n<hr style=\"background-color: #de0042; height: 4px; border: none; width: 5%;\" \/>\n<p>&nbsp;<\/p>\n<p>&nbsp;<\/p>\n<\/div>\n\t\t<\/div><\/div><\/div><\/div><div id=\"pg-2935-1\"  class=\"panel-grid panel-has-style\" ><div class=\"panel-row-style panel-row-style-for-2935-1\" ><div id=\"pgc-2935-1-0\"  class=\"panel-grid-cell panel-grid-cell-empty\" ><\/div><div id=\"pgc-2935-1-1\"  class=\"panel-grid-cell\" ><div id=\"panel-2935-1-1-0\" class=\"so-panel widget widget_text panel-first-child panel-last-child\" data-index=\"1\" >\t\t\t<div class=\"textwidget\"><h2>Compl\u00e9mentarit\u00e9 des soins<\/h2>\n<hr style=\"background-color: #de0042; height: 4px; border: none; margin-left: 0; width: 5%;\" \/>\n<p style=\"font-size: 16px;\">La <b>compl\u00e9mentarit\u00e9 entre les soins en institut<\/b>, faits par un(e) professionnel(le) de l\u2019esth\u00e9tique et les routines Wellbox<sup>\u00ae<\/sup> vous garantira des r\u00e9sultats optimaux et durables.<\/p>\n<p>Pour les soins corps, les experts conseillent de profiter des soins Wellbox<sup>\u00ae<\/sup> \u00e0 la suite d\u2019une cure dans un centre LPG<sup>\u00ae<\/sup>.<\/p>\n<p style=\"font-size: 16px;\">Apr\u00e8s la cure et entre les s\u00e9ances de soin d\u2019optimisation en institut, am\u00e9liorez encore vos r\u00e9sultats gr\u00e2ce aux routines Wellbox<sup>\u00ae<\/sup> quotidiennes\u202f: <b>6 min par jour suffisent ! <\/b><\/p>\n<p style=\"font-size: 16px;\">Cependant, attention, les adipocytes \u2013 cellules graisseuses \u2013 sont saturables, alors rien ne sert de les solliciter durant les 48h qui suivent un soin corps aupr\u00e8s d\u2019un(e) professionnel(le) de l\u2019esth\u00e9tique.<\/p>\n<p style=\"font-size: 16px;\">Pour les soins visage, en parall\u00e8le d\u2019une cure endermologie<sup>\u00ae<\/sup> personnalis\u00e9e r\u00e9alis\u00e9e par un(e) professionnel(le) en institut, <b>continuez de stimuler vos fibroblastes gr\u00e2ce aux routines Wellbox<sup>\u00ae<\/sup>. <\/b><\/p>\n<p style=\"font-size: 16px;\">Les fibroblastes, cellules de la jeunesse sont, quant \u00e0 elles, insaturables. C\u2019est-\u00e0-dire, que plus elles feront du fitness, plus elles seront en forme.<\/p>\n<p style=\"font-size: 16px;\">Les soins Wellbox<sup>\u00ae<\/sup> quotidiens de 6 minutes ne remplaceront pas une cure sur-mesure d\u00e9livr\u00e9e par un(e) professionnel(le) avec l\u2019appareil professionnel CELLU M6<sup>\u00ae<\/sup>, mais ils en prolongeront et en bonifieront les r\u00e9sultats.<\/p>\n<p style=\"font-size: 16px;\">\u00c0 vous les routines quotidiennes Wellbox<sup>\u00ae<\/sup> de 6 min par jour pour un effet anti-\u00e2ge optimal.<\/p>\n<hr style=\"background-color: #de0042; height: 4px; border: none; width: 5%;\" \/>\n<p style=\"font-size: 38px; margin-bottom: 10px; text-align: center;\">Recherchez les centres dot\u00e9s d\u2019un \u00e9quipement LPG<sup>\u00ae<\/sup> autour de vous<\/p>\n<p style=\"font-size: 38px; text-align: center;\"><a class=\"btn btn-default\" style=\"font-size: 16px;\" href=\"https:\/\/www.lpg-group.com\/fr\/nos-centres\" target=\"_blank\" rel=\"noopener\">Trouver un centre<\/a><\/p>\n<\/div>\n\t\t<\/div><\/div><div id=\"pgc-2935-1-2\"  class=\"panel-grid-cell panel-grid-cell-mobile-last\" ><div id=\"panel-2935-1-2-0\" class=\"so-panel widget widget_sow-image panel-first-child panel-last-child\" data-index=\"2\" ><div class=\"so-widget-sow-image so-widget-sow-image-default-d6014b76747a-2935\">\n\n<div class=\"sow-image-container\">\n\t\t<img src=\"https:\/\/www.wellbox.be\/fr\/wp-content\/uploads\/sites\/17\/2025\/09\/Wellbox-LPG-presentation_mannequin_3.jpg\" width=\"960\" height=\"829\" srcset=\"https:\/\/www.wellbox.be\/fr\/wp-content\/uploads\/sites\/17\/2025\/09\/Wellbox-LPG-presentation_mannequin_3.jpg 960w, https:\/\/www.wellbox.be\/fr\/wp-content\/uploads\/sites\/17\/2025\/09\/Wellbox-LPG-presentation_mannequin_3-300x259.jpg 300w, https:\/\/www.wellbox.be\/fr\/wp-content\/uploads\/sites\/17\/2025\/09\/Wellbox-LPG-presentation_mannequin_3-768x663.jpg 768w\" sizes=\"(max-width: 709px) 85vw, (max-width: 909px) 67vw, (max-width: 1362px) 62vw, 840px\" alt=\"Wellbox - LPG\" loading=\"lazy\" \t\tclass=\"so-widget-image\"\/>\n\t<\/div>\n\n<\/div><\/div><\/div><div id=\"pgc-2935-1-3\"  class=\"panel-grid-cell panel-grid-cell-empty\" ><\/div><\/div><\/div><\/div>","protected":false},"excerpt":{"rendered":"<p>SOINS PROFESSIONNELS L\u2019appareil Wellbox\u00ae est un appareil grand public pour un usage domestique. Il ne peut \u00eatre utilis\u00e9 \u00e0 des fins professionnelles. &nbsp; &nbsp; Compl\u00e9mentarit\u00e9 des soins La compl\u00e9mentarit\u00e9 entre les soins en institut, faits par un(e) professionnel(le) de l\u2019esth\u00e9tique et les routines Wellbox\u00ae vous garantira des r\u00e9sultats optimaux et durables. Pour les soins corps, &hellip; <a href=\"https:\/\/www.wellbox.be\/fr\/soins-professionnels\/\" class=\"more-link\">Continuer la lecture<span class=\"screen-reader-text\"> de &laquo;&nbsp;Soins professionnels&nbsp;&raquo;<\/span><\/a><\/p>\n","protected":false},"author":8,"featured_media":0,"parent":0,"menu_order":0,"comment_status":"closed","ping_status":"closed","template":"","meta":[],"acf":[],"_links":{"self":[{"href":"https:\/\/www.wellbox.be\/fr\/wp-json\/wp\/v2\/pages\/2935"}],"collection":[{"href":"https:\/\/www.wellbox.be\/fr\/wp-json\/wp\/v2\/pages"}],"about":[{"href":"https:\/\/www.wellbox.be\/fr\/wp-json\/wp\/v2\/types\/page"}],"author":[{"embeddable":true,"href":"https:\/\/www.wellbox.be\/fr\/wp-json\/wp\/v2\/users\/8"}],"replies":[{"embeddable":true,"href":"https:\/\/www.wellbox.be\/fr\/wp-json\/wp\/v2\/comments?post=2935"}],"version-history":[{"count":33,"href":"https:\/\/www.wellbox.be\/fr\/wp-json\/wp\/v2\/pages\/2935\/revisions"}],"predecessor-version":[{"id":2981,"href":"https:\/\/www.wellbox.be\/fr\/wp-json\/wp\/v2\/pages\/2935\/revisions\/2981"}],"wp:attachment":[{"href":"https:\/\/www.wellbox.be\/fr\/wp-json\/wp\/v2\/media?parent=2935"}],"curies":[{"name":"wp","href":"https:\/\/api.w.org\/{rel}","templated":true}]}}