{"id":32,"date":"2016-05-31T11:01:11","date_gmt":"2016-05-31T10:01:11","guid":{"rendered":"http:\/\/www.wellbox.fr\/?page_id=32"},"modified":"2019-03-14T14:42:37","modified_gmt":"2019-03-14T13:42:37","slug":"contact","status":"publish","type":"page","link":"https:\/\/www.wellbox.be\/fr\/contact\/","title":{"rendered":"Contact"},"content":{"rendered":"<script type=\"text\/javascript\">var gform;gform||(document.addEventListener(\"gform_main_scripts_loaded\",function(){gform.scriptsLoaded=!0}),window.addEventListener(\"DOMContentLoaded\",function(){gform.domLoaded=!0}),gform={domLoaded:!1,scriptsLoaded:!1,initializeOnLoaded:function(o){gform.domLoaded&&gform.scriptsLoaded?o():!gform.domLoaded&&gform.scriptsLoaded?window.addEventListener(\"DOMContentLoaded\",o):document.addEventListener(\"gform_main_scripts_loaded\",o)},hooks:{action:{},filter:{}},addAction:function(o,n,r,t){gform.addHook(\"action\",o,n,r,t)},addFilter:function(o,n,r,t){gform.addHook(\"filter\",o,n,r,t)},doAction:function(o){gform.doHook(\"action\",o,arguments)},applyFilters:function(o){return gform.doHook(\"filter\",o,arguments)},removeAction:function(o,n){gform.removeHook(\"action\",o,n)},removeFilter:function(o,n,r){gform.removeHook(\"filter\",o,n,r)},addHook:function(o,n,r,t,i){null==gform.hooks[o][n]&&(gform.hooks[o][n]=[]);var e=gform.hooks[o][n];null==i&&(i=n+\"_\"+e.length),gform.hooks[o][n].push({tag:i,callable:r,priority:t=null==t?10:t})},doHook:function(n,o,r){var t;if(r=Array.prototype.slice.call(r,1),null!=gform.hooks[n][o]&&((o=gform.hooks[n][o]).sort(function(o,n){return o.priority-n.priority}),o.forEach(function(o){\"function\"!=typeof(t=o.callable)&&(t=window[t]),\"action\"==n?t.apply(null,r):r[0]=t.apply(null,r)})),\"filter\"==n)return r[0]},removeHook:function(o,n,t,i){var r;null!=gform.hooks[o][n]&&(r=(r=gform.hooks[o][n]).filter(function(o,n,r){return!!(null!=i&&i!=o.tag||null!=t&&t!=o.priority)}),gform.hooks[o][n]=r)}});<\/script>\n                <div class='gf_browser_gecko gform_wrapper gform_legacy_markup_wrapper gform-theme--no-framework' data-form-theme='legacy' data-form-index='0' id='gform_wrapper_3' ><form method='post' enctype='multipart\/form-data'  id='gform_3'  action='\/fr\/wp-json\/wp\/v2\/pages\/32' data-formid='3' ><div class='gf_invisible ginput_recaptchav3' data-sitekey='6Lea2-oeAAAAAILD6FZoZ4XAJo2-LdpFLdG_ZByA' data-tabindex='0'><input id=\"input_6946167ef5b0ecdc397749d9beb34818\" class=\"gfield_recaptcha_response\" type=\"hidden\" name=\"input_6946167ef5b0ecdc397749d9beb34818\" value=\"\"\/><\/div>\n                        <div class='gform-body gform_body'><ul id='gform_fields_3' class='gform_fields top_label form_sublabel_below description_below'><li id=\"field_3_12\"  class=\"gfield gfield--type-text gfield_contains_required field_sublabel_below gfield--no-description field_description_below gfield_visibility_visible\"  data-js-reload=\"field_3_12\"><label class='gfield_label gform-field-label' for='input_3_12' >Nom<span class=\"gfield_required\"><span class=\"gfield_required gfield_required_asterisk\">*<\/span><\/span><\/label><div class='ginput_container ginput_container_text'><input name='input_12' id='input_3_12' type='text' value='' class='medium'    placeholder='Nom *' aria-required=\"true\" aria-invalid=\"false\"   \/> <\/div><\/li><li id=\"field_3_13\"  class=\"gfield gfield--type-text gfield_contains_required field_sublabel_below gfield--no-description field_description_below gfield_visibility_visible\"  data-js-reload=\"field_3_13\"><label class='gfield_label gform-field-label' for='input_3_13' >Pr\u00e9nom<span class=\"gfield_required\"><span class=\"gfield_required gfield_required_asterisk\">*<\/span><\/span><\/label><div class='ginput_container ginput_container_text'><input name='input_13' id='input_3_13' type='text' value='' class='medium'    placeholder='Pr\u00e9nom *' aria-required=\"true\" aria-invalid=\"false\"   \/> <\/div><\/li><li id=\"field_3_3\"  class=\"gfield gfield--type-email gfield_contains_required field_sublabel_below gfield--no-description field_description_below gfield_visibility_visible\"  data-js-reload=\"field_3_3\"><label class='gfield_label gform-field-label' for='input_3_3' >E-mail<span class=\"gfield_required\"><span class=\"gfield_required gfield_required_asterisk\">*<\/span><\/span><\/label><div class='ginput_container ginput_container_email'>\n                            <input name='input_3' id='input_3_3' type='text' value='' class='medium'   placeholder='E-mail *' aria-required=\"true\" aria-invalid=\"false\"  \/>\n                        <\/div><\/li><li id=\"field_3_17\"  class=\"gfield gfield--type-text gfield_contains_required field_sublabel_below gfield--no-description field_description_below gfield_visibility_visible\"  data-js-reload=\"field_3_17\"><label class='gfield_label gform-field-label' for='input_3_17' >Confirmer Votre Email<span class=\"gfield_required\"><span class=\"gfield_required gfield_required_asterisk\">*<\/span><\/span><\/label><div class='ginput_container ginput_container_text'><input name='input_17' id='input_3_17' type='text' value='' class='medium'    placeholder='Confirmer Votre Email *' aria-required=\"true\" aria-invalid=\"false\"   \/> <\/div><\/li><li id=\"field_3_7\"  class=\"gfield gfield--type-text field_sublabel_below gfield--no-description field_description_below gfield_visibility_visible\"  data-js-reload=\"field_3_7\"><label class='gfield_label gform-field-label' for='input_3_7' >Code Postal<\/label><div class='ginput_container ginput_container_text'><input name='input_7' id='input_3_7' type='text' value='' class='medium'    placeholder='Code Postal'  aria-invalid=\"false\"   \/> <\/div><\/li><li id=\"field_3_15\"  class=\"gfield gfield--type-text field_sublabel_below gfield--no-description field_description_below gfield_visibility_visible\"  data-js-reload=\"field_3_15\"><label class='gfield_label gform-field-label' for='input_3_15' >Ville<\/label><div class='ginput_container ginput_container_text'><input name='input_15' id='input_3_15' type='text' value='' class='medium'    placeholder='Ville'  aria-invalid=\"false\"   \/> <\/div><\/li><li id=\"field_3_5\"  class=\"gfield gfield--type-phone gfield_contains_required field_sublabel_below gfield--no-description field_description_below gfield_visibility_visible\"  data-js-reload=\"field_3_5\"><label class='gfield_label gform-field-label' for='input_3_5' >T\u00e9l\u00e9phone<span class=\"gfield_required\"><span class=\"gfield_required gfield_required_asterisk\">*<\/span><\/span><\/label><div class='ginput_container ginput_container_phone'><input name='input_5' id='input_3_5' type='text' value='' class='medium'  placeholder='T\u00e9l\u00e9phone *' aria-required=\"true\" aria-invalid=\"false\"   \/><\/div><\/li><li id=\"field_3_4\"  class=\"gfield gfield--type-select gfield_contains_required field_sublabel_below gfield--no-description field_description_below gfield_visibility_visible\"  data-js-reload=\"field_3_4\"><label class='gfield_label gform-field-label' for='input_3_4' >Pays<span class=\"gfield_required\"><span class=\"gfield_required gfield_required_asterisk\">*<\/span><\/span><\/label><div class='ginput_container ginput_container_select'><select name='input_4' id='input_3_4' class='medium gfield_select'    aria-required=\"true\" aria-invalid=\"false\" ><option value='' selected='selected' class='gf_placeholder'>Pays *<\/option><option value='Belgique' >Belgique<\/option><option value='Luxembourg' >Luxembourg<\/option><option value='Pays-Bas' >Pays-Bas<\/option><\/select><\/div><\/li><li id=\"field_3_8\"  class=\"gfield gfield--type-select gfield_contains_required field_sublabel_below gfield--no-description field_description_below gfield_visibility_visible\"  data-js-reload=\"field_3_8\"><label class='gfield_label gform-field-label' for='input_3_8' >Sujet<span class=\"gfield_required\"><span class=\"gfield_required gfield_required_asterisk\">*<\/span><\/span><\/label><div class='ginput_container ginput_container_select'><select name='input_8' id='input_3_8' class='medium gfield_select'    aria-required=\"true\" aria-invalid=\"false\" ><option value=''  class='gf_placeholder'>Sujet *<\/option><option value='Garantie Meilleur Prix' >Garantie Meilleur Prix<\/option><option value='Information produit' >Information produit<\/option><option value='Service Apr\u00e8s Vente' >Service Apr\u00e8s Vente<\/option><option value='Autre' >Autre<\/option><\/select><\/div><\/li><li id=\"field_3_9\"  class=\"gfield gfield--type-fileupload field_sublabel_below gfield--no-description field_description_below gfield_visibility_visible\"  data-js-reload=\"field_3_9\"><label class='gfield_label gform-field-label' for='input_3_9' >Pi\u00e8ce Jointe<\/label><div class='ginput_container ginput_container_fileupload'><input type='hidden' name='MAX_FILE_SIZE' value='1536000' \/><input name='input_9' id='input_3_9' type='file' class='medium' aria-describedby=\"gfield_upload_rules_3_9\" onchange='javascript:gformValidateFileSize( this, 1536000 );'  \/><span class='gfield_description gform_fileupload_rules' id='gfield_upload_rules_3_9'>Taille max. des fichiers\u00a0: 1 MB.<\/span><div class='gfield_description validation_message gfield_validation_message validation_message--hidden-on-empty' id='live_validation_message_3_9'><\/div><\/div><\/li><li id=\"field_3_10\"  class=\"gfield gfield--type-textarea gfield_contains_required field_sublabel_below gfield--no-description field_description_below gfield_visibility_visible\"  data-js-reload=\"field_3_10\"><label class='gfield_label gform-field-label' for='input_3_10' >Message<span class=\"gfield_required\"><span class=\"gfield_required gfield_required_asterisk\">*<\/span><\/span><\/label><div class='ginput_container ginput_container_textarea'><textarea name='input_10' id='input_3_10' class='textarea medium'    placeholder='Message *' aria-required=\"true\" aria-invalid=\"false\"   rows='10' cols='50'><\/textarea><\/div><\/li><li id=\"field_3_18\"  class=\"gfield gfield--type-html gfield_html gfield_html_formatted gfield_no_follows_desc field_sublabel_below gfield--no-description field_description_below gfield_visibility_visible\"  data-js-reload=\"field_3_18\"><div style=\"font-size: 10px;\">\n* Champs obligatoires\n<br \/>\nVous acceptez que les informations \u00e0 caract\u00e8re personnel vous concernant, recueillies par la soci\u00e9t\u00e9 LPG SYSTEMS par le biais du pr\u00e9sent formulaire, fassent l\u2019objet d\u2019un traitement par des moyens automatis\u00e9s ou non automatis\u00e9s (si ces donn\u00e9es \u00e0 caract\u00e8re personnel sont contenues ou appel\u00e9es \u00e0 figurer dans un fichier) pour effectuer des op\u00e9rations relatives \u00e0 la gestion des prospects et\/ou clients, \u00e0 la prospection et \u00e0 la gestion des avis sur ses produits, services ou contenus.\n\nVous pouvez revenir sur votre accord et retirer votre consentement \u00e0 tout moment.\n\nLes informations \u00e0 caract\u00e8re personnel vous concernant sont destin\u00e9es \u00e0 la soci\u00e9t\u00e9 LPG SYSTEMS, qui est le responsable du traitement, \u00e0 sa filiale LPG BENELUX et \u00e0 ses sous-traitants au sens de l\u2019article 28 du R\u00e8glement europ\u00e9en sur la protection des donn\u00e9es (RGPD) respectivement soumis aux dispositions nationales et europ\u00e9ennes relatives \u00e0 la protection des donn\u00e9es \u00e0 caract\u00e8re personnel. \n\nCes donn\u00e9es seront conserv\u00e9es pendant toute la dur\u00e9e n\u00e9cessaire aux op\u00e9rations aux fins desquelles elles ont \u00e9t\u00e9 collect\u00e9es. Ainsi, les donn\u00e9es relatives aux clients sont conserv\u00e9es pendant la dur\u00e9e des relations contractuelles, augment\u00e9e de 3 ans \u00e0 compter de la fin des relations contractuelles, \u00e0 des fins d\u2019animation et de prospection, sans pr\u00e9judice des obligations de conservation ou des d\u00e9lais de prescription. Les donn\u00e9es relatives aux prospects sont conserv\u00e9es pendant une dur\u00e9e de 3 ans \u00e0 compter du dernier contact entrant.\n\nEn soumettant ce formulaire, vous d\u00e9clarez avoir b\u00e9n\u00e9fici\u00e9 d\u2019une information compl\u00e8te en langage clair concernant l\u2019usage fait par LPG SYSTEMS et\/ou LPG BENELUX des donn\u00e9es que vous avez mis \u00e0 sa disposition.\n\nConform\u00e9ment aux dispositions de la loi du 8 d\u00e9cembre 1992 relative \u00e0 la protection de la vie priv\u00e9e \u00e0 l\u2019\u00e9gard des traitements de donn\u00e9es \u00e0 caract\u00e8re personnel en vigueur et du R\u00e8glement europ\u00e9en sur la protection des donn\u00e9es (RGPD), vous b\u00e9n\u00e9ficiez d\u2019un droit d\u2019opposition, de limitation, d\u2019acc\u00e8s, de rectification, de portabilit\u00e9, d\u2019effacement des donn\u00e9es vous concernant. \nVous pouvez \u00e9galement faire conna\u00eetre vos instructions concernant la mani\u00e8re dont vous entendez que soient exerc\u00e9s vos droits apr\u00e8s votre d\u00e9c\u00e8s.\n\nDe m\u00eame, vous disposez d\u2019un droit \u00e0 vous inscrire sur une liste d\u2019opposition au d\u00e9marchage t\u00e9l\u00e9phonique.\n\nPour exercer vos droits, vous pouvez effectuer une demande \u00e0 l\u2019adresse \u00e9lectronique dataprivacy@lpgsystems.com ou \u00e0 l\u2019adresse postale : LPG BENELUX\u2013 Service Client Wellbox, Humaniteitslaan 235 \u2013 1620 DROGENBOS, Belgique.\n\nConform\u00e9ment \u00e0 la r\u00e9glementation en vigueur, toute demande doit \u00eatre sign\u00e9e et accompagn\u00e9e de la photocopie d\u2019un titre d\u2019identit\u00e9 valide et pr\u00e9ciser l\u2019adresse \u00e0 laquelle la soci\u00e9t\u00e9 responsable du traitement doit r\u00e9pondre. Une r\u00e9ponse vous sera alors adress\u00e9e dans un d\u00e9lai maximum un (1) mois suivant la r\u00e9ception de votre demande.\nVous avez \u00e9galement la possibilit\u00e9 d\u2019introduire une r\u00e9clamation aupr\u00e8s d\u2019une autorit\u00e9 de contr\u00f4le. \n\nPour toutes informations suppl\u00e9mentaires relatives au traitement de vos donn\u00e9es, merci de consulter les <a href=\"https:\/\/www.wellbox.be\/fr\/mentions-legales\/\" target=\"_blank\" rel=\"noopener\"><u>Conditions G\u00e9n\u00e9rales d\u2019Utilisation<\/u><\/a> du pr\u00e9sent site et\/ou notre <a href=\"https:\/\/www.wellbox.be\/fr\/politique-de-protection-des-donnees\/\" target=\"_blank\" rel=\"noopener\"><u>Politique de protection des donn\u00e9es<\/u><\/a>.\n\n\n<\/li><li id=\"field_3_19\"  class=\"gfield gfield--type-checkbox gfield--type-choice gfield_contains_required field_sublabel_below gfield--no-description field_description_below gfield_visibility_visible\"  data-js-reload=\"field_3_19\"><label class='gfield_label gform-field-label gfield_label_before_complex'  >Protection des donn\u00e9es<span class=\"gfield_required\"><span class=\"gfield_required gfield_required_asterisk\">*<\/span><\/span><\/label><div class='ginput_container ginput_container_checkbox'><ul class='gfield_checkbox' id='input_3_19'><li class='gchoice gchoice_3_19_1'>\n\t\t\t\t\t\t\t\t<input class='gfield-choice-input' name='input_19.1' type='checkbox'  value='Je reconnais avoir re\u00e7u toutes les informations n\u00e9cessaires pour comprendre la\/les finalit\u00e9s du traitement de mes donn\u00e9es personnelles par LPG SYSTEMS et les droits dont je b\u00e9n\u00e9ficie \u00e0 cet \u00e9gard, et je consens \u00e0 la collecte, l&#039;exploitation et\/ou la conservation de mes donn\u00e9es par LPG SYSTEMS*'  id='choice_3_19_1'   \/>\n\t\t\t\t\t\t\t\t<label for='choice_3_19_1' id='label_3_19_1' class='gform-field-label gform-field-label--type-inline'>Je reconnais avoir re\u00e7u toutes les informations n\u00e9cessaires pour comprendre la\/les finalit\u00e9s du traitement de mes donn\u00e9es personnelles par LPG SYSTEMS et les droits dont je b\u00e9n\u00e9ficie \u00e0 cet \u00e9gard, et je consens \u00e0 la collecte, l'exploitation et\/ou la conservation de mes donn\u00e9es par LPG SYSTEMS*<\/label>\n\t\t\t\t\t\t\t<\/li><\/ul><\/div><\/li><\/ul><\/div>\n        <div class='gform_footer top_label'> <input type='submit' id='gform_submit_button_3' class='gform_button button' value='Envoyer'  onclick='if(window[\"gf_submitting_3\"]){return false;}  window[\"gf_submitting_3\"]=true;  ' onkeypress='if( event.keyCode == 13 ){ if(window[\"gf_submitting_3\"]){return false;} window[\"gf_submitting_3\"]=true;  jQuery(\"#gform_3\").trigger(\"submit\",[true]); }' \/> \n            <input type='hidden' class='gform_hidden' name='is_submit_3' value='1' \/>\n            <input type='hidden' class='gform_hidden' name='gform_submit' value='3' \/>\n            \n            <input type='hidden' class='gform_hidden' name='gform_unique_id' value='' \/>\n            <input type='hidden' class='gform_hidden' name='state_3' value='WyJbXSIsIjg0M2IyNWUzZDU4NDhhMDAwMzFlNTZkYTA2N2YxYjA0Il0=' \/>\n            <input type='hidden' class='gform_hidden' name='gform_target_page_number_3' id='gform_target_page_number_3' value='0' \/>\n            <input type='hidden' class='gform_hidden' name='gform_source_page_number_3' id='gform_source_page_number_3' value='1' \/>\n            <input type='hidden' name='gform_field_values' value='' \/>\n            \n        <\/div>\n                        <p style=\"display: none !important;\"><label>&#916;<textarea name=\"ak_hp_textarea\" cols=\"45\" rows=\"8\" maxlength=\"100\"><\/textarea><\/label><input type=\"hidden\" id=\"ak_js_1\" name=\"ak_js\" value=\"23\"\/><script>document.getElementById( \"ak_js_1\" ).setAttribute( \"value\", ( new Date() ).getTime() );<\/script><\/p><\/form>\n                        <\/div><script type=\"text\/javascript\">\ngform.initializeOnLoaded( function() {gformInitSpinner( 3, 'https:\/\/www.wellbox.be\/fr\/wp-content\/plugins\/gravityforms\/images\/spinner.svg', true );jQuery('#gform_ajax_frame_3').on('load',function(){var contents = jQuery(this).contents().find('*').html();var is_postback = contents.indexOf('GF_AJAX_POSTBACK') >= 0;if(!is_postback){return;}var form_content = jQuery(this).contents().find('#gform_wrapper_3');var is_confirmation = jQuery(this).contents().find('#gform_confirmation_wrapper_3').length > 0;var is_redirect = contents.indexOf('gformRedirect(){') >= 0;var is_form = form_content.length > 0 && ! is_redirect && ! is_confirmation;var mt = parseInt(jQuery('html').css('margin-top'), 10) + parseInt(jQuery('body').css('margin-top'), 10) + 100;if(is_form){jQuery('#gform_wrapper_3').html(form_content.html());if(form_content.hasClass('gform_validation_error')){jQuery('#gform_wrapper_3').addClass('gform_validation_error');} else {jQuery('#gform_wrapper_3').removeClass('gform_validation_error');}setTimeout( function() { \/* delay the scroll by 50 milliseconds to fix a bug in chrome *\/  }, 50 );if(window['gformInitDatepicker']) {gformInitDatepicker();}if(window['gformInitPriceFields']) {gformInitPriceFields();}var current_page = jQuery('#gform_source_page_number_3').val();gformInitSpinner( 3, 'https:\/\/www.wellbox.be\/fr\/wp-content\/plugins\/gravityforms\/images\/spinner.svg', true );jQuery(document).trigger('gform_page_loaded', [3, current_page]);window['gf_submitting_3'] = false;}else if(!is_redirect){var confirmation_content = jQuery(this).contents().find('.GF_AJAX_POSTBACK').html();if(!confirmation_content){confirmation_content = contents;}setTimeout(function(){jQuery('#gform_wrapper_3').replaceWith(confirmation_content);jQuery(document).trigger('gform_confirmation_loaded', [3]);window['gf_submitting_3'] = false;wp.a11y.speak(jQuery('#gform_confirmation_message_3').text());}, 50);}else{jQuery('#gform_3').append(contents);if(window['gformRedirect']) {gformRedirect();}}jQuery(document).trigger('gform_post_render', [3, current_page]);gform.utils.trigger({ event: 'gform\/postRender', native: false, data: { formId: 3, currentPage: current_page } });} );} );\n<\/script>\n\n","protected":false},"excerpt":{"rendered":"","protected":false},"author":3,"featured_media":0,"parent":0,"menu_order":0,"comment_status":"closed","ping_status":"closed","template":"tpl-contact.php","meta":[],"acf":[],"_links":{"self":[{"href":"https:\/\/www.wellbox.be\/fr\/wp-json\/wp\/v2\/pages\/32"}],"collection":[{"href":"https:\/\/www.wellbox.be\/fr\/wp-json\/wp\/v2\/pages"}],"about":[{"href":"https:\/\/www.wellbox.be\/fr\/wp-json\/wp\/v2\/types\/page"}],"author":[{"embeddable":true,"href":"https:\/\/www.wellbox.be\/fr\/wp-json\/wp\/v2\/users\/3"}],"replies":[{"embeddable":true,"href":"https:\/\/www.wellbox.be\/fr\/wp-json\/wp\/v2\/comments?post=32"}],"version-history":[{"count":37,"href":"https:\/\/www.wellbox.be\/fr\/wp-json\/wp\/v2\/pages\/32\/revisions"}],"predecessor-version":[{"id":1955,"href":"https:\/\/www.wellbox.be\/fr\/wp-json\/wp\/v2\/pages\/32\/revisions\/1955"}],"wp:attachment":[{"href":"https:\/\/www.wellbox.be\/fr\/wp-json\/wp\/v2\/media?parent=32"}],"curies":[{"name":"wp","href":"https:\/\/api.w.org\/{rel}","templated":true}]}}