{"id":543,"date":"2016-06-20T12:14:51","date_gmt":"2016-06-20T11:14:51","guid":{"rendered":"http:\/\/www.wellbox.fr\/?page_id=543"},"modified":"2017-07-25T15:15:04","modified_gmt":"2017-07-25T13:15:04","slug":"corps","status":"publish","type":"page","link":"https:\/\/www.wellbox.be\/fr\/corps\/","title":{"rendered":"CORPS"},"content":{"rendered":"<div id=\"pl-543\"  class=\"panel-layout\" ><div id=\"pg-543-0\"  class=\"panel-grid panel-has-style\" ><div class=\"panel-row-style panel-row-style-for-543-0\" ><div id=\"pgc-543-0-0\"  class=\"panel-grid-cell\" ><div class=\"first panel-cell-style panel-cell-style-for-543-0-0\" ><div class=\"imgLeft bloc-mes-routines\">\n\t<div class=\"fleche bigger\"><\/div>\n\t<div class=\"inner clearfix\">\n\t\t<div class=\"videoRight\"><iframe class=\"fullvideo\" width=\"446\" height=\"249\" src=\"https:\/\/www.youtube.com\/embed\/v-5INlRWMdI?modestbranding=1&autohide=1&showinfo=0\" frameborder=\"0\" allowfullscreen><\/iframe><\/div>\n\t\t<div class=\"block-text\">\t\t\t\n\t\t\t<div class=\"textwidget\">\n\t\t\t\t<div class=\"inner\">\n\t\t\t\t<div class=\"eds-animate edsanimate-sis-hidden \" data-eds-entry-animation=\"fadeInUp\" data-eds-entry-delay=\"0\" data-eds-entry-duration=\"0.3\" data-eds-entry-timing=\"linear\" data-eds-exit-animation=\"\" data-eds-exit-delay=\"\" data-eds-exit-duration=\"\" data-eds-exit-timing=\"\" data-eds-repeat-count=\"1\" data-eds-keep=\"yes\" data-eds-animate-on=\"scroll\" data-eds-scroll-offset=\"75\">\n\t\t\t\t\n\t\t\t\t<h2 class=\"super-title\">Les B\u00e9n\u00e9fices Corps<\/h2>\n\t\t\t\t<p class=\"chapo\">Les t\u00eates ROLL, sp\u00e9cifiquement d\u00e9velopp\u00e9es pour la minceur du corps et du visage, agissent sur la peau intens\u00e9ment gr\u00e2ce aux mouvements des rouleaux combin\u00e9s \u00e0 une aspiration verticale. \n<\/p>\n\t\t\t\t<a href=\"..\/corps-benefices\/\" class=\"btn btn-default\">EN SAVOIR +<\/a>\t\t\t\t<\/div><\/div>\n\t\t\t<\/div>\n\t\t<\/div>\n\t<\/div>\n<\/div>\n<div id=\"panel-543-0-0-0\" class=\"so-panel widget widget_videoleft videoleft panel-first-child panel-last-child\" data-index=\"0\" ><\/div><\/div><\/div><\/div><\/div><div id=\"pg-543-1\"  class=\"panel-grid panel-has-style\" ><div class=\"panel-row-style panel-row-style-for-543-1\" ><div id=\"pgc-543-1-0\"  class=\"panel-grid-cell\" ><div class=\"corps-routines block-100 imgRight\">\n\t<div class=\"inside\">\n\t\t<div class=\"clearfix\">\n\t\t\t<div class=\"block-text\">\n\t\t\t\t<div class=\"textwidget\">\n\t\t\t\t\t<div class=\"inner\">\n\t\t\t\t\t<div class=\"eds-animate edsanimate-sis-hidden \" data-eds-entry-animation=\"fadeInUp\" data-eds-entry-delay=\"0\" data-eds-entry-duration=\"0.3\" data-eds-entry-timing=\"linear\" data-eds-exit-animation=\"\" data-eds-exit-delay=\"\" data-eds-exit-duration=\"\" data-eds-exit-timing=\"\" data-eds-repeat-count=\"1\" data-eds-keep=\"yes\" data-eds-animate-on=\"scroll\" data-eds-scroll-offset=\"100\">\n\t\t\t\t\t\n\n\t\t\t\t\t<h2 class=\"super-title\"><span class=\"wellboxes\">Mes Routines Wellbox<sup>\u00ae<\/sup> Corps<\/span><\/h2>\t\t                <p class=\"chapo\">A chaque probl\u00e9matique beaut\u00e9, <strong>Wellbox<sup>\u00ae<\/sup><span style=\"color:#cd1e23;\">[S]<\/span><\/strong> apporte une r\u00e9ponse naturelle, rapide et efficace. \n<br \/><br \/>\nAfin de s\u2019adapter au mieux \u00e0 votre style de vie, les routines Wellbox ont \u00e9t\u00e9 \u00e9labor\u00e9es pour devenir votre nouveau rituel beaut\u00e9, au quotidien.<p>\n\t\t                <a href=\"..\/corps-routines\/\" class=\"btn btn-default\">EN SAVOIR +<\/a>\n<\/div>\n\t\t            <\/div>\n\t\t\t\t<\/div>\n\t\t\t<\/div>\n\t\t\t<div class=\"image-right\">\n\t\t\t\t<img src=\"\/wp-content\/themes\/wellness-child\/images\/slide-corps.png\">\n\t\t\t<\/div>\n\t\t<\/div>\n\t<\/div>\n<\/div>\n<div id=\"panel-543-1-0-0\" class=\"so-panel widget widget_bannerleft bannerleft panel-first-child panel-last-child\" data-index=\"1\" ><\/div><\/div><\/div><\/div><\/div>","protected":false},"excerpt":{"rendered":"<p>Les B\u00e9n\u00e9fices Corps Les t\u00eates ROLL, sp\u00e9cifiquement d\u00e9velopp\u00e9es pour la minceur du corps et du visage, agissent sur la peau intens\u00e9ment gr\u00e2ce aux mouvements des rouleaux combin\u00e9s \u00e0 une aspiration verticale. EN SAVOIR + Mes Routines Wellbox\u00ae Corps A chaque probl\u00e9matique beaut\u00e9, Wellbox\u00ae[S] apporte une r\u00e9ponse naturelle, rapide et efficace. Afin de s\u2019adapter au mieux &hellip; <a href=\"https:\/\/www.wellbox.be\/fr\/corps\/\" class=\"more-link\">Continuer la lecture<span class=\"screen-reader-text\"> de &laquo;&nbsp;CORPS&nbsp;&raquo;<\/span><\/a><\/p>\n","protected":false},"author":3,"featured_media":0,"parent":0,"menu_order":0,"comment_status":"closed","ping_status":"closed","template":"","meta":[],"acf":[],"_links":{"self":[{"href":"https:\/\/www.wellbox.be\/fr\/wp-json\/wp\/v2\/pages\/543"}],"collection":[{"href":"https:\/\/www.wellbox.be\/fr\/wp-json\/wp\/v2\/pages"}],"about":[{"href":"https:\/\/www.wellbox.be\/fr\/wp-json\/wp\/v2\/types\/page"}],"author":[{"embeddable":true,"href":"https:\/\/www.wellbox.be\/fr\/wp-json\/wp\/v2\/users\/3"}],"replies":[{"embeddable":true,"href":"https:\/\/www.wellbox.be\/fr\/wp-json\/wp\/v2\/comments?post=543"}],"version-history":[{"count":29,"href":"https:\/\/www.wellbox.be\/fr\/wp-json\/wp\/v2\/pages\/543\/revisions"}],"predecessor-version":[{"id":1098,"href":"https:\/\/www.wellbox.be\/fr\/wp-json\/wp\/v2\/pages\/543\/revisions\/1098"}],"wp:attachment":[{"href":"https:\/\/www.wellbox.be\/fr\/wp-json\/wp\/v2\/media?parent=543"}],"curies":[{"name":"wp","href":"https:\/\/api.w.org\/{rel}","templated":true}]}}