{"id":554,"date":"2016-06-21T05:20:48","date_gmt":"2016-06-21T04:20:48","guid":{"rendered":"http:\/\/www.wellbox.fr\/?page_id=554"},"modified":"2025-12-19T11:59:03","modified_gmt":"2025-12-19T10:59:03","slug":"corps-benefices","status":"publish","type":"page","link":"https:\/\/www.wellbox.be\/fr\/corps-benefices\/","title":{"rendered":"Corps B\u00e9n\u00e9fices"},"content":{"rendered":"<div id=\"pl-554\"  class=\"panel-layout\" ><div id=\"pg-554-0\"  class=\"panel-grid panel-has-style\" ><div class=\"panel-row-style panel-row-style-for-554-0\" ><div id=\"pgc-554-0-0\"  class=\"panel-grid-cell\" ><div class=\"imgLeft bloc-mes-routines\">\n\t<div class=\"fleche bigger\"><\/div>\n\t<div class=\"inner clearfix\">\n\t\t<div class=\"videoRight\"><iframe class=\"fullvideo\" width=\"446\" height=\"249\" src=\"https:\/\/www.youtube.com\/embed\/v-5INlRWMdI?modestbranding=1&autohide=1&showinfo=0\" frameborder=\"0\" allowfullscreen><\/iframe><\/div>\n\t\t<div class=\"block-text\">\t\t\t\n\t\t\t<div class=\"textwidget\">\n\t\t\t\t<div class=\"inner\">\n\t\t\t\t<div class=\"eds-animate edsanimate-sis-hidden \" data-eds-entry-animation=\"fadeInUp\" data-eds-entry-delay=\"0\" data-eds-entry-duration=\"0.3\" data-eds-entry-timing=\"linear\" data-eds-exit-animation=\"\" data-eds-exit-delay=\"\" data-eds-exit-duration=\"\" data-eds-exit-timing=\"\" data-eds-repeat-count=\"1\" data-eds-keep=\"yes\" data-eds-animate-on=\"scroll\" data-eds-scroll-offset=\"75\">\n\t\t\t\t\n\t\t\t\t<h2 class=\"super-title\">B\u00e9n\u00e9fices corps<\/h2>\n\t\t\t\t<p class=\"chapo\"><p>Les t\u00eates ROLL, sp\u00e9cifiquement d\u00e9velopp\u00e9es pour la minceur du corps et du visage, agissent sur la peau intens\u00e9ment gr\u00e2ce aux mouvements des rouleaux combin\u00e9s \u00e0 une aspiration verticale. <\/p>\n\n<p>Le d\u00e9placement des rouleaux sur la peau, stimule naturellement les adipocytes, cellules qui r\u00e9gulent le stockage des graisses dans notre organisme. Malgr\u00e9 une parfaite hygi\u00e8ne de vie,  leur activit\u00e9 a tendance \u00e0 ralentir, provoquant ainsi exc\u00e8s de volume et cellulite.<\/p>\n<img src=\"..\/wp-content\/themes\/wellness-child\/images\/sps_plus.png\" style=\"display:block;float:left;margin-right:10px;\"\/>\n<p>La technologie SPS+ de la <strong>Wellbox\u00ae<span style=\"color:#cd1e23;\">[S]<\/span><\/strong> , permet une action raffermissante doubl\u00e9e, gr\u00e2ce \u00e0 des battements de clapets 2x plus rapides*.<\/p>\n\n<p class=\"condition\">*par rapport \u00e0 Wellbox<sup>\u00ae<\/sup>Original<\/p><\/p>\n\t\t\t\t\t\t\t\t<\/div><\/div>\n\t\t\t<\/div>\n\t\t<\/div>\n\t<\/div>\n<\/div>\n<div id=\"panel-554-0-0-0\" class=\"so-panel widget widget_videoleft videoleft panel-first-child panel-last-child\" data-index=\"0\" ><\/div><\/div><\/div><\/div><div id=\"pg-554-1\"  class=\"panel-grid panel-has-style\" ><div class=\"panel-row-style panel-row-style-for-554-1\" ><div id=\"pgc-554-1-0\"  class=\"panel-grid-cell\" ><div class=\"block-100 imgRight bloc-benefice basic\">\n\t<div class=\"inside\">\n\t\t<div class=\"block-wrapper clearfix\">\n\t\t\t<div class=\"image-right\">\n\t\t\t\t<img src=\"https:\/\/www.wellbox.be\/fr\/wp-content\/uploads\/sites\/17\/2025\/12\/femme_wellbox_ouverte-debout.png\">\n\t\t\t<\/div>\n\t\t\t<div class=\"block-texte\">\n\t\t\t\t<div class=\"textwidget\">\n\t\t\t\t\t<div class=\"inner\">\n\n\t\t\t\t\t<div class=\"eds-animate edsanimate-sis-hidden \" data-eds-entry-animation=\"fadeInUp\" data-eds-entry-delay=\"0\" data-eds-entry-duration=\"0.3\" data-eds-entry-timing=\"linear\" data-eds-exit-animation=\"\" data-eds-exit-delay=\"\" data-eds-exit-duration=\"\" data-eds-exit-timing=\"\" data-eds-repeat-count=\"1\" data-eds-keep=\"yes\" data-eds-animate-on=\"scroll\" data-eds-scroll-offset=\"100\">\n\t\t\t\t\t\n\n\n\t\t\t\t\t<h2 class=\"super-title\"><span class=\"wellbox\">\u00c0 chaque objectif beaut\u00e9 sa Routine Wellbox<sup>\u00ae<\/sup><span>[S]<\/span><\/span><\/h2>\t\t                <p class=\"chapo\">Wellbox<sup>\u00ae<\/sup>[S] propose plus de 14 nouvelles routines corps enti\u00e8rement \u00e9labor\u00e9es par les experts LPG\u00ae pour faciliter la prise en main et l\u2019utilisation r\u00e9guli\u00e8re de l\u2019appareil... en associant soins cibl\u00e9s et application de cosm\u00e9tiques endermologie\u00ae.<\/p>\n\t\t                <p class=\"chapo_add\">La stimulation d\u00e9livr\u00e9e lors du soin <strong>Wellbox\u00ae<span style=\"color:#cd1e23;\">[S]<\/span><\/strong>\npermet \u00e0 la peau d'\u00eatre plus r\u00e9ceptive aux actifs des cosm\u00e9tiques endermologie<sup>\u00ae<\/sup>.<\/p>\n<!--\t\t                <div class=\"resultat\"><div class=\"picto\">Les r\u00e9sultats<\/div>La silhouette est visiblement affin\u00e9e, les volumes sont redessin\u00e9s et les capitons s\u2019estompent\u00a0!<\/div>-->\n\t\t                <a href=\"..\/corps-routines\/\" class=\"emore\">&gt; d\u00e9couvrez les nouvelles routines<\/a>\n\t\t       <\/div>  <\/div>\n\t\t\t\t<\/div>\n\t\t\t<\/div>\n\t\t<\/div>\n\t<\/div>\n<\/div>\n<div id=\"panel-554-1-0-0\" class=\"so-panel widget widget_bannerleft bannerleft panel-first-child panel-last-child\" data-index=\"1\" ><\/div><\/div><\/div><\/div><div id=\"pg-554-2\"  class=\"panel-grid panel-has-style\" ><div class=\"wellbox_top_banner routine-resultats-slide panel-row-style panel-row-style-for-554-2\" ><div id=\"pgc-554-2-0\"  class=\"panel-grid-cell\" ><ul id=\"corpslidebx\">\n      <li>\n      <div class=\"visuel\">\n        <img src=\"https:\/\/www.wellbox.be\/fr\/wp-content\/uploads\/sites\/17\/2025\/12\/wellbox-cuisse-soin_1.png\" class=\"full-image\" \/>\n      <\/div>\n      <div class=\"slider-text\">\n        <div class=\"inner\">\n        <div class=\"eds-animate edsanimate-sis-hidden \" data-eds-entry-animation=\"fadeInUp\" data-eds-entry-delay=\"0\" data-eds-entry-duration=\"0.3\" data-eds-entry-timing=\"linear\" data-eds-exit-animation=\"\" data-eds-exit-delay=\"\" data-eds-exit-duration=\"\" data-eds-exit-timing=\"\" data-eds-repeat-count=\"1\" data-eds-keep=\"yes\" data-eds-animate-on=\"scroll\" data-eds-scroll-offset=\"100\">\n\n          <h2 class=\"r-title\">WELLBOX<sup>\u00ae<\/sup>[S], DES PROMESSES ET DES R\u00c9SULTATS !<\/h2>\n          <h2 class=\"super-title\">Des capitons liss\u00e9s<\/h2>\n          <p class=\"chapo\">Jusqu'a 20 % de r\u00e9duction des capitons*\n\n<p class=\"condition\">*Etude clinique sur 24 femmes, Laboratoire Dermexpert, Paris\nEtude clinique sur 30 femmes, Centre de Pharmacologie Clinique Appliqu\u00e9e \u00e0 la Dermatologie, Nice.<\/p><\/p>\n        <\/div><\/div>\n      <\/div>\n    <\/li>\n      <li>\n      <div class=\"visuel\">\n        <img src=\"https:\/\/www.wellbox.be\/fr\/wp-content\/uploads\/sites\/17\/2025\/12\/wellbox-soin-ventre.png\" class=\"full-image\" \/>\n      <\/div>\n      <div class=\"slider-text\">\n        <div class=\"inner\">\n          <h2 class=\"r-title\">WELLBOX<sup>\u00ae<\/sup>[S], DES PROMESSES ET DES R\u00c9SULTATS !<\/h2>\n          <h2 class=\"super-title\">Une silhouette redessin\u00e9e<\/h2>\n          <p class=\"chapo\">Jusqu'a 3.5 cm de tour de cuisses en moins*\n\n<p class=\"condition\">*Etude clinique sur 24 femmes, Laboratoire Dermexpert, Paris\nEtude clinique sur 30 femmes, Centre de Pharmacologie Clinique Appliqu\u00e9e \u00e0 la Dermatologie, Nice.<\/p><\/p>\n        <\/div>\n      <\/div>\n    <\/li>\n      <li>\n      <div class=\"visuel\">\n        <img src=\"https:\/\/www.wellbox.be\/fr\/wp-content\/uploads\/sites\/17\/2025\/12\/wellbox-soin-bras.png\" class=\"full-image\" \/>\n      <\/div>\n      <div class=\"slider-text\">\n        <div class=\"inner\">\n          <h2 class=\"r-title\">WELLBOX<sup>\u00ae<\/sup>[S], DES PROMESSES ET DES R\u00c9SULTATS !<\/h2>\n          <h2 class=\"super-title\">Des tissus raffermis<\/h2>\n          <p class=\"chapo\">81 % des femmes trouvent leur peau plus ferme.**\n\n<p class=\"condition\">**\u00c9tude scientifique r\u00e9alis\u00e9e par American Cellulite Task Force Laboratory (Miami, USA) en utilisation personnelle de Wellbox sur une seule cuisse, par 21 femmes \u00e2g\u00e9es de 25 \u00e0 55 ans pendant 10 semaines.\u00a0<\/p><\/p>\n        <\/div>\n      <\/div>\n    <\/li>\n  <\/ul><div id=\"panel-554-2-0-0\" class=\"so-panel widget widget_corpsslider corpsslider panel-first-child panel-last-child\" data-index=\"2\" ><\/div><\/div><\/div><\/div><div id=\"pg-554-3\"  class=\"panel-grid panel-has-style\" ><div class=\"panel-row-style panel-row-style-for-554-3\" ><div id=\"pgc-554-3-0\"  class=\"panel-grid-cell\" ><div class=\"block-100 imgLeft panel-cell-style panel-cell-style-for-554-3-0\" ><div class=\"block-100 imgLeft resultat-corps\">\n\t<div class=\"fleche\"><\/div>\n\t<div class=\"wrapper-inner\">\n\t\t<div class=\"clearfix\">\n\t\t\t<div class=\"block-text\">\n\t\t\t<div class=\"eds-animate edsanimate-sis-hidden \" data-eds-entry-animation=\"fadeInUp\" data-eds-entry-delay=\"0.5\" data-eds-entry-duration=\"0.3\" data-eds-entry-timing=\"linear\" data-eds-exit-animation=\"\" data-eds-exit-delay=\"\" data-eds-exit-duration=\"\" data-eds-exit-timing=\"\" data-eds-repeat-count=\"1\" data-eds-keep=\"yes\" data-eds-animate-on=\"scroll\" data-eds-scroll-offset=\"100\">\n\t\t\t\t<h2 class=\"resultat\"><\/h2>\n\t\t\t\t<h2 class=\"super-title\">Mais aussi...<\/h2>\n\t\t\t\t<div class=\"resultat-pourcent\">\n\t\t            <div class=\"picto\">\n\t\t            \t<svg class=\"svg\"><circle cx=\"50\" cy=\"50\" r=\"45\" stroke=\"#dca8a8\" stroke-width=\"1\" fill=\"none\" \/><path stroke-linecap=\"round\" d=\"M50,5 A45,45 0 1,1 7.202456766718093,36.09423525312735\" style=\"stroke-width: 4;\" stroke=\"#cd1e23\" fill=\"none\"\/><\/svg>\n\t\t\t\t\t\t<div class=\"percent\">88%<\/div>\n\t\t\t\t\t\t<div class=\"bulletext\">des femmes sont conquises **<\/div>\n\t\t\t\t\t<\/div>\n\t\t\t\t\t<div class=\"picto\">\n\t\t\t\t\t\t<svg class=\"svg\"><circle cx=\"50\" cy=\"50\" r=\"45\" stroke=\"#dca8a8\" stroke-width=\"1\" fill=\"none\" \/><path stroke-linecap=\"round\" d=\"M50,5 A45,45 0 1,1 49.717258521549894,5.000888261473833\" style=\"stroke-width: 4;\" stroke=\"#cd1e23\" fill=\"none\"\/><\/svg>\n\t\t\t\t  \t\t<div class=\"percent\">100%<\/div>\n\t\t\t\t  \t\t<div class=\"bulletext\">des femmes trouvent l'utilisation facile **<\/div>\n\t\t\t\t  \t<\/div>\n\t\t\t\t <\/div> <\/div>\n\t\t\t<\/div>\n\t\t\t<div class=\"img-resultats\"><img class=\"full-image\" src=\"https:\/\/www.wellbox.be\/fr\/wp-content\/uploads\/sites\/17\/2025\/12\/Soin-corps-bienfaits-wellbox2.png\"><\/div>\n\t\t\t<div class=\"textwidget\">\n\t\t\t\t<ul class=\"inner\">\n\t\t            <li>Une culotte de cheval r\u00e9duite**<\/li>\n<li>Des formes regalb\u00e9es**<\/li>\n<li>Une taille affin\u00e9e...**<\/li>\t\t        <\/ul>\n\t\t\t<\/div>\n\t\t<\/div>\n\t\t<p class=\"condition\">Sources : *Etude clinique sur 24 femmes, Laboratoire Dermexpert, Paris (Etude clinique sur 30 femmes, Centre de Pharmacologie Clinique Appliqu\u00e9e \u00e0 la Dermatologie, Nice)<br>\n** \u00c9tude de satisfaction men\u00e9e \u00e0 New York par Clinical Research Laboratories (New York, USA) en utilisation personnelle de Wellbox sur une moiti\u00e9 de visage, par 36 femmes \u00e2g\u00e9es de 35 \u00e0 55 ans pendant 4 semaines.<\/p>\n\t<\/div>\n\t\n<\/div>\n<div id=\"panel-554-3-0-0\" class=\"so-panel widget widget_bannerright bannerright panel-first-child panel-last-child\" data-index=\"3\" ><\/div><\/div><\/div><\/div><\/div><\/div>","protected":false},"excerpt":{"rendered":"<p>B\u00e9n\u00e9fices corps Les t\u00eates ROLL, sp\u00e9cifiquement d\u00e9velopp\u00e9es pour la minceur du corps et du visage, agissent sur la peau intens\u00e9ment gr\u00e2ce aux mouvements des rouleaux combin\u00e9s \u00e0 une aspiration verticale. Le d\u00e9placement des rouleaux sur la peau, stimule naturellement les adipocytes, cellules qui r\u00e9gulent le stockage des graisses dans notre organisme. Malgr\u00e9 une parfaite hygi\u00e8ne &hellip; <a href=\"https:\/\/www.wellbox.be\/fr\/corps-benefices\/\" class=\"more-link\">Continuer la lecture<span class=\"screen-reader-text\"> de &laquo;&nbsp;Corps B\u00e9n\u00e9fices&nbsp;&raquo;<\/span><\/a><\/p>\n","protected":false},"author":3,"featured_media":0,"parent":0,"menu_order":0,"comment_status":"closed","ping_status":"closed","template":"","meta":[],"acf":[],"_links":{"self":[{"href":"https:\/\/www.wellbox.be\/fr\/wp-json\/wp\/v2\/pages\/554"}],"collection":[{"href":"https:\/\/www.wellbox.be\/fr\/wp-json\/wp\/v2\/pages"}],"about":[{"href":"https:\/\/www.wellbox.be\/fr\/wp-json\/wp\/v2\/types\/page"}],"author":[{"embeddable":true,"href":"https:\/\/www.wellbox.be\/fr\/wp-json\/wp\/v2\/users\/3"}],"replies":[{"embeddable":true,"href":"https:\/\/www.wellbox.be\/fr\/wp-json\/wp\/v2\/comments?post=554"}],"version-history":[{"count":64,"href":"https:\/\/www.wellbox.be\/fr\/wp-json\/wp\/v2\/pages\/554\/revisions"}],"predecessor-version":[{"id":2898,"href":"https:\/\/www.wellbox.be\/fr\/wp-json\/wp\/v2\/pages\/554\/revisions\/2898"}],"wp:attachment":[{"href":"https:\/\/www.wellbox.be\/fr\/wp-json\/wp\/v2\/media?parent=554"}],"curies":[{"name":"wp","href":"https:\/\/api.w.org\/{rel}","templated":true}]}}