{"id":613,"date":"2016-06-23T08:17:08","date_gmt":"2016-06-23T07:17:08","guid":{"rendered":"http:\/\/www.wellbox.fr\/?page_id=613"},"modified":"2018-08-03T11:07:45","modified_gmt":"2018-08-03T09:07:45","slug":"corps-ventre-plat","status":"publish","type":"page","link":"https:\/\/www.wellbox.be\/fr\/corps\/corps-ventre-plat\/","title":{"rendered":"Corps ventre plat"},"content":{"rendered":"<div id=\"pl-613\"  class=\"panel-layout\" ><div id=\"pg-613-0\"  class=\"panel-grid panel-has-style\" ><div class=\"panel-row-style panel-row-style-for-613-0\" ><div id=\"pgc-613-0-0\"  class=\"panel-grid-cell\" ><div class=\"block-100 center routines-routines corps-ventre-plat\">\n\n\t<div id=\"video\" style=\"height:100%; width:100%;\"><iframe width=\"100%\" height=\"100%\" src=\"https:\/\/www.youtube.com\/embed\/oUKcQm0KZ08?autoplay=0&showinfo=0&controls=1\" frameborder=\"0\" allowfullscreen><\/iframe><\/div>\n\t<div class=\"fleche\"><\/div>\n\t<div class=\"inside\">\n\t\t<div class=\"clearfix\">\n\t\t\t<h2 class=\"super-title\"><span class=\"corps-routines wellbox\">Ma routine ventre plat, pour<br>une silhouette redessin\u00e9e naturellement.<\/span><\/h2>\n\t\t\t<div class=\"block-tex\">\n\t\t\t\t<div class=\"textwidget\">\n\t\t\t\t\t<div class=\"inner\">\n\t\t     \t\t\t<p class=\"lien-video\"><a href=\"#\">Lire la vid\u00e9o<\/a><p>\n\t\t            <\/div>\n\t\t\t\t<\/div>\n\t\t\t<\/div>\n\t\t<\/div>\n\n\t<\/div>\n\t<div class=\"eclat-img\"><img src=\"\/wp-content\/themes\/wellness-child\/images\/corps-routine.png\" width=\"100%\"><\/div>\n<\/div>\n<div id=\"panel-613-0-0-0\" class=\"so-panel widget widget_bannercenter bannercenter panel-first-child panel-last-child\" data-index=\"0\" ><\/div><\/div><\/div><\/div><div id=\"pg-613-1\"  class=\"panel-grid panel-has-style\" ><div class=\"slider-vertical panel-row-style panel-row-style-for-613-1\" ><div id=\"pgc-613-1-0\"  class=\"panel-grid-cell\" ><div class=\"slider-outer\">\n    <div class=\"slider-vertical-container\">\n        <ul id=\"routineslidebx\">\n                         <li>\n                <div class=\"contenu-gauche\">\n                    <div class=\"routine-etape\"><p><\/p><\/div>\n                    <div class=\"slider-text\">\n                        <div class=\"inner\">\n                            <h2 class=\"super-title\">Destockage des graisses et raffermissement de la peau.<\/h2>\n                            <p class=\"chapo\">En deux \u00e9tapes, j\u2019affine et raffermis mon ventre gr\u00e2ce aux t\u00eates ROLL de Wellbox\u00ae[S].<\/p>\n                        <\/div>\n                    <\/div>\n                <\/div>\n                <div class=\"routine-slide-img\">\n                  <img src=\"\/wp-content\/themes\/wellness-child\/images\/corps-ventre-plat\/wellbox-roll3.png\" \/>\n                <\/div>\n             <\/li>\n                                       <li>\n                <div class=\"contenu-gauche\">\n                    <div class=\"routine-etape\"><p><\/p><\/div>\n                    <div class=\"slider-text\">\n                        <div class=\"inner\">\n                            <h2 class=\"super-title\">Application du Gel Lipo-R\u00e9ducteur<\/h2>\n                            <p class=\"chapo\">J\u2019applique ensuite le Gel Lipo-R\u00e9ducteur, son complexe exclusif \u00e0 base de corail marin aide \u00e0 \u00e9liminer efficacement les rondeurs de l\u2019ensemble du corps.<\/p>\n                        <\/div>\n                    <\/div>\n                <\/div>\n                <div class=\"routine-slide-img\">\n                  <img src=\"\/wp-content\/uploads\/2018\/08\/slide-Gel-lipo.png\" \/>\n                <\/div>\n             <\/li>\n                                                            <\/ul>\n    <\/div>\n<\/div><div id=\"panel-613-1-0-0\" class=\"so-panel widget widget_routineslider routineslider panel-first-child panel-last-child\" data-index=\"1\" ><\/div><\/div><\/div><\/div><div id=\"pg-613-2\"  class=\"panel-grid panel-has-style\" ><div class=\"panel-row-style panel-row-style-for-613-2\" ><div id=\"pgc-613-2-0\"  class=\"panel-grid-cell\" ><div class=\"block-100 center routines-decouvrir\">\n\t<div class=\"inside\">\n\t\t<div class=\"clearfix\">\n\t\t\t<div class=\"block-texte\">\n\t\t\t\t<div class=\"textwidget\">\n\t\t\t\t\t<div class=\"inner\">\n\t\t\t\t\t<h2 class=\"super-title\"><span class=\"wellbox\">26 Routines \u00e0 d\u00e9couvrir<\/span><\/h2>\t\t                <p class=\"chapo\">Retrouvez l'ensemble des routines <strong>Wellbox<sup>\u00ae<\/sup><span style=\"color:#cd1e23;\">[S]<\/span><\/strong><p>\n\t\t                <a href=\"https:\/\/estore.wellbox.fr\/guides\/WellboxS-CartedeSoins-Routines-Web.pdf\" class=\"btn btn-default\">D\u00c9COUVRIR<\/a>\n\t\t            <\/div>\n\t\t\t\t<\/div>\n\t\t\t<\/div>\n\t\t<\/div>\n\t<\/div>\n<\/div>\n<div id=\"panel-613-2-0-0\" class=\"so-panel widget widget_bannercenter bannercenter panel-first-child panel-last-child\" data-index=\"2\" ><\/div><\/div><\/div><\/div><div id=\"pg-613-3\"  class=\"panel-grid panel-has-style\" ><div class=\"panel-row-style panel-row-style-for-613-3\" ><div id=\"pgc-613-3-0\"  class=\"panel-grid-cell\" ><div class=\"block-100 imgRight bloc-routine basic fond-gris-degrader\">\n\t<div class=\"fleche\"><\/div>\n\t<div class=\"inside\">\n\t\t<div class=\"block-wrapper clearfix\">\n\t\t\t<div class=\"image-right\">\n\t\t\t\t<img class=\"full-image\" src=\"\/wp-content\/themes\/wellness-child\/images\/corps_benefice.png\" >\n\t\t\t<\/div>\n\t\t\t<div class=\"block-texte\">\n\t\t\t\t<div class=\"textwidget\">\n\t\t\t\t\t<div class=\"inner\">\n\t\t\t\t\t<div class=\"eds-animate edsanimate-sis-hidden \" data-eds-entry-animation=\"fadeInUp\" data-eds-entry-delay=\"0\" data-eds-entry-duration=\"0.3\" data-eds-entry-timing=\"linear\" data-eds-exit-animation=\"\" data-eds-exit-delay=\"\" data-eds-exit-duration=\"\" data-eds-exit-timing=\"\" data-eds-repeat-count=\"1\" data-eds-keep=\"yes\" data-eds-animate-on=\"scroll\" data-eds-scroll-offset=\"100\">\n\n\n\t\t\t\t\t<h2 class=\"super-title\"><span class=\"wellbox\">Les b\u00e9n\u00e9fices corps de<br>la Wellbox<sup>\u00ae<\/sup><span style=\"color:#cd1e23;\">[S]<\/span><\/span><\/h2>\n\t\t\t\t\t<p class=\"chapo\">Les t\u00eates ROLL, sp\u00e9cifiquement d\u00e9velopp\u00e9es pour la minceur du corps et du visage, agissent sur la peau intens\u00e9ment gr\u00e2ce aux mouvements des rouleaux combin\u00e9s \u00e0 une aspiration verticale. <\/p>\n\t\t\t\t\t<a href=\"..\/..\/corps-benefices\/\" class=\"emore\">&gt; D\u00c9COUVREZ LES B\u00c9N\u00c9FICES CORPS<\/a>\n\t\t\t\t\t<\/div><\/div>\n\t\t\t\t<\/div>\n\t\t\t<\/div>\n\t\t<\/div>\n\t<\/div>\n<\/div>\n<div id=\"panel-613-3-0-0\" class=\"so-panel widget widget_bannerleft bannerleft panel-first-child panel-last-child\" data-index=\"3\" ><\/div><\/div><\/div><\/div><div id=\"pg-613-4\"  class=\"panel-grid panel-has-style\" ><div class=\"e-commerce panel-row-style panel-row-style-for-613-4\" ><div id=\"pgc-613-4-0\"  class=\"panel-grid-cell panel-grid-cell-empty\" ><div class=\"block-100 imgLeft panel-cell-style panel-cell-style-for-613-4-0\" ><\/div><\/div><\/div><\/div><\/div>","protected":false},"excerpt":{"rendered":"<p>Ma routine ventre plat, pourune silhouette redessin\u00e9e naturellement. Lire la vid\u00e9o Destockage des graisses et raffermissement de la peau. En deux \u00e9tapes, j\u2019affine et raffermis mon ventre gr\u00e2ce aux t\u00eates ROLL de Wellbox\u00ae[S]. Application du Gel Lipo-R\u00e9ducteur J\u2019applique ensuite le Gel Lipo-R\u00e9ducteur, son complexe exclusif \u00e0 base de corail marin aide \u00e0 \u00e9liminer efficacement les &hellip; <a href=\"https:\/\/www.wellbox.be\/fr\/corps\/corps-ventre-plat\/\" class=\"more-link\">Continuer la lecture<span class=\"screen-reader-text\"> de &laquo;&nbsp;Corps ventre plat&nbsp;&raquo;<\/span><\/a><\/p>\n","protected":false},"author":3,"featured_media":0,"parent":543,"menu_order":0,"comment_status":"closed","ping_status":"closed","template":"","meta":[],"acf":[],"_links":{"self":[{"href":"https:\/\/www.wellbox.be\/fr\/wp-json\/wp\/v2\/pages\/613"}],"collection":[{"href":"https:\/\/www.wellbox.be\/fr\/wp-json\/wp\/v2\/pages"}],"about":[{"href":"https:\/\/www.wellbox.be\/fr\/wp-json\/wp\/v2\/types\/page"}],"author":[{"embeddable":true,"href":"https:\/\/www.wellbox.be\/fr\/wp-json\/wp\/v2\/users\/3"}],"replies":[{"embeddable":true,"href":"https:\/\/www.wellbox.be\/fr\/wp-json\/wp\/v2\/comments?post=613"}],"version-history":[{"count":40,"href":"https:\/\/www.wellbox.be\/fr\/wp-json\/wp\/v2\/pages\/613\/revisions"}],"predecessor-version":[{"id":1914,"href":"https:\/\/www.wellbox.be\/fr\/wp-json\/wp\/v2\/pages\/613\/revisions\/1914"}],"up":[{"embeddable":true,"href":"https:\/\/www.wellbox.be\/fr\/wp-json\/wp\/v2\/pages\/543"}],"wp:attachment":[{"href":"https:\/\/www.wellbox.be\/fr\/wp-json\/wp\/v2\/media?parent=613"}],"curies":[{"name":"wp","href":"https:\/\/api.w.org\/{rel}","templated":true}]}}