{"id":635,"date":"2016-06-23T13:53:16","date_gmt":"2016-06-23T12:53:16","guid":{"rendered":"http:\/\/www.wellbox.fr\/?page_id=635"},"modified":"2025-12-19T11:28:54","modified_gmt":"2025-12-19T10:28:54","slug":"corps-anti-cellulite","status":"publish","type":"page","link":"https:\/\/www.wellbox.be\/fr\/corps\/corps-anti-cellulite\/","title":{"rendered":"Corps anti cellulite"},"content":{"rendered":"<div id=\"pl-635\"  class=\"panel-layout\" ><div id=\"pg-635-0\"  class=\"panel-grid panel-has-style\" ><div class=\"panel-row-style panel-row-style-for-635-0\" ><div id=\"pgc-635-0-0\"  class=\"panel-grid-cell\" ><div class=\"block-100 center routines-routines routine-coup-declat\">\n\n\t<div id=\"video\" style=\"height:100%; width:100%;\"><iframe width=\"100%\" height=\"100%\" src=\"https:\/\/www.youtube.com\/embed\/q0btylgF-2I?autoplay=0&showinfo=0&controls=0\" frameborder=\"0\" allowfullscreen><\/iframe><\/div>\n\t<div class=\"fleche\"><\/div>\n\t<div class=\"inside\">\n\t\t<div class=\"clearfix\">\n\t\t\t<h2 class=\"super-title\"><span class=\"corps-routines wellbox\">Mon secret anti-cellulite ?<br>6 minutes de Wellbox<sup>\u00ae<\/sup><span style=\"color:#cd1e23;\">[S]<\/span> par jour.<\/span><\/h2>\n\t\t\t<div class=\"block-tex\">\n\t\t\t\t<div class=\"textwidget\">\n\t\t\t\t\t<div class=\"inner\">\n\t\t                <p class=\"lien-video\"><a href=\"#\">Lire la vid\u00e9o<\/a><p>\n\t\t            <\/div>\n\t\t\t\t<\/div>\n\t\t\t<\/div>\n\t\t<\/div>\n\n\t<\/div>\n\t<div class=\"eclat-img\"><img src=\"\/wp-content\/themes\/wellness-child\/images\/corps-routine2.png\" width=\"100%\"><\/div>\n<\/div>\n<div id=\"panel-635-0-0-0\" class=\"so-panel widget widget_bannercenter bannercenter panel-first-child panel-last-child\" data-index=\"0\" ><\/div><\/div><\/div><\/div><div id=\"pg-635-1\"  class=\"panel-grid panel-has-style\" ><div class=\"slider-vertical panel-row-style panel-row-style-for-635-1\" ><div id=\"pgc-635-1-0\"  class=\"panel-grid-cell\" ><div class=\"slider-outer\">\n    <div class=\"slider-vertical-container\">\n        <ul id=\"routineslidebx\">\n                         <li>\n                <div class=\"contenu-gauche\">\n                    <div class=\"routine-etape\"><p>Etape 1<\/p><\/div>\n                    <div class=\"slider-text\">\n                        <div class=\"inner\">\n                            <h2 class=\"super-title\">Eliminer l'aspect de la Cellulite<\/h2>\n                            <p class=\"chapo\">En deux \u00e9tapes, je lisse les capitons de l'avant et de l'arri\u00e8re de mes cuisses sans douleur gr\u00e2ce \u00e0 <strong>Wellbox<sup>\u00ae<\/sup><span style=\"color:#cd1e23;\">[S]<\/span><\/strong>.<\/p>\n                        <\/div>\n                    <\/div>\n                <\/div>\n                <div class=\"routine-slide-img\">\n                  <img src=\"\/wp-content\/themes\/wellness-child\/images\/wellbox-roll3.png\" \/>\n                <\/div>\n             <\/li>\n                                       <li>\n                <div class=\"contenu-gauche\">\n                    <div class=\"routine-etape\"><p>Etape 2<\/p><\/div>\n                    <div class=\"slider-text\">\n                        <div class=\"inner\">\n                            <h2 class=\"super-title\">Application du Complexe Anti-Capitons<\/h2>\n                            <p class=\"chapo\">J'applique ensuite le Complexe Anti-Capitons, ce soin d'attaque d\u00e9stocke et lisse l'aspect de la cellulite adipeuse.<\/p>\n                        <\/div>\n                    <\/div>\n                <\/div>\n                <div class=\"routine-slide-img\">\n                  <img src=\"https:\/\/www.wellbox.be\/fr\/wp-content\/uploads\/sites\/17\/2025\/12\/slide-AntiCellulite-capitons-wellbox.png\" \/>\n                <\/div>\n             <\/li>\n                                                            <\/ul>\n    <\/div>\n<\/div><div id=\"panel-635-1-0-0\" class=\"so-panel widget widget_routineslider routineslider panel-first-child panel-last-child\" data-index=\"1\" ><\/div><\/div><\/div><\/div><div id=\"pg-635-2\"  class=\"panel-grid panel-has-style\" ><div class=\"panel-row-style panel-row-style-for-635-2\" ><div id=\"pgc-635-2-0\"  class=\"panel-grid-cell\" ><div class=\"block-100 center routines-decouvrir\">\n\t<div class=\"inside\">\n\t\t<div class=\"clearfix\">\n\t\t\t<div class=\"block-texte\">\n\t\t\t\t<div class=\"textwidget\">\n\t\t\t\t\t<div class=\"inner\">\n\t\t\t\t\t<h2 class=\"super-title\"><span class=\"wellbox\">LPG<sup>\u00ae<\/sup>, la r\u00e9f\u00e9rence minceur & anti-\u00e2ge<\/span><\/h2>\t\t                <p class=\"chapo\">Apportez \u00e0 votre peau la solution qu\u2019elle attend en seulement 6 minutes par jour.<p>\n\t\t                <a href=\"https:\/\/estore.wellbox.be\/be\/wellbox-2\" class=\"btn btn-default\">D\u00c9COUVRIR<\/a>\n\t\t            <\/div>\n\t\t\t\t<\/div>\n\t\t\t<\/div>\n\t\t<\/div>\n\t<\/div>\n<\/div>\n<div id=\"panel-635-2-0-0\" class=\"so-panel widget widget_bannercenter bannercenter panel-first-child panel-last-child\" data-index=\"2\" ><\/div><\/div><\/div><\/div><div id=\"pg-635-3\"  class=\"panel-grid panel-has-style\" ><div class=\"panel-row-style panel-row-style-for-635-3\" ><div id=\"pgc-635-3-0\"  class=\"panel-grid-cell\" ><div class=\"block-100 imgRight bloc-routine basic fond-gris-degrader\">\n\t<div class=\"fleche\"><\/div>\n\t<div class=\"inside\">\n\t\t<div class=\"block-wrapper clearfix\">\n\t\t\t<div class=\"image-right\">\n\t\t\t\t<img class=\"full-image\" src=\"https:\/\/www.wellbox.be\/fr\/wp-content\/uploads\/sites\/17\/2025\/12\/wellbox-cuisse-soin_1.png\" >\n\t\t\t<\/div>\n\t\t\t<div class=\"block-texte\">\n\t\t\t\t<div class=\"textwidget\">\n\t\t\t\t\t<div class=\"inner\">\n\t\t\t\t\t<div class=\"eds-animate edsanimate-sis-hidden \" data-eds-entry-animation=\"fadeInUp\" data-eds-entry-delay=\"0\" data-eds-entry-duration=\"0.3\" data-eds-entry-timing=\"linear\" data-eds-exit-animation=\"\" data-eds-exit-delay=\"\" data-eds-exit-duration=\"\" data-eds-exit-timing=\"\" data-eds-repeat-count=\"1\" data-eds-keep=\"yes\" data-eds-animate-on=\"scroll\" data-eds-scroll-offset=\"100\">\n\n\n\t\t\t\t\t<h2 class=\"super-title\"><span class=\"wellbox\">Les b\u00e9n\u00e9fices corps de<br>la Wellbox<sup>\u00ae<\/sup><span style=\"color:#cd1e23;\">[S]<\/span><\/span><\/h2>\n\t\t\t\t\t<p class=\"chapo\">Les t\u00eates ROLL, sp\u00e9cifiquement, d\u00e9velop\u00e9es pour la minceur du corps et du visage, agissent sur la peau\nintens\u00e9ment grace aux mouvements des rouleaux combin\u00e9s a une aspiration verticale.<\/p>\n\t\t\t\t\t<a href=\"..\/..\/corps-benefices\/\" class=\"emore\">&gt; D\u00c9COUVREZ LES B\u00c9N\u00c9FICES CORPS<\/a>\n\t\t\t\t\t<\/div><\/div>\n\t\t\t\t<\/div>\n\t\t\t<\/div>\n\t\t<\/div>\n\t<\/div>\n<\/div>\n<div id=\"panel-635-3-0-0\" class=\"so-panel widget widget_bannerleft bannerleft panel-first-child panel-last-child\" data-index=\"3\" ><\/div><\/div><\/div><\/div><div id=\"pg-635-4\"  class=\"panel-grid panel-has-style\" ><div class=\"e-commerce panel-row-style panel-row-style-for-635-4\" ><div id=\"pgc-635-4-0\"  class=\"panel-grid-cell panel-grid-cell-empty\" ><div class=\"block-100 imgLeft panel-cell-style panel-cell-style-for-635-4-0\" ><\/div><\/div><\/div><\/div><\/div>","protected":false},"excerpt":{"rendered":"<p>Mon secret anti-cellulite ?6 minutes de Wellbox\u00ae[S] par jour. Lire la vid\u00e9o Etape 1 Eliminer l&rsquo;aspect de la Cellulite En deux \u00e9tapes, je lisse les capitons de l&rsquo;avant et de l&rsquo;arri\u00e8re de mes cuisses sans douleur gr\u00e2ce \u00e0 Wellbox\u00ae[S]. Etape 2 Application du Complexe Anti-Capitons J&rsquo;applique ensuite le Complexe Anti-Capitons, ce soin d&rsquo;attaque d\u00e9stocke et &hellip; <a href=\"https:\/\/www.wellbox.be\/fr\/corps\/corps-anti-cellulite\/\" class=\"more-link\">Continuer la lecture<span class=\"screen-reader-text\"> de &laquo;&nbsp;Corps anti cellulite&nbsp;&raquo;<\/span><\/a><\/p>\n","protected":false},"author":3,"featured_media":0,"parent":543,"menu_order":0,"comment_status":"closed","ping_status":"closed","template":"","meta":[],"acf":[],"_links":{"self":[{"href":"https:\/\/www.wellbox.be\/fr\/wp-json\/wp\/v2\/pages\/635"}],"collection":[{"href":"https:\/\/www.wellbox.be\/fr\/wp-json\/wp\/v2\/pages"}],"about":[{"href":"https:\/\/www.wellbox.be\/fr\/wp-json\/wp\/v2\/types\/page"}],"author":[{"embeddable":true,"href":"https:\/\/www.wellbox.be\/fr\/wp-json\/wp\/v2\/users\/3"}],"replies":[{"embeddable":true,"href":"https:\/\/www.wellbox.be\/fr\/wp-json\/wp\/v2\/comments?post=635"}],"version-history":[{"count":41,"href":"https:\/\/www.wellbox.be\/fr\/wp-json\/wp\/v2\/pages\/635\/revisions"}],"predecessor-version":[{"id":2889,"href":"https:\/\/www.wellbox.be\/fr\/wp-json\/wp\/v2\/pages\/635\/revisions\/2889"}],"up":[{"embeddable":true,"href":"https:\/\/www.wellbox.be\/fr\/wp-json\/wp\/v2\/pages\/543"}],"wp:attachment":[{"href":"https:\/\/www.wellbox.be\/fr\/wp-json\/wp\/v2\/media?parent=635"}],"curies":[{"name":"wp","href":"https:\/\/api.w.org\/{rel}","templated":true}]}}