{"id":646,"date":"2016-06-24T12:14:30","date_gmt":"2016-06-24T11:14:30","guid":{"rendered":"http:\/\/www.wellbox.fr\/?page_id=646"},"modified":"2025-12-15T17:47:54","modified_gmt":"2025-12-15T16:47:54","slug":"visage","status":"publish","type":"page","link":"https:\/\/www.wellbox.be\/fr\/visage\/","title":{"rendered":"Visage"},"content":{"rendered":"<div id=\"pl-646\"  class=\"panel-layout\" ><div id=\"pg-646-0\"  class=\"panel-grid panel-has-style\" ><div class=\"panel-row-style panel-row-style-for-646-0\" ><div id=\"pgc-646-0-0\"  class=\"panel-grid-cell\" ><div class=\"imgLeft bloc-mes-routines\">\n\t<div class=\"fleche bigger\"><\/div>\n\t<div class=\"inner clearfix\">\n\t\t<div class=\"videoRight\"><iframe class=\"fullvideo\" width=\"446\" height=\"249\" src=\"https:\/\/www.youtube.com\/embed\/wclrxaRfQ8g?modestbranding=1&autohide=1&showinfo=0\" frameborder=\"0\" allowfullscreen><\/iframe><\/div>\n\t\t<div class=\"block-text\">\t\t\t\n\t\t\t<div class=\"textwidget\">\n\t\t\t\t<div class=\"inner\">\n\t\t\t\t<div class=\"eds-animate edsanimate-sis-hidden \" data-eds-entry-animation=\"fadeInUp\" data-eds-entry-delay=\"0\" data-eds-entry-duration=\"0.3\" data-eds-entry-timing=\"linear\" data-eds-exit-animation=\"\" data-eds-exit-delay=\"\" data-eds-exit-duration=\"\" data-eds-exit-timing=\"\" data-eds-repeat-count=\"1\" data-eds-keep=\"yes\" data-eds-animate-on=\"scroll\" data-eds-scroll-offset=\"75\">\n\t\t\t\t\n\t\t\t\t<h2 class=\"super-title\">Les b\u00e9n\u00e9fices visage<\/h2>\n\t\t\t\t<p class=\"chapo\">Les t\u00eates LIFT, sp\u00e9cifiquement d\u00e9velopp\u00e9es pour le visage, agissent sur la peau intens\u00e9ment gr\u00e2ce \u00e0 des battements de clapets combin\u00e9s \u00e0 une aspiration verticale.<\/p>\n\t\t\t\t<a href=\"..\/visage-benefices\/\" class=\"btn btn-default\">EN SAVOIR +<\/a>\t\t\t\t<\/div><\/div>\n\t\t\t<\/div>\n\t\t<\/div>\n\t<\/div>\n<\/div>\n<div id=\"panel-646-0-0-0\" class=\"so-panel widget widget_videoleft videoleft panel-first-child panel-last-child\" data-index=\"0\" ><\/div><\/div><\/div><\/div><div id=\"pg-646-1\"  class=\"panel-grid panel-has-style\" ><div class=\"panel-row-style panel-row-style-for-646-1\" ><div id=\"pgc-646-1-0\"  class=\"panel-grid-cell\" ><div class=\"corps-routines block-100 imgRight\">\n\t<div class=\"inside\">\n\t\t<div class=\"clearfix\">\n\t\t\t<div class=\"block-text\">\n\t\t\t\t<div class=\"textwidget\">\n\t\t\t\t\t<div class=\"inner\">\n\t\t\t\t\t<div class=\"eds-animate edsanimate-sis-hidden \" data-eds-entry-animation=\"fadeInUp\" data-eds-entry-delay=\"0\" data-eds-entry-duration=\"0.3\" data-eds-entry-timing=\"linear\" data-eds-exit-animation=\"\" data-eds-exit-delay=\"\" data-eds-exit-duration=\"\" data-eds-exit-timing=\"\" data-eds-repeat-count=\"1\" data-eds-keep=\"yes\" data-eds-animate-on=\"scroll\" data-eds-scroll-offset=\"100\">\n\t\t\t\t\t\n\n\t\t\t\t\t<h2 class=\"super-title\"><span class=\"wellboxes\">Mes Routines Wellbox<sup>\u00ae<\/sup> Visage<\/span><\/h2>\t\t                <p class=\"chapo\">A chaque probl\u00e9matique beaut\u00e9, <strong>Wellbox<sup>\u00ae<\/sup><span style=\"color:#cd1e23;\">[S]<\/span><\/strong> apporte une r\u00e9ponse naturelle, rapide et efficace. <br><br>\nAfin de s\u2019adapter aux mieux \u00e0 votre style de vie, les routines Wellbox ont \u00e9t\u00e9 \u00e9labor\u00e9es pour devenir votre nouveau rituel beaut\u00e9, au quotidien. <p>\n\t\t                <a href=\"..\/visage-routines\/\" class=\"btn btn-default\">EN SAVOIR +<\/a>\n<\/div>\n\t\t            <\/div>\n\t\t\t\t<\/div>\n\t\t\t<\/div>\n\t\t\t<div class=\"image-right\">\n\t\t\t\t<img src=\"https:\/\/www.wellbox.be\/fr\/wp-content\/uploads\/sites\/17\/2025\/12\/Soin-visage-bienfaits-wellbox2.png\">\n\t\t\t<\/div>\n\t\t<\/div>\n\t<\/div>\n<\/div>\n<div id=\"panel-646-1-0-0\" class=\"so-panel widget widget_bannerleft bannerleft panel-first-child panel-last-child\" data-index=\"1\" ><\/div><\/div><\/div><\/div><\/div>","protected":false},"excerpt":{"rendered":"<p>Les b\u00e9n\u00e9fices visage Les t\u00eates LIFT, sp\u00e9cifiquement d\u00e9velopp\u00e9es pour le visage, agissent sur la peau intens\u00e9ment gr\u00e2ce \u00e0 des battements de clapets combin\u00e9s \u00e0 une aspiration verticale. EN SAVOIR + Mes Routines Wellbox\u00ae Visage A chaque probl\u00e9matique beaut\u00e9, Wellbox\u00ae[S] apporte une r\u00e9ponse naturelle, rapide et efficace. Afin de s\u2019adapter aux mieux \u00e0 votre style de &hellip; <a href=\"https:\/\/www.wellbox.be\/fr\/visage\/\" class=\"more-link\">Continuer la lecture<span class=\"screen-reader-text\"> de &laquo;&nbsp;Visage&nbsp;&raquo;<\/span><\/a><\/p>\n","protected":false},"author":3,"featured_media":0,"parent":0,"menu_order":0,"comment_status":"closed","ping_status":"closed","template":"","meta":[],"acf":[],"_links":{"self":[{"href":"https:\/\/www.wellbox.be\/fr\/wp-json\/wp\/v2\/pages\/646"}],"collection":[{"href":"https:\/\/www.wellbox.be\/fr\/wp-json\/wp\/v2\/pages"}],"about":[{"href":"https:\/\/www.wellbox.be\/fr\/wp-json\/wp\/v2\/types\/page"}],"author":[{"embeddable":true,"href":"https:\/\/www.wellbox.be\/fr\/wp-json\/wp\/v2\/users\/3"}],"replies":[{"embeddable":true,"href":"https:\/\/www.wellbox.be\/fr\/wp-json\/wp\/v2\/comments?post=646"}],"version-history":[{"count":17,"href":"https:\/\/www.wellbox.be\/fr\/wp-json\/wp\/v2\/pages\/646\/revisions"}],"predecessor-version":[{"id":2853,"href":"https:\/\/www.wellbox.be\/fr\/wp-json\/wp\/v2\/pages\/646\/revisions\/2853"}],"wp:attachment":[{"href":"https:\/\/www.wellbox.be\/fr\/wp-json\/wp\/v2\/media?parent=646"}],"curies":[{"name":"wp","href":"https:\/\/api.w.org\/{rel}","templated":true}]}}