{"id":655,"date":"2016-06-27T05:36:54","date_gmt":"2016-06-27T04:36:54","guid":{"rendered":"http:\/\/www.wellbox.fr\/?page_id=655"},"modified":"2025-12-17T17:57:05","modified_gmt":"2025-12-17T16:57:05","slug":"visage-routines","status":"publish","type":"page","link":"https:\/\/www.wellbox.be\/fr\/visage-routines\/","title":{"rendered":"Visage routines"},"content":{"rendered":"<div id=\"pl-655\"  class=\"panel-layout\" ><div id=\"pg-655-0\"  class=\"panel-grid panel-has-style\" ><div class=\"panel-row-style panel-row-style-for-655-0\" ><div id=\"pgc-655-0-0\"  class=\"panel-grid-cell\" ><div class=\"first panel-cell-style panel-cell-style-for-655-0-0\" ><div class=\"imgLeft img bloc-mes-routines\">\n\t<div class=\"fleche\"><\/div>\n\t<div class=\"inner clearfix\">\n\t\t<div class=\"videoRight\"><img class=\"full-image\"src=\"https:\/\/www.wellbox.fr\/wp-content\/uploads\/2023\/05\/Routines-visage-wellboxcouleurs.png\"><\/div>\n\t\t<div class=\"block-texte\">\t\t\t\n\t\t\t<div class=\"textwidget\">\n\t\t\t\t<div class=\"inner\">\n\t\t\t\t<div class=\"eds-animate edsanimate-sis-hidden \" data-eds-entry-animation=\"fadeInUp\" data-eds-entry-delay=\"0\" data-eds-entry-duration=\"0.3\" data-eds-entry-timing=\"linear\" data-eds-exit-animation=\"\" data-eds-exit-delay=\"\" data-eds-exit-duration=\"\" data-eds-exit-timing=\"\" data-eds-repeat-count=\"1\" data-eds-keep=\"yes\" data-eds-animate-on=\"scroll\" data-eds-scroll-offset=\"75\">\n\t\t\t\t\n\t\t\t\t<h2 class=\"super-title\">Mes Routines<br>Wellbox Visage<\/h2>\n\t\t\t\t<p class=\"chapo\"><p>\u00c0 chaque probl\u00e9matique beaut\u00e9, <strong>Wellbox\u00ae<span style=\"color:#cd1e23;\">[S]<\/span><\/strong>  apporte une r\u00e9ponse naturelle, rapide et efficace.<br>\nAfin de s\u2019adapter au mieux \u00e0 votre style de vie, les routines Wellbox ont \u00e9t\u00e9 \u00e9labor\u00e9es pour devenir votre nouveau rituel beaut\u00e9, au quotidien.<\/p>\n\n<p>Elles se composent d\u2019\u00e9tapes de soins <strong>Wellbox\u00ae<span style=\"color:#cd1e23;\">[S]<\/span><\/strong>  (sp\u00e9cifiquement d\u00e9velopp\u00e9s par les experts LPG) associ\u00e9s \u00e0 l\u2019application de cosm\u00e9tiques endermologie\u00ae.<\/p>\n\n<p>Cette synergie de soins <strong>Wellbox\u00ae<span style=\"color:#cd1e23;\">[S]<\/span><\/strong>  et cosm\u00e9tiques endermologie\u00ae apporte \u00e0 votre peau la solution qu\u2019elle attend, en seulement <strong>6 minutes par jour<\/strong>. <\/p><\/p>\n\t\t\t\t<\/div><\/div>\n\t\t\t<\/div>\n\t\t<\/div>\n\t<\/div>\n<\/div>\n<div id=\"panel-655-0-0-0\" class=\"so-panel widget widget_videoleft videoleft panel-first-child panel-last-child\" data-index=\"0\" ><\/div><\/div><\/div><\/div><\/div><div id=\"pg-655-1\"  class=\"panel-grid panel-has-style\" ><div class=\"bloc-double-video panel-row-style panel-row-style-for-655-1\" ><div id=\"pgc-655-1-0\"  class=\"panel-grid-cell\" ><div class=\"corps-routines-videos block-100 center\">\n\t<div class=\"inside\">\n\t\t<div class=\"video-img\">\n      <iframe class=\"fullvideo\" width=\"100%\" height=\"229\" src=\"https:\/\/www.youtube.com\/embed\/l6dDqrDKlxc?modestbranding=1&autohide=1&showinfo=0\" frameborder=\"0\" allowfullscreen><\/iframe>\n    <\/div>\n\t\t<div class=\"texte clearfix\">\n\t\t\t<h2 class=\"title\"><span>Ma Routine DETOX<\/span><\/h2>\n\t\t\t<div class=\"block-texte\">\n\t\t\t\t<div class=\"textwidget\">\n\t\t\t\t\t<div class=\"inner\">\n\t\t        <p class=\"chapo\">Vite, une peau reveill\u00e9e avant<br>ma journ\u00e9e de travail !<p>\n\t\t      <\/div>\n\t\t\t\t<\/div>\n\t\t\t<\/div>\n\t\t\t<div class=\"routines-bottom\"><strong>Pour qui ?<\/strong> Pour celles qui ont la peau deshydrat\u00e9e et le teint terne.<\/div>\n      <div class=\"decouvrir\">\n        <a class=\"btn btn-default\" href=\"..\/visage\/visage-detox\/\">D\u00c9COUVRIR<\/a>\n      <\/div>\n\t\t<\/div>\n\t<\/div>\n<\/div>\n<div id=\"panel-655-1-0-0\" class=\"so-panel widget widget_bannercenter bannercenter panel-first-child panel-last-child\" data-index=\"1\" ><\/div><\/div><div id=\"pgc-655-1-1\"  class=\"panel-grid-cell\" ><div class=\"corps-routines-videos block-100 center\">\n\t<div class=\"inside\">\n\t\t<div class=\"video-img\">\n      <iframe class=\"fullvideo\" width=\"100%\" height=\"229\" src=\"https:\/\/www.youtube.com\/embed\/0PSl9zTF6mM?modestbranding=1&autohide=1&showinfo=0\" frameborder=\"0\" allowfullscreen><\/iframe>\n    <\/div>\n\t\t<div class=\"texte clearfix\">\n\t\t\t<h2 class=\"title\"><span>Ma routine coup d'\u00e9clat<\/span><\/h2>\n\t\t\t<div class=\"block-texte\">\n\t\t\t\t<div class=\"textwidget\">\n\t\t\t\t\t<div class=\"inner\">\n\t\t        <p class=\"chapo\">Une soir\u00e9e improvis\u00e9e ? <strong>Wellbox\u00ae<span style=\"color:#cd1e23;\">[S]<\/span><\/strong><br>pour un coup d'\u00e9clat assur\u00e9 !<p>\n\t\t      <\/div>\n\t\t\t\t<\/div>\n\t\t\t<\/div>\n\t\t\t<div class=\"routines-bottom\"><strong>Pour qui ?<\/strong> Pour celles qui ont besoin d'un effet bonne mine rapidement.<\/div>\n      <div class=\"decouvrir\">\n        <a class=\"btn btn-default\" href=\"..\/visage\/visage-coup-declat\/\">D\u00c9COUVRIR<\/a>\n      <\/div>\n\t\t<\/div>\n\t<\/div>\n<\/div>\n<div id=\"panel-655-1-1-0\" class=\"so-panel widget widget_bannercenter bannercenter panel-first-child panel-last-child\" data-index=\"2\" ><\/div><\/div><\/div><\/div><div id=\"pg-655-2\"  class=\"panel-grid panel-has-style\" ><div class=\"panel-row-style panel-row-style-for-655-2\" ><div id=\"pgc-655-2-0\"  class=\"panel-grid-cell\" ><div class=\"block-100 center routines-decouvrir\">\n\t<div class=\"inside\">\n\t\t<div class=\"clearfix\">\n\t\t\t<div class=\"block-texte\">\n\t\t\t\t<div class=\"textwidget\">\n\t\t\t\t\t<div class=\"inner\">\n\t\t\t\t\t<h2 class=\"super-title\"><span class=\"wellbox\">LPG<sup>\u00ae<\/sup>, la r\u00e9f\u00e9rence minceur & anti-\u00e2ge<\/span><\/h2>\t\t                <p class=\"chapo\">Apportez \u00e0 votre peau la solution qu\u2019elle attend en seulement 6 minutes par jour.<p>\n\t\t                <a href=\"https:\/\/estore.wellbox.be\/be\/wellbox-2\" class=\"btn btn-default\">D\u00c9COUVRIR<\/a>\n\t\t            <\/div>\n\t\t\t\t<\/div>\n\t\t\t<\/div>\n\t\t<\/div>\n\t<\/div>\n<\/div>\n<div id=\"panel-655-2-0-0\" class=\"so-panel widget widget_bannercenter bannercenter panel-first-child panel-last-child\" data-index=\"3\" ><\/div><\/div><\/div><\/div><div id=\"pg-655-3\"  class=\"panel-grid panel-has-style\" ><div class=\"panel-row-style panel-row-style-for-655-3\" ><div id=\"pgc-655-3-0\"  class=\"panel-grid-cell\" ><div class=\"block-100 imgRight bloc-routine basic fond-gris-degrader\">\n\t<div class=\"fleche\"><\/div>\n\t<div class=\"inside\">\n\t\t<div class=\"block-wrapper clearfix\">\n\t\t\t<div class=\"image-right\">\n\t\t\t\t<img class=\"full-image\" src=\"https:\/\/www.wellbox.be\/fr\/wp-content\/uploads\/sites\/17\/2025\/12\/Soin-visage-bienfaits-wellbox2.png\" >\n\t\t\t<\/div>\n\t\t\t<div class=\"block-texte\">\n\t\t\t\t<div class=\"textwidget\">\n\t\t\t\t\t<div class=\"inner\">\n\t\t\t\t\t<div class=\"eds-animate edsanimate-sis-hidden \" data-eds-entry-animation=\"fadeInUp\" data-eds-entry-delay=\"0\" data-eds-entry-duration=\"0.3\" data-eds-entry-timing=\"linear\" data-eds-exit-animation=\"\" data-eds-exit-delay=\"\" data-eds-exit-duration=\"\" data-eds-exit-timing=\"\" data-eds-repeat-count=\"1\" data-eds-keep=\"yes\" data-eds-animate-on=\"scroll\" data-eds-scroll-offset=\"100\">\n\n\n\t\t\t\t\t<h2 class=\"super-title\"><span class=\"wellbox\">Les b\u00e9n\u00e9fices visage de la Wellbox<sup>\u00ae<\/sup><span style=\"color:#cd1e23;\">[S]<\/span><\/span><\/h2>\n\t\t\t\t\t<p class=\"chapo\">Les t\u00eates LIFT, sp\u00e9cifiquement d\u00e9velopp\u00e9es pour le visage, agissent sur la peau intens\u00e9ment gr\u00e2ce \u00e0 des battements de clapets combin\u00e9s \u00e0 une aspiration verticale.<\/p>\n\t\t\t\t\t<a href=\"..\/visage-benefices\/\" class=\"emore\">&gt; D\u00e9couvrez les b\u00e9n\u00e9fices visage de wellbox<\/a>\n\t\t\t\t\t<\/div><\/div>\n\t\t\t\t<\/div>\n\t\t\t<\/div>\n\t\t<\/div>\n\t<\/div>\n<\/div>\n<div id=\"panel-655-3-0-0\" class=\"so-panel widget widget_bannerleft bannerleft panel-first-child panel-last-child\" data-index=\"4\" ><\/div><\/div><\/div><\/div><\/div>","protected":false},"excerpt":{"rendered":"<p>Mes RoutinesWellbox Visage \u00c0 chaque probl\u00e9matique beaut\u00e9, Wellbox\u00ae[S] apporte une r\u00e9ponse naturelle, rapide et efficace. Afin de s\u2019adapter au mieux \u00e0 votre style de vie, les routines Wellbox ont \u00e9t\u00e9 \u00e9labor\u00e9es pour devenir votre nouveau rituel beaut\u00e9, au quotidien. Elles se composent d\u2019\u00e9tapes de soins Wellbox\u00ae[S] (sp\u00e9cifiquement d\u00e9velopp\u00e9s par les experts LPG) associ\u00e9s \u00e0 l\u2019application &hellip; <a href=\"https:\/\/www.wellbox.be\/fr\/visage-routines\/\" class=\"more-link\">Continuer la lecture<span class=\"screen-reader-text\"> de &laquo;&nbsp;Visage routines&nbsp;&raquo;<\/span><\/a><\/p>\n","protected":false},"author":3,"featured_media":0,"parent":0,"menu_order":0,"comment_status":"closed","ping_status":"closed","template":"","meta":[],"acf":[],"_links":{"self":[{"href":"https:\/\/www.wellbox.be\/fr\/wp-json\/wp\/v2\/pages\/655"}],"collection":[{"href":"https:\/\/www.wellbox.be\/fr\/wp-json\/wp\/v2\/pages"}],"about":[{"href":"https:\/\/www.wellbox.be\/fr\/wp-json\/wp\/v2\/types\/page"}],"author":[{"embeddable":true,"href":"https:\/\/www.wellbox.be\/fr\/wp-json\/wp\/v2\/users\/3"}],"replies":[{"embeddable":true,"href":"https:\/\/www.wellbox.be\/fr\/wp-json\/wp\/v2\/comments?post=655"}],"version-history":[{"count":61,"href":"https:\/\/www.wellbox.be\/fr\/wp-json\/wp\/v2\/pages\/655\/revisions"}],"predecessor-version":[{"id":2867,"href":"https:\/\/www.wellbox.be\/fr\/wp-json\/wp\/v2\/pages\/655\/revisions\/2867"}],"wp:attachment":[{"href":"https:\/\/www.wellbox.be\/fr\/wp-json\/wp\/v2\/media?parent=655"}],"curies":[{"name":"wp","href":"https:\/\/api.w.org\/{rel}","templated":true}]}}