{"id":666,"date":"2016-06-27T05:59:00","date_gmt":"2016-06-27T04:59:00","guid":{"rendered":"http:\/\/www.wellbox.fr\/?page_id=666"},"modified":"2018-08-03T10:44:47","modified_gmt":"2018-08-03T08:44:47","slug":"visage-detox","status":"publish","type":"page","link":"https:\/\/www.wellbox.be\/fr\/visage\/visage-detox\/","title":{"rendered":"visage detox"},"content":{"rendered":"<div id=\"pl-666\"  class=\"panel-layout\" ><div id=\"pg-666-0\"  class=\"panel-grid panel-has-style\" ><div class=\"panel-row-style panel-row-style-for-666-0\" ><div id=\"pgc-666-0-0\"  class=\"panel-grid-cell\" ><div class=\"first panel-cell-style panel-cell-style-for-666-0-0\" ><div class=\"block-100 center routines-routines visage-detox\">\n\t<div id=\"video\" style=\"height:100%; width:100%;\"><iframe width=\"100%\" height=\"100%\" src=\"https:\/\/www.youtube.com\/embed\/l6dDqrDKlxc?autoplay=0&showinfo=0&controls=0\" frameborder=\"0\" allowfullscreen><\/iframe><\/div>\n\t<div class=\"fleche\"><\/div>\n\t<div class=\"inside\">\n\t\t<div class=\"clearfix\">\n\t\t\t<h2 class=\"super-title\"><span class=\"corps-routines wellbox\">Vite, une peau r\u00e9veill\u00e9e avant ma<br>journ\u00e9e de travail !<\/span><\/h2>\n\t\t\t<div class=\"block-tex\">\n\t\t\t\t<div class=\"textwidget\">\n\t\t\t\t\t<div class=\"inner\">\n\t\t                <p class=\"lien-video\"><a href=\"#\">Lire la vid\u00e9o<\/a><p>\n\t\t            <\/div>\n\t\t\t\t<\/div>\n\t\t\t<\/div>\n\t\t<\/div>\n\n\t<\/div>\n\t<div class=\"eclat-img\"><img src=\"\/wp-content\/themes\/wellness-child\/images\/visage-routines1.png\" width=\"100%\"><\/div>\n<\/div>\n<div id=\"panel-666-0-0-0\" class=\"so-panel widget widget_bannercenter bannercenter panel-first-child panel-last-child\" data-index=\"0\" ><\/div><\/div><\/div><\/div><\/div><div id=\"pg-666-1\"  class=\"panel-grid panel-has-style\" ><div class=\"slider-vertical panel-row-style panel-row-style-for-666-1\" ><div id=\"pgc-666-1-0\"  class=\"panel-grid-cell\" ><div class=\"slider-outer\">\n    <div class=\"slider-vertical-container\">\n        <ul id=\"routineslidebx\">\n                         <li>\n                <div class=\"contenu-gauche\">\n                    <div class=\"routine-etape\"><p><\/p><\/div>\n                    <div class=\"slider-text\">\n                        <div class=\"inner\">\n                            <h2 class=\"super-title\">Pr\u00e9paration de la peau<\/h2>\n                            <p class=\"chapo\">Je nettoie et pr\u00e9pare ma peau gr\u00e2ce \u00e0 la Lotion Micellaire Pr\u00e9-Traitement. \nCe soin quotidien hydrate et apaise ma peau. La technologie micellaire permet un d\u00e9maquillage parfait avec une tol\u00e9rance optimale, la touche de fra\u00eecheur en plus. <\/p>\n                        <\/div>\n                    <\/div>\n                <\/div>\n                <div class=\"routine-slide-img\">\n                  <img src=\"\/wp-content\/uploads\/2018\/08\/slide1-Lotion-micellaire.png\" \/>\n                <\/div>\n             <\/li>\n                                       <li>\n                <div class=\"contenu-gauche\">\n                    <div class=\"routine-etape\"><p><\/p><\/div>\n                    <div class=\"slider-text\">\n                        <div class=\"inner\">\n                            <h2 class=\"super-title\">Se d\u00e9barasser des toxines<\/h2>\n                            <p class=\"chapo\">En 4 \u00e9tapes, je draine les toxines de mon visage gr\u00e2ce aux t\u00eates LIFT de <strong>Wellbox<sup>\u00ae<\/sup><span style=\"color:#cd1e23;\">[S]<\/span><\/strong> accumul\u00e9es durant la journ\u00e9e (pollution, tabac\u2026). <\/p>\n                        <\/div>\n                    <\/div>\n                <\/div>\n                <div class=\"routine-slide-img\">\n                  <img src=\"\/wp-content\/themes\/wellness-child\/images\/visage-tete-lift-2.png\" \/>\n                <\/div>\n             <\/li>\n                                       <li>\n                <div class=\"contenu-gauche\">\n                    <div class=\"routine-etape\"><p><\/p><\/div>\n                    <div class=\"slider-text\">\n                        <div class=\"inner\">\n                            <h2 class=\"super-title\">Application du soin Total Contour Yeux<\/h2>\n                            <p class=\"chapo\">J\u2019applique en lissage vers l\u2019ext\u00e9rieur le Soin Total Contour Yeux. Gr\u00e2ce \u00e0 son complexe exclusif Anti-\u00e2ge, il agit efficacement sur la formation du collag\u00e8ne et d\u2019\u00e9lastine et pr\u00e9vient leur d\u00e9gradation.<\/p>\n                        <\/div>\n                    <\/div>\n                <\/div> \n                <div class=\"routine-slide-img\">\n                  <img src=\"\/wp-content\/uploads\/2018\/08\/slide-soin-contourYeux-wellbox.png\" \/>\n                <\/div>\n             <\/li>\n                                       <li>\n                <div class=\"contenu-gauche\">\n                <div class=\"routine-etape\"><p><\/p><\/div>\n                    <div class=\"slider-text\">\n                        <div class=\"inner\">\n                            <h2 class=\"super-title\">Application du S\u00e9rum Lissant Hydratation Intense<\/h2>\n                            <p class=\"chapo\">J\u2019applique ensuite le S\u00e9rum Lissant Hydratation Intense, avec son complexe d\u2019actifs \u00e0 base d\u2019Acide Hyaluronique de bas poids mol\u00e9culaire, il optimise le pouvoir hydratant des soins cosm\u00e9tiques LPG<sup>\u00ae<\/sup> et redonne \u00e0 la peau son aspect pulpeux et lisse.<\/p>\n                        <\/div>\n                    <\/div>\n                <\/div>\n                <div class=\"routine-slide-img\">\n                  <img src=\"\/wp-content\/uploads\/2018\/08\/slide-serumLissant-Hydratation-wellbox-1.png\" \/>\n                <\/div>\n             <\/li>\n                                       <li>\n                <div class=\"contenu-gauche\">\n                    <div class=\"routine-etape\"><p><\/p><\/div>\n                    <div class=\"slider-text\">\n                        <div class=\"inner\">\n                            <h2 class=\"super-title\">Application du Soin Anti-\u00c2ge D\u00e9fense Cellulaire SPF30<\/h2>\n                            <p class=\"chapo\">Pour un effet bonne mine, j\u2019applique le Soin Anti-\u00c2ge D\u00e9fense Cellulaire SPF30. Ce soin teint\u00e9, lisse les irr\u00e9gularit\u00e9s, agit sur les rides et les ridules et apporte \u00e0 ma peau une protection UV (SPF30).<\/p>\n                        <\/div>\n                    <\/div>\n                <\/div>\n                <div class=\"routine-slide-img\">\n                  <img src=\"\/wp-content\/uploads\/2018\/08\/slide-CC-anti-age-wellbox.png\" \/>\n                <\/div>\n             <\/li>\n                     <\/ul>\n    <\/div>\n<\/div><div id=\"panel-666-1-0-0\" class=\"so-panel widget widget_routineslider routineslider panel-first-child panel-last-child\" data-index=\"1\" ><\/div><\/div><\/div><\/div><div id=\"pg-666-2\"  class=\"panel-grid panel-has-style\" ><div class=\"panel-row-style panel-row-style-for-666-2\" ><div id=\"pgc-666-2-0\"  class=\"panel-grid-cell\" ><div class=\"block-100 center routines-decouvrir\">\n\t<div class=\"inside\">\n\t\t<div class=\"clearfix\">\n\t\t\t<div class=\"block-texte\">\n\t\t\t\t<div class=\"textwidget\">\n\t\t\t\t\t<div class=\"inner\">\n\t\t\t\t\t<h2 class=\"super-title\"><span class=\"wellbox\">26 Routines \u00e0 d\u00e9couvrir<\/span><\/h2>\t\t                <p class=\"chapo\">Retrouvez l'ensemble des routines <strong>Wellbox<sup>\u00ae<\/sup><span style=\"color:#cd1e23;\">[S]<\/span><\/strong> <p>\n\t\t                <a href=\"https:\/\/estore.wellbox.fr\/guides\/WellboxS-CartedeSoins-Routines-Web.pdf\" class=\"btn btn-default\">D\u00c9COUVRIR<\/a>\n\t\t            <\/div>\n\t\t\t\t<\/div>\n\t\t\t<\/div>\n\t\t<\/div>\n\t<\/div>\n<\/div>\n<div id=\"panel-666-2-0-0\" class=\"so-panel widget widget_bannercenter bannercenter panel-first-child panel-last-child\" data-index=\"2\" ><\/div><\/div><\/div><\/div><div id=\"pg-666-3\"  class=\"panel-grid panel-has-style\" ><div class=\"panel-row-style panel-row-style-for-666-3\" ><div id=\"pgc-666-3-0\"  class=\"panel-grid-cell\" ><div class=\"block-100 imgRight bloc-routine basic fond-gris-degrader\">\n\t<div class=\"fleche\"><\/div>\n\t<div class=\"inside\">\n\t\t<div class=\"block-wrapper clearfix\">\n\t\t\t<div class=\"image-right\">\n\t\t\t\t<img class=\"full-image\" src=\"\/wp-content\/themes\/wellness-child\/images\/visage_routines.png\" >\n\t\t\t<\/div>\n\t\t\t<div class=\"block-texte\">\n\t\t\t\t<div class=\"textwidget\">\n\t\t\t\t\t<div class=\"inner\">\n\t\t\t\t\t<div class=\"eds-animate edsanimate-sis-hidden \" data-eds-entry-animation=\"fadeInUp\" data-eds-entry-delay=\"0\" data-eds-entry-duration=\"0.3\" data-eds-entry-timing=\"linear\" data-eds-exit-animation=\"\" data-eds-exit-delay=\"\" data-eds-exit-duration=\"\" data-eds-exit-timing=\"\" data-eds-repeat-count=\"1\" data-eds-keep=\"yes\" data-eds-animate-on=\"scroll\" data-eds-scroll-offset=\"100\">\n\n\n\t\t\t\t\t<h2 class=\"super-title\"><span class=\"wellbox\">Les b\u00e9n\u00e9fices visage de la Wellbox<sup>\u00ae<\/sup><span style=\"color:#cd1e23;\">[S]<\/span><\/span><\/h2>\n\t\t\t\t\t<p class=\"chapo\">Les t\u00eates LIFT, sp\u00e9cifiquement d\u00e9velopp\u00e9es pour le visage, agissent sur la peau intens\u00e9ment gr\u00e2ce \u00e0 des battements de clapets combin\u00e9s \u00e0 une aspiration verticale.<\/p>\n\t\t\t\t\t<a href=\"..\/..\/visage-benefices\/\" class=\"emore\">&gt; D\u00e9couvrez les b\u00e9n\u00e9fices visage de wellbox<\/a>\n\t\t\t\t\t<\/div><\/div>\n\t\t\t\t<\/div>\n\t\t\t<\/div>\n\t\t<\/div>\n\t<\/div>\n<\/div>\n<div id=\"panel-666-3-0-0\" class=\"so-panel widget widget_bannerleft bannerleft panel-first-child panel-last-child\" data-index=\"3\" ><\/div><\/div><\/div><\/div><div id=\"pg-666-4\"  class=\"panel-grid panel-has-style\" ><div class=\"e-commerce panel-row-style panel-row-style-for-666-4\" ><div id=\"pgc-666-4-0\"  class=\"panel-grid-cell panel-grid-cell-empty\" ><\/div><\/div><\/div><\/div>","protected":false},"excerpt":{"rendered":"<p>Vite, une peau r\u00e9veill\u00e9e avant majourn\u00e9e de travail ! Lire la vid\u00e9o Pr\u00e9paration de la peau Je nettoie et pr\u00e9pare ma peau gr\u00e2ce \u00e0 la Lotion Micellaire Pr\u00e9-Traitement. Ce soin quotidien hydrate et apaise ma peau. La technologie micellaire permet un d\u00e9maquillage parfait avec une tol\u00e9rance optimale, la touche de fra\u00eecheur en plus. Se d\u00e9barasser &hellip; <a href=\"https:\/\/www.wellbox.be\/fr\/visage\/visage-detox\/\" class=\"more-link\">Continuer la lecture<span class=\"screen-reader-text\"> de &laquo;&nbsp;visage detox&nbsp;&raquo;<\/span><\/a><\/p>\n","protected":false},"author":3,"featured_media":0,"parent":646,"menu_order":0,"comment_status":"closed","ping_status":"closed","template":"","meta":[],"acf":[],"_links":{"self":[{"href":"https:\/\/www.wellbox.be\/fr\/wp-json\/wp\/v2\/pages\/666"}],"collection":[{"href":"https:\/\/www.wellbox.be\/fr\/wp-json\/wp\/v2\/pages"}],"about":[{"href":"https:\/\/www.wellbox.be\/fr\/wp-json\/wp\/v2\/types\/page"}],"author":[{"embeddable":true,"href":"https:\/\/www.wellbox.be\/fr\/wp-json\/wp\/v2\/users\/3"}],"replies":[{"embeddable":true,"href":"https:\/\/www.wellbox.be\/fr\/wp-json\/wp\/v2\/comments?post=666"}],"version-history":[{"count":37,"href":"https:\/\/www.wellbox.be\/fr\/wp-json\/wp\/v2\/pages\/666\/revisions"}],"predecessor-version":[{"id":1907,"href":"https:\/\/www.wellbox.be\/fr\/wp-json\/wp\/v2\/pages\/666\/revisions\/1907"}],"up":[{"embeddable":true,"href":"https:\/\/www.wellbox.be\/fr\/wp-json\/wp\/v2\/pages\/646"}],"wp:attachment":[{"href":"https:\/\/www.wellbox.be\/fr\/wp-json\/wp\/v2\/media?parent=666"}],"curies":[{"name":"wp","href":"https:\/\/api.w.org\/{rel}","templated":true}]}}