{"id":1197,"date":"2016-10-11T17:33:28","date_gmt":"2016-10-11T15:33:28","guid":{"rendered":"https:\/\/www.wellbox.fr\/?page_id=1197"},"modified":"2023-03-08T15:10:31","modified_gmt":"2023-03-08T14:10:31","slug":"intrekking","status":"publish","type":"page","link":"https:\/\/www.wellbox.be\/nl\/intrekking\/","title":{"rendered":"Intrekking"},"content":{"rendered":"<p>Vous disposez d\u2019un d\u00e9lai de 14 jours \u00e0 compter de la r\u00e9ception des produits que vous avez command\u00e9s \u00e0 LPG SYSTEMS pour exercer votre droit de r\u00e9tractation (<a style=\"text-decoration: underline;\" href=\"https:\/\/www.wellbox.be\/nl\/cgv\/\" target=\"_blank\" rel=\"noopener\">Pour en savoir plus<\/a> ).<\/p>\n<p>&nbsp;<\/p>\n<div style=\"border: 1px solid #606060; padding: 5%; margin-bottom: 20px;\">\n<h2><em>En imprimant le mod\u00e8le de formulaire \u00e0 t\u00e9l\u00e9charger,&nbsp;<\/em><em>\u00e0 renvoyer par courrier postal \u00e0 l&rsquo;adresse suivante :<\/em><\/h2>\n<p>&nbsp;<\/p>\n<p>LPG BENELUX SPRL<br \/>\n1620 Drogenbos<br \/>\nBoulevard de l&rsquo;Humanit\u00e9 235<br \/>\nBelgique<\/p>\n<p style=\"text-align: center;\"><strong><a href=\"https:\/\/www.wellbox.fr\/wp-content\/uploads\/2023\/03\/Formulaire_retractation_wellbox_be.pdf\" target=\"_blank\" rel=\"noopener\"><input id=\"gform_submit_button_7\" class=\"gform_button button\" tabindex=\"11\" type=\"submit\" value=\"T\u00e9l\u00e9charger le formulaire\"><\/a><br \/>\n<\/strong><\/p>\n<\/div>\n<h2 style=\"text-align: center;\"><\/h2>\n<div style=\"border: 1px solid #606060; padding: 5%;\">\n<h2><em>Ou en compl\u00e9tant le formulaire ci-dessous :<\/em><\/h2>\n<p>Je vous notifie par la pr\u00e9sente ma r\u00e9tractation du contrat portant sur la vente du (des) bien(s) ci-dessous :<\/p>\n<p>&nbsp;<\/p>\n<script type=\"text\/javascript\">var gform;gform||(document.addEventListener(\"gform_main_scripts_loaded\",function(){gform.scriptsLoaded=!0}),window.addEventListener(\"DOMContentLoaded\",function(){gform.domLoaded=!0}),gform={domLoaded:!1,scriptsLoaded:!1,initializeOnLoaded:function(o){gform.domLoaded&&gform.scriptsLoaded?o():!gform.domLoaded&&gform.scriptsLoaded?window.addEventListener(\"DOMContentLoaded\",o):document.addEventListener(\"gform_main_scripts_loaded\",o)},hooks:{action:{},filter:{}},addAction:function(o,n,r,t){gform.addHook(\"action\",o,n,r,t)},addFilter:function(o,n,r,t){gform.addHook(\"filter\",o,n,r,t)},doAction:function(o){gform.doHook(\"action\",o,arguments)},applyFilters:function(o){return gform.doHook(\"filter\",o,arguments)},removeAction:function(o,n){gform.removeHook(\"action\",o,n)},removeFilter:function(o,n,r){gform.removeHook(\"filter\",o,n,r)},addHook:function(o,n,r,t,i){null==gform.hooks[o][n]&&(gform.hooks[o][n]=[]);var e=gform.hooks[o][n];null==i&&(i=n+\"_\"+e.length),gform.hooks[o][n].push({tag:i,callable:r,priority:t=null==t?10:t})},doHook:function(n,o,r){var t;if(r=Array.prototype.slice.call(r,1),null!=gform.hooks[n][o]&&((o=gform.hooks[n][o]).sort(function(o,n){return o.priority-n.priority}),o.forEach(function(o){\"function\"!=typeof(t=o.callable)&&(t=window[t]),\"action\"==n?t.apply(null,r):r[0]=t.apply(null,r)})),\"filter\"==n)return r[0]},removeHook:function(o,n,t,i){var r;null!=gform.hooks[o][n]&&(r=(r=gform.hooks[o][n]).filter(function(o,n,r){return!!(null!=i&&i!=o.tag||null!=t&&t!=o.priority)}),gform.hooks[o][n]=r)}});<\/script>\n                <div class='gf_browser_gecko gform_wrapper gform_legacy_markup_wrapper gform-theme--no-framework' data-form-theme='legacy' data-form-index='0' id='gform_wrapper_4' ><form method='post' enctype='multipart\/form-data'  id='gform_4'  action='\/nl\/wp-json\/wp\/v2\/pages\/1197' data-formid='4' ><div class='gf_invisible ginput_recaptchav3' data-sitekey='6Lea2-oeAAAAAILD6FZoZ4XAJo2-LdpFLdG_ZByA' data-tabindex='0'><input id=\"input_86289fe03e1c7912970ed7563d443758\" class=\"gfield_recaptcha_response\" type=\"hidden\" name=\"input_86289fe03e1c7912970ed7563d443758\" value=\"\"\/><\/div>\n                        <div class='gform-body gform_body'><ul id='gform_fields_4' class='gform_fields top_label form_sublabel_below description_below'><li id=\"field_4_13\"  class=\"gfield gfield--type-text field_sublabel_below gfield--no-description field_description_below gfield_visibility_visible\"  data-js-reload=\"field_4_13\"><label class='gfield_label gform-field-label' for='input_4_13' >DATE ACHAT<\/label><div class='ginput_container ginput_container_text'><input name='input_13' id='input_4_13' type='text' value='' class='medium'    placeholder='DATE ACHAT'  aria-invalid=\"false\"   \/> <\/div><\/li><li id=\"field_4_6\"  class=\"gfield gfield--type-text gfield_contains_required field_sublabel_below gfield--no-description field_description_below gfield_visibility_visible\"  data-js-reload=\"field_4_6\"><label class='gfield_label gform-field-label' for='input_4_6' >COMMANDE<span class=\"gfield_required\"><span class=\"gfield_required gfield_required_asterisk\">*<\/span><\/span><\/label><div class='ginput_container ginput_container_text'><input name='input_6' id='input_4_6' type='text' value='' class='medium'    placeholder='N\u00b0 COMMANDE' aria-required=\"true\" aria-invalid=\"false\"   \/> <\/div><\/li><li id=\"field_4_9\"  class=\"gfield gfield--type-text field_sublabel_below gfield--no-description field_description_below gfield_visibility_visible\"  data-js-reload=\"field_4_9\"><label class='gfield_label gform-field-label' for='input_4_9' >DATE RECEPTION<\/label><div class='ginput_container ginput_container_text'><input name='input_9' id='input_4_9' type='text' value='' class='medium'    placeholder='DATE DE RECEPTION'  aria-invalid=\"false\"   \/> <\/div><\/li><li id=\"field_4_21\"  class=\"gfield gfield--type-textarea gfield_contains_required field_sublabel_below gfield--no-description field_description_below gfield_visibility_visible\"  data-js-reload=\"field_4_21\"><label class='gfield_label gform-field-label' for='input_4_21' >Produits concern\u00e9s<span class=\"gfield_required\"><span class=\"gfield_required gfield_required_asterisk\">*<\/span><\/span><\/label><div class='ginput_container ginput_container_textarea'><textarea name='input_21' id='input_4_21' class='textarea medium'    placeholder='Liste des produits concern\u00e9s' aria-required=\"true\" aria-invalid=\"false\"   rows='10' cols='50'><\/textarea><\/div><\/li><li id=\"field_4_10\"  class=\"gfield gfield--type-text gfield_contains_required field_sublabel_below gfield--no-description field_description_below gfield_visibility_visible\"  data-js-reload=\"field_4_10\"><label class='gfield_label gform-field-label' for='input_4_10' >NOM<span class=\"gfield_required\"><span class=\"gfield_required gfield_required_asterisk\">*<\/span><\/span><\/label><div class='ginput_container ginput_container_text'><input name='input_10' id='input_4_10' type='text' value='' class='medium'    placeholder='NOM *' aria-required=\"true\" aria-invalid=\"false\"   \/> <\/div><\/li><li id=\"field_4_19\"  class=\"gfield gfield--type-text gfield_contains_required field_sublabel_below gfield--no-description field_description_below gfield_visibility_visible\"  data-js-reload=\"field_4_19\"><label class='gfield_label gform-field-label' for='input_4_19' >PRENOM<span class=\"gfield_required\"><span class=\"gfield_required gfield_required_asterisk\">*<\/span><\/span><\/label><div class='ginput_container ginput_container_text'><input name='input_19' id='input_4_19' type='text' value='' class='medium'    placeholder='PRENOM *' aria-required=\"true\" aria-invalid=\"false\"   \/> <\/div><\/li><li id=\"field_4_8\"  class=\"gfield gfield--type-email gfield_contains_required field_sublabel_below gfield--no-description field_description_below gfield_visibility_visible\"  data-js-reload=\"field_4_8\"><label class='gfield_label gform-field-label' for='input_4_8' >EMAIL<span class=\"gfield_required\"><span class=\"gfield_required gfield_required_asterisk\">*<\/span><\/span><\/label><div class='ginput_container ginput_container_email'>\n                            <input name='input_8' id='input_4_8' type='text' value='' class='medium'   placeholder='EMAIL *' aria-required=\"true\" aria-invalid=\"false\"  \/>\n                        <\/div><\/li><li id=\"field_4_16\"  class=\"gfield gfield--type-text gfield_contains_required field_sublabel_below gfield--no-description field_description_below gfield_visibility_visible\"  data-js-reload=\"field_4_16\"><label class='gfield_label gform-field-label' for='input_4_16' >ADRESSE<span class=\"gfield_required\"><span class=\"gfield_required gfield_required_asterisk\">*<\/span><\/span><\/label><div class='ginput_container ginput_container_text'><input name='input_16' id='input_4_16' type='text' value='' class='medium'    placeholder='ADRESSE *' aria-required=\"true\" aria-invalid=\"false\"   \/> <\/div><\/li><li id=\"field_4_17\"  class=\"gfield gfield--type-text gfield_contains_required field_sublabel_below gfield--no-description field_description_below gfield_visibility_visible\"  data-js-reload=\"field_4_17\"><label class='gfield_label gform-field-label' for='input_4_17' >CODE POSTAL<span class=\"gfield_required\"><span class=\"gfield_required gfield_required_asterisk\">*<\/span><\/span><\/label><div class='ginput_container ginput_container_text'><input name='input_17' id='input_4_17' type='text' value='' class='medium'    placeholder='CODE POSTAL *' aria-required=\"true\" aria-invalid=\"false\"   \/> <\/div><\/li><li id=\"field_4_18\"  class=\"gfield gfield--type-text gfield_contains_required field_sublabel_below gfield--no-description field_description_below gfield_visibility_visible\"  data-js-reload=\"field_4_18\"><label class='gfield_label gform-field-label' for='input_4_18' >VILLE<span class=\"gfield_required\"><span class=\"gfield_required gfield_required_asterisk\">*<\/span><\/span><\/label><div class='ginput_container ginput_container_text'><input name='input_18' id='input_4_18' type='text' value='' class='medium'    placeholder='VILLE *' aria-required=\"true\" aria-invalid=\"false\"   \/> <\/div><\/li><\/ul><\/div>\n        <div class='gform_footer top_label'> <input type='submit' id='gform_submit_button_4' class='gform_button button' value='Envoyer'  onclick='if(window[\"gf_submitting_4\"]){return false;}  window[\"gf_submitting_4\"]=true;  ' onkeypress='if( event.keyCode == 13 ){ if(window[\"gf_submitting_4\"]){return false;} window[\"gf_submitting_4\"]=true;  jQuery(\"#gform_4\").trigger(\"submit\",[true]); }' \/> \n            <input type='hidden' class='gform_hidden' name='is_submit_4' value='1' \/>\n            <input type='hidden' class='gform_hidden' name='gform_submit' value='4' \/>\n            \n            <input type='hidden' class='gform_hidden' name='gform_unique_id' value='' \/>\n            <input type='hidden' class='gform_hidden' name='state_4' value='WyJbXSIsIjg0M2IyNWUzZDU4NDhhMDAwMzFlNTZkYTA2N2YxYjA0Il0=' \/>\n            <input type='hidden' class='gform_hidden' name='gform_target_page_number_4' id='gform_target_page_number_4' value='0' \/>\n            <input type='hidden' class='gform_hidden' name='gform_source_page_number_4' id='gform_source_page_number_4' value='1' \/>\n            <input type='hidden' name='gform_field_values' value='' \/>\n            \n        <\/div>\n                        <p style=\"display: none !important;\"><label>&#916;<textarea name=\"ak_hp_textarea\" cols=\"45\" rows=\"8\" maxlength=\"100\"><\/textarea><\/label><input type=\"hidden\" id=\"ak_js_1\" name=\"ak_js\" value=\"27\"\/><script>document.getElementById( \"ak_js_1\" ).setAttribute( \"value\", ( new Date() ).getTime() );<\/script><\/p><\/form>\n                        <\/div><script type=\"text\/javascript\">\ngform.initializeOnLoaded( function() {gformInitSpinner( 4, 'https:\/\/www.wellbox.be\/nl\/wp-content\/plugins\/gravityforms\/images\/spinner.svg', true );jQuery('#gform_ajax_frame_4').on('load',function(){var contents = jQuery(this).contents().find('*').html();var is_postback = contents.indexOf('GF_AJAX_POSTBACK') >= 0;if(!is_postback){return;}var form_content = jQuery(this).contents().find('#gform_wrapper_4');var is_confirmation = jQuery(this).contents().find('#gform_confirmation_wrapper_4').length > 0;var is_redirect = contents.indexOf('gformRedirect(){') >= 0;var is_form = form_content.length > 0 && ! is_redirect && ! is_confirmation;var mt = parseInt(jQuery('html').css('margin-top'), 10) + parseInt(jQuery('body').css('margin-top'), 10) + 100;if(is_form){jQuery('#gform_wrapper_4').html(form_content.html());if(form_content.hasClass('gform_validation_error')){jQuery('#gform_wrapper_4').addClass('gform_validation_error');} else {jQuery('#gform_wrapper_4').removeClass('gform_validation_error');}setTimeout( function() { \/* delay the scroll by 50 milliseconds to fix a bug in chrome *\/  }, 50 );if(window['gformInitDatepicker']) {gformInitDatepicker();}if(window['gformInitPriceFields']) {gformInitPriceFields();}var current_page = jQuery('#gform_source_page_number_4').val();gformInitSpinner( 4, 'https:\/\/www.wellbox.be\/nl\/wp-content\/plugins\/gravityforms\/images\/spinner.svg', true );jQuery(document).trigger('gform_page_loaded', [4, current_page]);window['gf_submitting_4'] = false;}else if(!is_redirect){var confirmation_content = jQuery(this).contents().find('.GF_AJAX_POSTBACK').html();if(!confirmation_content){confirmation_content = contents;}setTimeout(function(){jQuery('#gform_wrapper_4').replaceWith(confirmation_content);jQuery(document).trigger('gform_confirmation_loaded', [4]);window['gf_submitting_4'] = false;wp.a11y.speak(jQuery('#gform_confirmation_message_4').text());}, 50);}else{jQuery('#gform_4').append(contents);if(window['gformRedirect']) {gformRedirect();}}jQuery(document).trigger('gform_post_render', [4, current_page]);gform.utils.trigger({ event: 'gform\/postRender', native: false, data: { formId: 4, currentPage: current_page } });} );} );\n<\/script>\n\n<\/div>\n<p><em>* Champs obligatoires<\/em><\/p>\n<p class=\"conditions\"><em>Les donn\u00e9es \u00e0 caract\u00e8re personnel recueillies par le pr\u00e9sent formulaire de contact sont destin\u00e9es \u00e0 la soci\u00e9t\u00e9 LPG Systems, qui est le responsable du traitement, afin d\u2019effectuer les op\u00e9rations relatives \u00e0 la gestion des clients. La transmission de votre adresse \u00e9lectronique est n\u00e9cessaire pour la prise en compte de votre message. A d\u00e9faut, votre demande ne pourra \u00eatre techniquement valid\u00e9e.<\/em><\/p>\n<p><em>Conform\u00e9ment \u00e0 la loi n\u00b0 78-17 du 6 janvier 1978 modifi\u00e9e, relative \u00e0 l\u2019informatique, aux fichiers et aux libert\u00e9s, dite loi \u00ab Informatique et Libert\u00e9s \u00bb, vous disposez d&rsquo;un droit d&rsquo;acc\u00e8s, de rectification et de suppression des donn\u00e9es \u00e0 caract\u00e8re personnel vous concernant, que vous pouvez exercer en contactant le service client en cliquant ici <a href=\"mailto:serviceclientwellbox@lpgsystems.com\">ServiceClientWellbox<\/a> ou en \u00e9crivant \u00e0 l\u2019adresse postale suivante : <\/em><\/p>\n<p><em>LPG SYSTEMS SA \u2013 Service client\u00e8le Wellbox, 30, rue Dr Abel -Technoparc de la Plaine &#8211; 26000 VALENCE (FRANCE).<\/em><\/p>\n","protected":false},"excerpt":{"rendered":"<p>Vous disposez d\u2019un d\u00e9lai de 14 jours \u00e0 compter de la r\u00e9ception des produits que vous avez command\u00e9s \u00e0 LPG SYSTEMS pour exercer votre droit de r\u00e9tractation (Pour en savoir plus ). &nbsp; En imprimant le mod\u00e8le de formulaire \u00e0 t\u00e9l\u00e9charger,&nbsp;\u00e0 renvoyer par courrier postal \u00e0 l&rsquo;adresse suivante : &nbsp; LPG BENELUX SPRL 1620 Drogenbos &hellip; <a href=\"https:\/\/www.wellbox.be\/nl\/intrekking\/\" class=\"more-link\">Continuer la lecture<span class=\"screen-reader-text\"> de &laquo;&nbsp;Intrekking&nbsp;&raquo;<\/span><\/a><\/p>\n","protected":false},"author":9,"featured_media":0,"parent":0,"menu_order":0,"comment_status":"closed","ping_status":"closed","template":"tpl-contact.php","meta":[],"acf":[],"_links":{"self":[{"href":"https:\/\/www.wellbox.be\/nl\/wp-json\/wp\/v2\/pages\/1197"}],"collection":[{"href":"https:\/\/www.wellbox.be\/nl\/wp-json\/wp\/v2\/pages"}],"about":[{"href":"https:\/\/www.wellbox.be\/nl\/wp-json\/wp\/v2\/types\/page"}],"author":[{"embeddable":true,"href":"https:\/\/www.wellbox.be\/nl\/wp-json\/wp\/v2\/users\/9"}],"replies":[{"embeddable":true,"href":"https:\/\/www.wellbox.be\/nl\/wp-json\/wp\/v2\/comments?post=1197"}],"version-history":[{"count":58,"href":"https:\/\/www.wellbox.be\/nl\/wp-json\/wp\/v2\/pages\/1197\/revisions"}],"predecessor-version":[{"id":2366,"href":"https:\/\/www.wellbox.be\/nl\/wp-json\/wp\/v2\/pages\/1197\/revisions\/2366"}],"wp:attachment":[{"href":"https:\/\/www.wellbox.be\/nl\/wp-json\/wp\/v2\/media?parent=1197"}],"curies":[{"name":"wp","href":"https:\/\/api.w.org\/{rel}","templated":true}]}}