{"id":30,"date":"2016-05-31T11:01:00","date_gmt":"2016-05-31T10:01:00","guid":{"rendered":"http:\/\/www.wellbox.fr\/?page_id=30"},"modified":"2016-12-23T09:51:50","modified_gmt":"2016-12-23T08:51:50","slug":"getuigenissen","status":"publish","type":"page","link":"https:\/\/www.wellbox.be\/nl\/getuigenissen\/","title":{"rendered":"Getuigenissen"},"content":{"rendered":"<div id=\"pl-30\"  class=\"panel-layout\" ><div id=\"pg-30-0\"  class=\"panel-grid panel-has-style\" ><div class=\"temoignages-splash panel-row-style panel-row-style-for-30-0\" ><div id=\"pgc-30-0-0\"  class=\"panel-grid-cell\" ><div class=\"block-100 nobg imgRight first panel-cell-style panel-cell-style-for-30-0-0\" ><div id=\"panel-30-0-0-0\" class=\"so-panel widget widget_text panel-first-child\" data-index=\"0\" ><div class=\"block-text panel-widget-style panel-widget-style-for-30-0-0-0\" >\t\t\t<div class=\"textwidget\"><div class=\"inner\">\n<h2 class=\"r-title\" style=\"text-transform:none;font-size:2.48462rem;\">\nT\u00e9moignages : \n<\/h2>\n<p class=\"super-title\">\nIls nous racontent leur<br>exp\u00e9rience Wellbox\n<\/p>\n<\/div><\/div>\n\t\t<\/div><\/div><div id=\"panel-30-0-0-1\" class=\"so-panel widget widget_sow-image panel-last-child\" data-index=\"1\" ><div class=\"visuel panel-widget-style panel-widget-style-for-30-0-0-1\" ><div class=\"so-widget-sow-image so-widget-sow-image-default-d6014b76747a-30\">\n\n<div class=\"sow-image-container\">\n\t\t<img src=\"\/wp-content\/themes\/wellness-child\/images\/fond-temoignages.jpg\" title=\"Getuigenissen\" alt=\"\" loading=\"lazy\" \t\tclass=\"so-widget-image\"\/>\n\t<\/div>\n\n<\/div><\/div><\/div><\/div><\/div><\/div><\/div><div id=\"pg-30-1\"  class=\"panel-grid panel-has-style\" ><div class=\"panel-row-style panel-row-style-for-30-1\" ><div id=\"pgc-30-1-0\"  class=\"panel-grid-cell\" ><div class=\"block-testimonial\">\n    <div class=\"testimonial-widget\">\n        <div class=\"testimonial-details\">\n                        <div class=\"testimonial-left\">\n                <div class=\"picture-wrapper\">\n                    <div class=\"line\"><\/div>\n                    <div class=\"picture\"><img width=\"255\" height=\"255\" src=\"https:\/\/www.wellbox.be\/nl\/wp-content\/uploads\/sites\/16\/2016\/06\/laura-255x255.jpg\" class=\"attachment-testi_main size-testi_main wp-post-image\" alt=\"\" loading=\"lazy\" srcset=\"https:\/\/www.wellbox.be\/nl\/wp-content\/uploads\/sites\/16\/2016\/06\/laura-255x255.jpg 255w, https:\/\/www.wellbox.be\/nl\/wp-content\/uploads\/sites\/16\/2016\/06\/laura-150x150.jpg 150w, https:\/\/www.wellbox.be\/nl\/wp-content\/uploads\/sites\/16\/2016\/06\/laura-300x300.jpg 300w, https:\/\/www.wellbox.be\/nl\/wp-content\/uploads\/sites\/16\/2016\/06\/laura-111x111.jpg 111w, https:\/\/www.wellbox.be\/nl\/wp-content\/uploads\/sites\/16\/2016\/06\/laura.jpg 500w\" sizes=\"(max-width: 255px) 85vw, 255px\" \/><\/div>\n                <\/div>\n            <\/div>\n            <div class=\"testimonial-right\">\n                <div class=\"name\">Laura<\/div>\n                <div class=\"age\">38 ans<\/div>\n                <div class=\"description\">En seulement quelques minutes par jour les r\u00e9sultats sont spectaculaires. Les poches et cernes sous mes yeux se sont att\u00e9nu\u00e9s et mes rides se sont consid\u00e9rablement estomp\u00e9es. J'effectue mon soin Wellbox<sup>&reg;<\/sup> avant d'appliquer ma cr\u00e8me et je ressens un effet \u00ab bonne mine \u00bb imm\u00e9diat.<\/div>\n            <\/div>\n        <\/div>\n        <div class=\"testimonial-slider\">\n            <ul class=\"bxslider\">\n                                                <li class=\"active-slide\" >\n                    <div class=\"testimonial-slide\">\n                                                <div class=\"picture-wrapper\">\n                            <div class=\"picture\"><img width=\"111\" height=\"111\" src=\"https:\/\/www.wellbox.be\/nl\/wp-content\/uploads\/sites\/16\/2016\/06\/laura-111x111.jpg\" class=\"attachment-testi_list size-testi_list wp-post-image\" alt=\"\" loading=\"lazy\" srcset=\"https:\/\/www.wellbox.be\/nl\/wp-content\/uploads\/sites\/16\/2016\/06\/laura-111x111.jpg 111w, https:\/\/www.wellbox.be\/nl\/wp-content\/uploads\/sites\/16\/2016\/06\/laura-150x150.jpg 150w, https:\/\/www.wellbox.be\/nl\/wp-content\/uploads\/sites\/16\/2016\/06\/laura-300x300.jpg 300w, https:\/\/www.wellbox.be\/nl\/wp-content\/uploads\/sites\/16\/2016\/06\/laura-255x255.jpg 255w, https:\/\/www.wellbox.be\/nl\/wp-content\/uploads\/sites\/16\/2016\/06\/laura.jpg 500w\" sizes=\"(max-width: 111px) 85vw, 111px\" \/><\/div>\n                        <\/div>\n                        <a href=\"#\" data-id=\"249\"><\/a>\n                        <div class=\"name\">Laura<\/div>\n                        <div class=\"age\">38 ans<\/div>\n                    <\/div>    \n                <\/li>\n                                <li>\n                    <div class=\"testimonial-slide\">\n                                                <div class=\"picture-wrapper\">\n                            <div class=\"picture\"><img width=\"111\" height=\"111\" src=\"https:\/\/www.wellbox.be\/nl\/wp-content\/uploads\/sites\/16\/2016\/06\/justine-111x111.jpg\" class=\"attachment-testi_list size-testi_list wp-post-image\" alt=\"\" loading=\"lazy\" srcset=\"https:\/\/www.wellbox.be\/nl\/wp-content\/uploads\/sites\/16\/2016\/06\/justine-111x111.jpg 111w, https:\/\/www.wellbox.be\/nl\/wp-content\/uploads\/sites\/16\/2016\/06\/justine-150x150.jpg 150w, https:\/\/www.wellbox.be\/nl\/wp-content\/uploads\/sites\/16\/2016\/06\/justine-300x300.jpg 300w, https:\/\/www.wellbox.be\/nl\/wp-content\/uploads\/sites\/16\/2016\/06\/justine-255x255.jpg 255w, https:\/\/www.wellbox.be\/nl\/wp-content\/uploads\/sites\/16\/2016\/06\/justine.jpg 500w\" sizes=\"(max-width: 111px) 85vw, 111px\" \/><\/div>\n                        <\/div>\n                        <a href=\"#\" data-id=\"248\"><\/a>\n                        <div class=\"name\">Justine<\/div>\n                        <div class=\"age\">27 ans<\/div>\n                    <\/div>    \n                <\/li>\n                                <li>\n                    <div class=\"testimonial-slide\">\n                                                <div class=\"picture-wrapper\">\n                            <div class=\"picture\"><img width=\"111\" height=\"111\" src=\"https:\/\/www.wellbox.be\/nl\/wp-content\/uploads\/sites\/16\/2016\/06\/marie-111x111.jpg\" class=\"attachment-testi_list size-testi_list wp-post-image\" alt=\"\" loading=\"lazy\" srcset=\"https:\/\/www.wellbox.be\/nl\/wp-content\/uploads\/sites\/16\/2016\/06\/marie-111x111.jpg 111w, https:\/\/www.wellbox.be\/nl\/wp-content\/uploads\/sites\/16\/2016\/06\/marie-150x150.jpg 150w, https:\/\/www.wellbox.be\/nl\/wp-content\/uploads\/sites\/16\/2016\/06\/marie-300x300.jpg 300w, https:\/\/www.wellbox.be\/nl\/wp-content\/uploads\/sites\/16\/2016\/06\/marie-255x255.jpg 255w, https:\/\/www.wellbox.be\/nl\/wp-content\/uploads\/sites\/16\/2016\/06\/marie.jpg 500w\" sizes=\"(max-width: 111px) 85vw, 111px\" \/><\/div>\n                        <\/div>\n                        <a href=\"#\" data-id=\"247\"><\/a>\n                        <div class=\"name\">Marie<\/div>\n                        <div class=\"age\">55 ans<\/div>\n                    <\/div>    \n                <\/li>\n                                <li>\n                    <div class=\"testimonial-slide\">\n                                                <div class=\"picture-wrapper\">\n                            <div class=\"picture\"><img width=\"111\" height=\"111\" src=\"https:\/\/www.wellbox.be\/nl\/wp-content\/uploads\/sites\/16\/2016\/06\/jean-111x111.jpg\" class=\"attachment-testi_list size-testi_list wp-post-image\" alt=\"\" loading=\"lazy\" srcset=\"https:\/\/www.wellbox.be\/nl\/wp-content\/uploads\/sites\/16\/2016\/06\/jean-111x111.jpg 111w, https:\/\/www.wellbox.be\/nl\/wp-content\/uploads\/sites\/16\/2016\/06\/jean-150x150.jpg 150w, https:\/\/www.wellbox.be\/nl\/wp-content\/uploads\/sites\/16\/2016\/06\/jean-300x300.jpg 300w, https:\/\/www.wellbox.be\/nl\/wp-content\/uploads\/sites\/16\/2016\/06\/jean-255x255.jpg 255w, https:\/\/www.wellbox.be\/nl\/wp-content\/uploads\/sites\/16\/2016\/06\/jean.jpg 500w\" sizes=\"(max-width: 111px) 85vw, 111px\" \/><\/div>\n                        <\/div>\n                        <a href=\"#\" data-id=\"246\"><\/a>\n                        <div class=\"name\">Jean<\/div>\n                        <div class=\"age\">65 ans<\/div>\n                    <\/div>    \n                <\/li>\n                                <li>\n                    <div class=\"testimonial-slide\">\n                                                <div class=\"picture-wrapper\">\n                            <div class=\"picture\"><img width=\"111\" height=\"111\" src=\"https:\/\/www.wellbox.be\/nl\/wp-content\/uploads\/sites\/16\/2016\/06\/frederic-111x111.jpg\" class=\"attachment-testi_list size-testi_list wp-post-image\" alt=\"\" loading=\"lazy\" srcset=\"https:\/\/www.wellbox.be\/nl\/wp-content\/uploads\/sites\/16\/2016\/06\/frederic-111x111.jpg 111w, https:\/\/www.wellbox.be\/nl\/wp-content\/uploads\/sites\/16\/2016\/06\/frederic-150x150.jpg 150w, https:\/\/www.wellbox.be\/nl\/wp-content\/uploads\/sites\/16\/2016\/06\/frederic-300x300.jpg 300w, https:\/\/www.wellbox.be\/nl\/wp-content\/uploads\/sites\/16\/2016\/06\/frederic-255x255.jpg 255w, https:\/\/www.wellbox.be\/nl\/wp-content\/uploads\/sites\/16\/2016\/06\/frederic.jpg 500w\" sizes=\"(max-width: 111px) 85vw, 111px\" \/><\/div>\n                        <\/div>\n                        <a href=\"#\" data-id=\"245\"><\/a>\n                        <div class=\"name\">Fr\u00e9d\u00e9ric<\/div>\n                        <div class=\"age\">38 ans<\/div>\n                    <\/div>    \n                <\/li>\n                            <\/ul>\n        <\/div>\n    <\/div>\n<\/div>\n<\/div><\/div><\/div><div id=\"pg-30-2\"  class=\"panel-grid panel-has-style\" ><div class=\"e-commerce panel-row-style panel-row-style-for-30-2\" ><div id=\"pgc-30-2-0\"  class=\"panel-grid-cell panel-grid-cell-empty\" ><div class=\"block-100 imgLeft panel-cell-style panel-cell-style-for-30-2-0\" ><\/div><\/div><\/div><\/div><\/div>","protected":false},"excerpt":{"rendered":"<p>T\u00e9moignages : Ils nous racontent leurexp\u00e9rience Wellbox<\/p>\n","protected":false},"author":3,"featured_media":0,"parent":0,"menu_order":0,"comment_status":"closed","ping_status":"closed","template":"","meta":[],"acf":[],"_links":{"self":[{"href":"https:\/\/www.wellbox.be\/nl\/wp-json\/wp\/v2\/pages\/30"}],"collection":[{"href":"https:\/\/www.wellbox.be\/nl\/wp-json\/wp\/v2\/pages"}],"about":[{"href":"https:\/\/www.wellbox.be\/nl\/wp-json\/wp\/v2\/types\/page"}],"author":[{"embeddable":true,"href":"https:\/\/www.wellbox.be\/nl\/wp-json\/wp\/v2\/users\/3"}],"replies":[{"embeddable":true,"href":"https:\/\/www.wellbox.be\/nl\/wp-json\/wp\/v2\/comments?post=30"}],"version-history":[{"count":32,"href":"https:\/\/www.wellbox.be\/nl\/wp-json\/wp\/v2\/pages\/30\/revisions"}],"predecessor-version":[{"id":1848,"href":"https:\/\/www.wellbox.be\/nl\/wp-json\/wp\/v2\/pages\/30\/revisions\/1848"}],"wp:attachment":[{"href":"https:\/\/www.wellbox.be\/nl\/wp-json\/wp\/v2\/media?parent=30"}],"curies":[{"name":"wp","href":"https:\/\/api.w.org\/{rel}","templated":true}]}}