{"id":554,"date":"2016-06-21T05:20:48","date_gmt":"2016-06-21T04:20:48","guid":{"rendered":"http:\/\/www.wellbox.fr\/?page_id=554"},"modified":"2025-12-19T16:14:34","modified_gmt":"2025-12-19T15:14:34","slug":"lichaam-voordelen","status":"publish","type":"page","link":"https:\/\/www.wellbox.be\/nl\/lichaam-voordelen\/","title":{"rendered":"Lichaam Voordelen"},"content":{"rendered":"<div id=\"pl-554\"  class=\"panel-layout\" ><div id=\"pg-554-0\"  class=\"panel-grid panel-has-style\" ><div class=\"panel-row-style panel-row-style-for-554-0\" ><div id=\"pgc-554-0-0\"  class=\"panel-grid-cell\" ><div class=\"imgLeft bloc-mes-routines\">\n\t<div class=\"fleche bigger\"><\/div>\n\t<div class=\"inner clearfix\">\n\t\t<div class=\"videoRight\"><iframe class=\"fullvideo\" width=\"446\" height=\"249\" src=\"https:\/\/www.youtube.com\/embed\/v-5INlRWMdI?modestbranding=1&autohide=1&showinfo=0\" frameborder=\"0\" allowfullscreen><\/iframe><\/div>\n\t\t<div class=\"block-text\">\t\t\t\n\t\t\t<div class=\"textwidget\">\n\t\t\t\t<div class=\"inner\">\n\t\t\t\t<div class=\"eds-animate edsanimate-sis-hidden \" data-eds-entry-animation=\"fadeInUp\" data-eds-entry-delay=\"0\" data-eds-entry-duration=\"0.3\" data-eds-entry-timing=\"linear\" data-eds-exit-animation=\"\" data-eds-exit-delay=\"\" data-eds-exit-duration=\"\" data-eds-exit-timing=\"\" data-eds-repeat-count=\"1\" data-eds-keep=\"yes\" data-eds-animate-on=\"scroll\" data-eds-scroll-offset=\"75\">\n\t\t\t\t\n\t\t\t\t<h2 class=\"super-title\">Voordelen voor mijn lichaam<\/h2>\n\t\t\t\t<p class=\"chapo\"><p>De ROLL-koppen, specifiek ontwikkeld voor de afslanking van het lichaam en het gezicht, werken intens in op de huid dankzij de bewegingen van de rollen gecombineerd met een verticale aanzuiging. <\/p>\n\n<p>De verplaatsing van de rollen op de huid stimuleert op een natuurlijke manier de adipocyten, cellen die de vetopslag in ons organisme regelen. Ondanks een perfecte hygi\u00ebne heeft hun activiteit de neiging om te vertragen, wat leidt tot overtollig volume en cellulitis.<\/p> \n\n<img src=\"..\/wp-content\/themes\/wellness-child\/images\/sps_plus.png\" style=\"display:block;float:left;margin-right:10px;\"\/>\n<p>De technologie SPS+ van de <strong>Wellbox\u00ae<span style=\"color:#cd1e23;\">[S]<\/span><\/strong>, zorgt voor een dubbele verstevigende werking dankzij een sequenti\u00eble aanzuiging die 2x krachtiger is*.<\/p>\n\n<p class=\"condition\">*In vergelijking met de Wellbox<sup>\u00ae<\/sup>Original<\/p>\n<\/p>\n\t\t\t\t\t\t\t\t<\/div><\/div>\n\t\t\t<\/div>\n\t\t<\/div>\n\t<\/div>\n<\/div>\n<div id=\"panel-554-0-0-0\" class=\"so-panel widget widget_videoleft videoleft panel-first-child panel-last-child\" data-index=\"0\" ><\/div><\/div><\/div><\/div><div id=\"pg-554-1\"  class=\"panel-grid panel-has-style\" ><div class=\"panel-row-style panel-row-style-for-554-1\" ><div id=\"pgc-554-1-0\"  class=\"panel-grid-cell\" ><div class=\"block-100 imgRight bloc-benefice basic\">\n\t<div class=\"inside\">\n\t\t<div class=\"block-wrapper clearfix\">\n\t\t\t<div class=\"image-right\">\n\t\t\t\t<img src=\"https:\/\/www.wellbox.be\/nl\/wp-content\/uploads\/sites\/16\/2025\/12\/femme_wellbox_ouverte-debout.png\">\n\t\t\t<\/div>\n\t\t\t<div class=\"block-texte\">\n\t\t\t\t<div class=\"textwidget\">\n\t\t\t\t\t<div class=\"inner\">\n\n\t\t\t\t\t<div class=\"eds-animate edsanimate-sis-hidden \" data-eds-entry-animation=\"fadeInUp\" data-eds-entry-delay=\"0\" data-eds-entry-duration=\"0.3\" data-eds-entry-timing=\"linear\" data-eds-exit-animation=\"\" data-eds-exit-delay=\"\" data-eds-exit-duration=\"\" data-eds-exit-timing=\"\" data-eds-repeat-count=\"1\" data-eds-keep=\"yes\" data-eds-animate-on=\"scroll\" data-eds-scroll-offset=\"100\">\n\t\t\t\t\t\n\n\n\t\t\t\t\t<h2 class=\"super-title\"><span class=\"wellbox\">Een Wellbox<sup>\u00ae<\/sup>-routine voor elk schoonheidsideaal!  <\/span><\/h2>\t\t                <p class=\"chapo\">Wellbox<sup>\u00ae<\/sup> [S] stelt meer dan 14 nieuwe schoonheidroutines voor die volledig zijn ontwikkeld door LPG<sup>\u00ae<\/sup>-experts voor comfortabeler en regelmatig gebruik van het apparaat... door een doelgerichte behandeling en toepassing van endermologie<sup>\u00ae<\/sup> cosmetica te combineren. \n<\/p>\n\t\t                <p class=\"chapo_add\">De stimulatie tijdens de behandeling met de<strong>Wellbox\u00ae<span style=\"color:#cd1e23;\">[S]<\/span><\/strong>  zorgt ervoor dat de huid ontvankelijker is voor de actieve stoffen in de endermologie<sup>\u00ae<\/sup> cosmetica. \n<\/p>\n<!--\t\t                <div class=\"resultat\"><div class=\"picto\">Les r\u00e9sultats<\/div>Het silhouet wordt zichtbaar verfijnd, de volumes worden hertekend en vetkussentjes worden afgevlakt!<\/div>-->\n\t\t                <a href=\"https:\/\/www.wellbox.be\/nl\/lichaam-routines\/\" class=\"emore\">&gt; ONTDEK  DE NIEUWE ROUTINES<\/a>\n\t\t       <\/div>  <\/div>\n\t\t\t\t<\/div>\n\t\t\t<\/div>\n\t\t<\/div>\n\t<\/div>\n<\/div>\n<div id=\"panel-554-1-0-0\" class=\"so-panel widget widget_bannerleft bannerleft panel-first-child panel-last-child\" data-index=\"1\" ><\/div><\/div><\/div><\/div><div id=\"pg-554-2\"  class=\"panel-grid panel-has-style\" ><div class=\"wellbox_top_banner routine-resultats-slide panel-row-style panel-row-style-for-554-2\" ><div id=\"pgc-554-2-0\"  class=\"panel-grid-cell\" ><ul id=\"corpslidebx\">\n      <li>\n      <div class=\"visuel\">\n        <img src=\"https:\/\/www.wellbox.be\/nl\/wp-content\/uploads\/sites\/16\/2025\/12\/wellbox-cuisse-soin_1.png\" class=\"full-image\" \/>\n      <\/div>\n      <div class=\"slider-text\">\n        <div class=\"inner\">\n        <div class=\"eds-animate edsanimate-sis-hidden \" data-eds-entry-animation=\"fadeInUp\" data-eds-entry-delay=\"0\" data-eds-entry-duration=\"0.3\" data-eds-entry-timing=\"linear\" data-eds-exit-animation=\"\" data-eds-exit-delay=\"\" data-eds-exit-duration=\"\" data-eds-exit-timing=\"\" data-eds-repeat-count=\"1\" data-eds-keep=\"yes\" data-eds-animate-on=\"scroll\" data-eds-scroll-offset=\"100\">\n\n          <h2 class=\"r-title\">WELLBOX<sup>\u00ae<\/sup>[S], BELOFTES EN RESULTATEN! <\/h2>\n          <h2 class=\"super-title\">Afgevlakte vetrolletjes<\/h2>\n          <p class=\"chapo\">Tot 20 % minder vetrolletjes*\n\n<p class=\"condition\">*Klinisch onderzoek op 30 vrouwen, Centre de Pharmacologie Clinique Appliqu\u00e9e \u00e0 la Dermatologie, Nice<\/p><\/p>\n        <\/div><\/div>\n      <\/div>\n    <\/li>\n      <li>\n      <div class=\"visuel\">\n        <img src=\"https:\/\/www.wellbox.be\/nl\/wp-content\/uploads\/sites\/16\/2025\/12\/wellbox-soin-ventre.png\" class=\"full-image\" \/>\n      <\/div>\n      <div class=\"slider-text\">\n        <div class=\"inner\">\n          <h2 class=\"r-title\">WELLBOX<sup>\u00ae<\/sup>[S], BELOFTES EN RESULTATEN! <\/h2>\n          <h2 class=\"super-title\">Een herschapen silhouet <\/h2>\n          <p class=\"chapo\">Tot 3.5 cm minder omtrek rond de dijen*\n\n<p class=\"condition\">*Klinisch onderzoek op 30 vrouwen, Centre de Pharmacologie Clinique Appliqu\u00e9e \u00e0 la Dermatologie, Nice<\/p><\/p>\n        <\/div>\n      <\/div>\n    <\/li>\n      <li>\n      <div class=\"visuel\">\n        <img src=\"https:\/\/www.wellbox.be\/nl\/wp-content\/uploads\/sites\/16\/2025\/12\/wellbox-soin-bras.png\" class=\"full-image\" \/>\n      <\/div>\n      <div class=\"slider-text\">\n        <div class=\"inner\">\n          <h2 class=\"r-title\">WELLBOX<sup>\u00ae<\/sup>[S], BELOFTES EN RESULTATEN! <\/h2>\n          <h2 class=\"super-title\">Verstevigd weefsel <\/h2>\n          <p class=\"chapo\">81 % van de vrouwen vinden dat hun huid steviger is.**\n\n<p class=\"condition\">**Wetenschappelijk onderzoek door American Cellulite Task Force Laboratory (Miami, USA) met betrekking tot het persoonlijke gebruik van Wellbox op een enkele dij, door 21 vrouwen van 25 tot 55 jaar gedurende 10 weken. <\/p><\/p>\n        <\/div>\n      <\/div>\n    <\/li>\n  <\/ul><div id=\"panel-554-2-0-0\" class=\"so-panel widget widget_corpsslider corpsslider panel-first-child panel-last-child\" data-index=\"2\" ><\/div><\/div><\/div><\/div><div id=\"pg-554-3\"  class=\"panel-grid panel-has-style\" ><div class=\"panel-row-style panel-row-style-for-554-3\" ><div id=\"pgc-554-3-0\"  class=\"panel-grid-cell\" ><div class=\"block-100 imgLeft panel-cell-style panel-cell-style-for-554-3-0\" ><div class=\"block-100 imgLeft resultat-corps\">\n\t<div class=\"fleche\"><\/div>\n\t<div class=\"wrapper-inner\">\n\t\t<div class=\"clearfix\">\n\t\t\t<div class=\"block-text\">\n\t\t\t<div class=\"eds-animate edsanimate-sis-hidden \" data-eds-entry-animation=\"fadeInUp\" data-eds-entry-delay=\"0.5\" data-eds-entry-duration=\"0.3\" data-eds-entry-timing=\"linear\" data-eds-exit-animation=\"\" data-eds-exit-delay=\"\" data-eds-exit-duration=\"\" data-eds-exit-timing=\"\" data-eds-repeat-count=\"1\" data-eds-keep=\"yes\" data-eds-animate-on=\"scroll\" data-eds-scroll-offset=\"100\">\n\t\t\t\t<h2 class=\"resultat\"><\/h2>\n\t\t\t\t<h2 class=\"super-title\">Maar ook <\/h2>\n\t\t\t\t<div class=\"resultat-pourcent\">\n\t\t            <div class=\"picto\">\n\t\t            \t<svg class=\"svg\"><circle cx=\"50\" cy=\"50\" r=\"45\" stroke=\"#dca8a8\" stroke-width=\"1\" fill=\"none\" \/><path stroke-linecap=\"round\" d=\"M50,5 A45,45 0 1,1 7.202456766718093,36.09423525312735\" style=\"stroke-width: 4;\" stroke=\"#cd1e23\" fill=\"none\"\/><\/svg>\n\t\t\t\t\t\t<div class=\"percent\">88%<\/div>\n\t\t\t\t\t\t<div class=\"bulletext\">van de vrouwen zijn overtuigd*<\/div>\n\t\t\t\t\t<\/div>\n\t\t\t\t\t<div class=\"picto\">\n\t\t\t\t\t\t<svg class=\"svg\"><circle cx=\"50\" cy=\"50\" r=\"45\" stroke=\"#dca8a8\" stroke-width=\"1\" fill=\"none\" \/><path stroke-linecap=\"round\" d=\"M50,5 A45,45 0 1,1 49.717258521549894,5.000888261473833\" style=\"stroke-width: 4;\" stroke=\"#cd1e23\" fill=\"none\"\/><\/svg>\n\t\t\t\t  \t\t<div class=\"percent\">100%<\/div>\n\t\t\t\t  \t\t<div class=\"bulletext\">van de vrouwen vinden het gebruik gemakkelijk **<\/div>\n\t\t\t\t  \t<\/div>\n\t\t\t\t <\/div> <\/div>\n\t\t\t<\/div>\n\t\t\t<div class=\"img-resultats\"><img class=\"full-image\" src=\"https:\/\/www.wellbox.be\/nl\/wp-content\/uploads\/sites\/16\/2025\/12\/Soin-corps-bienfaits-wellbox2-1.png\"><\/div>\n\t\t\t<div class=\"textwidget\">\n\t\t\t\t<ul class=\"inner\">\n\t\t            <li>Verminderde vetrolletjes op de dijen**<\/li>\n<li>Mooie rondingen**<\/li>\n<li>Een fijnere taille...**<\/li>\t\t        <\/ul>\n\t\t\t<\/div>\n\t\t<\/div>\n\t\t<p class=\"condition\">Sources : *Klinisch onderzoek op 30 vrouwen, Centre de Pharmacologie Clinique Appliqu\u00e9e \u00e0 la Dermatologie, Nice<br>\n** \u00c9tude de satisfaction men\u00e9e \u00e0 New York par Clinical Research Laboratories (New York, USA) en utilisation personnelle de Wellbox sur une moiti\u00e9 de visage, par 36 femmes \u00e2g\u00e9es de 35 \u00e0 55 ans pendant 4 semaines.<\/p>\n\t<\/div>\n\t\n<\/div>\n<div id=\"panel-554-3-0-0\" class=\"so-panel widget widget_bannerright bannerright panel-first-child panel-last-child\" data-index=\"3\" ><\/div><\/div><\/div><\/div><\/div><\/div>","protected":false},"excerpt":{"rendered":"<p>Voordelen voor mijn lichaam De ROLL-koppen, specifiek ontwikkeld voor de afslanking van het lichaam en het gezicht, werken intens in op de huid dankzij de bewegingen van de rollen gecombineerd met een verticale aanzuiging. De verplaatsing van de rollen op de huid stimuleert op een natuurlijke manier de adipocyten, cellen die de vetopslag in ons &hellip; <a href=\"https:\/\/www.wellbox.be\/nl\/lichaam-voordelen\/\" class=\"more-link\">Continuer la lecture<span class=\"screen-reader-text\"> de &laquo;&nbsp;Lichaam Voordelen&nbsp;&raquo;<\/span><\/a><\/p>\n","protected":false},"author":3,"featured_media":0,"parent":0,"menu_order":0,"comment_status":"closed","ping_status":"closed","template":"","meta":[],"acf":[],"_links":{"self":[{"href":"https:\/\/www.wellbox.be\/nl\/wp-json\/wp\/v2\/pages\/554"}],"collection":[{"href":"https:\/\/www.wellbox.be\/nl\/wp-json\/wp\/v2\/pages"}],"about":[{"href":"https:\/\/www.wellbox.be\/nl\/wp-json\/wp\/v2\/types\/page"}],"author":[{"embeddable":true,"href":"https:\/\/www.wellbox.be\/nl\/wp-json\/wp\/v2\/users\/3"}],"replies":[{"embeddable":true,"href":"https:\/\/www.wellbox.be\/nl\/wp-json\/wp\/v2\/comments?post=554"}],"version-history":[{"count":66,"href":"https:\/\/www.wellbox.be\/nl\/wp-json\/wp\/v2\/pages\/554\/revisions"}],"predecessor-version":[{"id":2608,"href":"https:\/\/www.wellbox.be\/nl\/wp-json\/wp\/v2\/pages\/554\/revisions\/2608"}],"wp:attachment":[{"href":"https:\/\/www.wellbox.be\/nl\/wp-json\/wp\/v2\/media?parent=554"}],"curies":[{"name":"wp","href":"https:\/\/api.w.org\/{rel}","templated":true}]}}