{"id":666,"date":"2016-06-27T05:59:00","date_gmt":"2016-06-27T04:59:00","guid":{"rendered":"http:\/\/www.wellbox.fr\/?page_id=666"},"modified":"2018-08-03T11:19:52","modified_gmt":"2018-08-03T09:19:52","slug":"mijn-detox-routine","status":"publish","type":"page","link":"https:\/\/www.wellbox.be\/nl\/gezicht\/mijn-detox-routine\/","title":{"rendered":"Mijn detox routine"},"content":{"rendered":"<div id=\"pl-666\"  class=\"panel-layout\" ><div id=\"pg-666-0\"  class=\"panel-grid panel-has-style\" ><div class=\"panel-row-style panel-row-style-for-666-0\" ><div id=\"pgc-666-0-0\"  class=\"panel-grid-cell\" ><div class=\"first panel-cell-style panel-cell-style-for-666-0-0\" ><div class=\"block-100 center routines-routines visage-detox\">\n\t<div id=\"video\" style=\"height:100%; width:100%;\"><iframe width=\"100%\" height=\"100%\" src=\"https:\/\/www.youtube.com\/embed\/l6dDqrDKlxc?autoplay=0&showinfo=0&controls=0\" frameborder=\"0\" allowfullscreen><\/iframe><\/div>\n\t<div class=\"fleche\"><\/div>\n\t<div class=\"inside\">\n\t\t<div class=\"clearfix\">\n\t\t\t<h2 class=\"super-title\"><span class=\"corps-routines wellbox\">Snel, een ontwaakte huid voor <br>mijn werkdag!<\/span><\/h2>\n\t\t\t<div class=\"block-tex\">\n\t\t\t\t<div class=\"textwidget\">\n\t\t\t\t\t<div class=\"inner\">\n\t\t                <p class=\"lien-video\"><a href=\"#\">Video kijken<\/a><p>\n\t\t            <\/div>\n\t\t\t\t<\/div>\n\t\t\t<\/div>\n\t\t<\/div>\n\n\t<\/div>\n\t<div class=\"eclat-img\"><img src=\"\/wp-content\/themes\/wellness-child\/images\/visage-routines1.png\" width=\"100%\"><\/div>\n<\/div>\n<div id=\"panel-666-0-0-0\" class=\"so-panel widget widget_bannercenter bannercenter panel-first-child panel-last-child\" data-index=\"0\" ><\/div><\/div><\/div><\/div><\/div><div id=\"pg-666-1\"  class=\"panel-grid panel-has-style\" ><div class=\"slider-vertical panel-row-style panel-row-style-for-666-1\" ><div id=\"pgc-666-1-0\"  class=\"panel-grid-cell\" ><div class=\"slider-outer\">\n    <div class=\"slider-vertical-container\">\n        <ul id=\"routineslidebx\">\n                         <li>\n                <div class=\"contenu-gauche\">\n                    <div class=\"routine-etape\"><p><\/p><\/div>\n                    <div class=\"slider-text\">\n                        <div class=\"inner\">\n                            <h2 class=\"super-title\">Voorbereiding van de huid<\/h2>\n                            <p class=\"chapo\">Ik reinig en bereid mijn huid voor met de Lotion Micellaire Pr\u00e9-Traitement. \nDeze dagelijkse behandeling hydrateert en verzacht mijn huid. \nDe micellaire technologie zorgt voor een perfecte make-upverwijdering met een optimale tolerantie, een frisse toets en meer<\/p>\n                        <\/div>\n                    <\/div>\n                <\/div>\n                <div class=\"routine-slide-img\">\n                  <img src=\"\/wp-content\/uploads\/2018\/08\/slide1-Lotion-micellaire.png\" \/>\n                <\/div>\n             <\/li>\n                                       <li>\n                <div class=\"contenu-gauche\">\n                    <div class=\"routine-etape\"><p><\/p><\/div>\n                    <div class=\"slider-text\">\n                        <div class=\"inner\">\n                            <h2 class=\"super-title\">Ontgifting<\/h2>\n                            <p class=\"chapo\"> In 4 stappen draineer ik de toxines die tijdens de dag zijn opgehoopt (vervuiling, tabak, ...) van mijn gezicht dankzij de LIFT-koppen van de <strong>Wellbox<sup>\u00ae<\/sup><span style=\"color:#cd1e23;\">[S]<\/span><\/strong>. <\/p>\n                        <\/div>\n                    <\/div>\n                <\/div>\n                <div class=\"routine-slide-img\">\n                  <img src=\"\/wp-content\/themes\/wellness-child\/images\/visage-tete-lift-2.png\" \/>\n                <\/div>\n             <\/li>\n                                       <li>\n                <div class=\"contenu-gauche\">\n                    <div class=\"routine-etape\"><p><\/p><\/div>\n                    <div class=\"slider-text\">\n                        <div class=\"inner\">\n                            <h2 class=\"super-title\">De verzorging Total Contour Yeux aanbrengen<\/h2>\n                            <p class=\"chapo\">Ik breng Soin Total Contour Yeux aan met gladstrijkende bewegingen naar buiten toe. Dankzij het exclusieve Anti-ageingcomplex werkt het doeltreffend in op de vorming van collageen en elastine en voorkomt het hun degradatie. <\/p>\n                        <\/div>\n                    <\/div>\n                <\/div> \n                <div class=\"routine-slide-img\">\n                  <img src=\"\/wp-content\/uploads\/2018\/08\/slide-soin-contourYeux-wellbox.png\" \/>\n                <\/div>\n             <\/li>\n                                       <li>\n                <div class=\"contenu-gauche\">\n                <div class=\"routine-etape\"><p><\/p><\/div>\n                    <div class=\"slider-text\">\n                        <div class=\"inner\">\n                            <h2 class=\"super-title\">Het S\u00e9rum Lissant Hydratation Intense aanbrengen<\/h2>\n                            <p class=\"chapo\">Vervolgens breng ik het S\u00e9rum Lissant Hydratation Intense, met zijn complex van actieve bestanddelen op basis van hyaluronzuur en met een laag moleculair gewicht, aan. Het optimaliseert het hydraterend vermogen van de cosmetische LPG-verzorging en geeft de huid haar volle en gladde aspect terug. <\/p>\n                        <\/div>\n                    <\/div>\n                <\/div>\n                <div class=\"routine-slide-img\">\n                  <img src=\"\/wp-content\/uploads\/2018\/08\/slide-serumLissant-Hydratation-wellbox-1.png\" \/>\n                <\/div>\n             <\/li>\n                                       <li>\n                <div class=\"contenu-gauche\">\n                    <div class=\"routine-etape\"><p><\/p><\/div>\n                    <div class=\"slider-text\">\n                        <div class=\"inner\">\n                            <h2 class=\"super-title\">Soin D\u00e9fense Anti-\u00c2ge SPF30<\/h2>\n                            <p class=\"chapo\">Om er stralend uit te zien breng ik de Soin D\u00e9fense Anti-\u00c2ge SPF30.  Deze licht getinte cr\u00e8me vervaagt onregelmatigheden, vervaagt rimpels en lijntjes en beschermd mijn huid tegen UV\u2019s (SPF30) <\/p>\n                        <\/div>\n                    <\/div>\n                <\/div>\n                <div class=\"routine-slide-img\">\n                  <img src=\"\/wp-content\/uploads\/2018\/08\/slide-CC-anti-age-wellbox.png\" \/>\n                <\/div>\n             <\/li>\n                     <\/ul>\n    <\/div>\n<\/div><div id=\"panel-666-1-0-0\" class=\"so-panel widget widget_routineslider routineslider panel-first-child panel-last-child\" data-index=\"1\" ><\/div><\/div><\/div><\/div><div id=\"pg-666-2\"  class=\"panel-grid panel-has-style\" ><div class=\"panel-row-style panel-row-style-for-666-2\" ><div id=\"pgc-666-2-0\"  class=\"panel-grid-cell\" ><div class=\"block-100 center routines-decouvrir\">\n\t<div class=\"inside\">\n\t\t<div class=\"clearfix\">\n\t\t\t<div class=\"block-texte\">\n\t\t\t\t<div class=\"textwidget\">\n\t\t\t\t\t<div class=\"inner\">\n\t\t\t\t\t<h2 class=\"super-title\"><span class=\"wellbox\">26 routines om te ontdekken<\/span><\/h2>\t\t                <p class=\"chapo\">Ontdek alle routines van <strong>Wellbox<sup>\u00ae<\/sup><span style=\"color:#cd1e23;\">[S]<\/span><\/strong><p>\n\t\t                <a href=\"https:\/\/estore.wellbox.fr\/guides\/WellboxS-CartedeSoins-Routines-Web.pdf\" class=\"btn btn-default\">ONTDEK<\/a>\n\t\t            <\/div>\n\t\t\t\t<\/div>\n\t\t\t<\/div>\n\t\t<\/div>\n\t<\/div>\n<\/div>\n<div id=\"panel-666-2-0-0\" class=\"so-panel widget widget_bannercenter bannercenter panel-first-child panel-last-child\" data-index=\"2\" ><\/div><\/div><\/div><\/div><div id=\"pg-666-3\"  class=\"panel-grid panel-has-style\" ><div class=\"panel-row-style panel-row-style-for-666-3\" ><div id=\"pgc-666-3-0\"  class=\"panel-grid-cell\" ><div class=\"block-100 imgRight bloc-routine basic fond-gris-degrader\">\n\t<div class=\"fleche\"><\/div>\n\t<div class=\"inside\">\n\t\t<div class=\"block-wrapper clearfix\">\n\t\t\t<div class=\"image-right\">\n\t\t\t\t<img class=\"full-image\" src=\"\/wp-content\/themes\/wellness-child\/images\/visage_routines.png\" >\n\t\t\t<\/div>\n\t\t\t<div class=\"block-texte\">\n\t\t\t\t<div class=\"textwidget\">\n\t\t\t\t\t<div class=\"inner\">\n\t\t\t\t\t<div class=\"eds-animate edsanimate-sis-hidden \" data-eds-entry-animation=\"fadeInUp\" data-eds-entry-delay=\"0\" data-eds-entry-duration=\"0.3\" data-eds-entry-timing=\"linear\" data-eds-exit-animation=\"\" data-eds-exit-delay=\"\" data-eds-exit-duration=\"\" data-eds-exit-timing=\"\" data-eds-repeat-count=\"1\" data-eds-keep=\"yes\" data-eds-animate-on=\"scroll\" data-eds-scroll-offset=\"100\">\n\n\n\t\t\t\t\t<h2 class=\"super-title\"><span class=\"wellbox\">Voordelen van de Wellbox s voor mijn gezicht<\/span><\/h2>\n\t\t\t\t\t<p class=\"chapo\">De LIFT-koppen, speciaal ontwikkeld voor het gezicht, werken intens in op de huid dankzij de kloppende bewegingen van de kleppen, gecombineerd met een verticale aanzuiging.<\/p>\n\t\t\t\t\t<a href=\"..\/https:\/\/www.wellbox.be\/nl\/lichaam-voordelen\/\" class=\"emore\">&gt; Ontdek de voordelen van wellbox voor uw gezicht<\/a>\n\t\t\t\t\t<\/div><\/div>\n\t\t\t\t<\/div>\n\t\t\t<\/div>\n\t\t<\/div>\n\t<\/div>\n<\/div>\n<div id=\"panel-666-3-0-0\" class=\"so-panel widget widget_bannerleft bannerleft panel-first-child panel-last-child\" data-index=\"3\" ><\/div><\/div><\/div><\/div><div id=\"pg-666-4\"  class=\"panel-grid panel-has-style\" ><div class=\"e-commerce panel-row-style panel-row-style-for-666-4\" ><div id=\"pgc-666-4-0\"  class=\"panel-grid-cell panel-grid-cell-empty\" ><\/div><\/div><\/div><\/div>","protected":false},"excerpt":{"rendered":"<p>Snel, een ontwaakte huid voor mijn werkdag! Video kijken Voorbereiding van de huid Ik reinig en bereid mijn huid voor met de Lotion Micellaire Pr\u00e9-Traitement. Deze dagelijkse behandeling hydrateert en verzacht mijn huid. De micellaire technologie zorgt voor een perfecte make-upverwijdering met een optimale tolerantie, een frisse toets en meer Ontgifting In 4 stappen draineer &hellip; <a href=\"https:\/\/www.wellbox.be\/nl\/gezicht\/mijn-detox-routine\/\" class=\"more-link\">Continuer la lecture<span class=\"screen-reader-text\"> de &laquo;&nbsp;Mijn detox routine&nbsp;&raquo;<\/span><\/a><\/p>\n","protected":false},"author":3,"featured_media":0,"parent":646,"menu_order":0,"comment_status":"closed","ping_status":"closed","template":"","meta":[],"acf":[],"_links":{"self":[{"href":"https:\/\/www.wellbox.be\/nl\/wp-json\/wp\/v2\/pages\/666"}],"collection":[{"href":"https:\/\/www.wellbox.be\/nl\/wp-json\/wp\/v2\/pages"}],"about":[{"href":"https:\/\/www.wellbox.be\/nl\/wp-json\/wp\/v2\/types\/page"}],"author":[{"embeddable":true,"href":"https:\/\/www.wellbox.be\/nl\/wp-json\/wp\/v2\/users\/3"}],"replies":[{"embeddable":true,"href":"https:\/\/www.wellbox.be\/nl\/wp-json\/wp\/v2\/comments?post=666"}],"version-history":[{"count":46,"href":"https:\/\/www.wellbox.be\/nl\/wp-json\/wp\/v2\/pages\/666\/revisions"}],"predecessor-version":[{"id":2014,"href":"https:\/\/www.wellbox.be\/nl\/wp-json\/wp\/v2\/pages\/666\/revisions\/2014"}],"up":[{"embeddable":true,"href":"https:\/\/www.wellbox.be\/nl\/wp-json\/wp\/v2\/pages\/646"}],"wp:attachment":[{"href":"https:\/\/www.wellbox.be\/nl\/wp-json\/wp\/v2\/media?parent=666"}],"curies":[{"name":"wp","href":"https:\/\/api.w.org\/{rel}","templated":true}]}}