{"id":680,"date":"2016-06-27T06:38:36","date_gmt":"2016-06-27T05:38:36","guid":{"rendered":"http:\/\/www.wellbox.fr\/?page_id=680"},"modified":"2018-08-03T11:24:01","modified_gmt":"2018-08-03T09:24:01","slug":"mijn-coup-declat-routine","status":"publish","type":"page","link":"https:\/\/www.wellbox.be\/nl\/gezicht\/mijn-coup-declat-routine\/","title":{"rendered":"Mijn coup d&rsquo;eclat routine"},"content":{"rendered":"<div id=\"pl-680\"  class=\"panel-layout\" ><div id=\"pg-680-0\"  class=\"panel-grid panel-has-style\" ><div class=\"panel-row-style panel-row-style-for-680-0\" ><div id=\"pgc-680-0-0\"  class=\"panel-grid-cell\" ><div class=\"first panel-cell-style panel-cell-style-for-680-0-0\" ><div class=\"block-100 center routines-routines visage-coup-declat\">\n\n\t<div id=\"video\" style=\"height:100%; width:100%;\"><iframe width=\"100%\" height=\"100%\" src=\"https:\/\/www.youtube.com\/embed\/0PSl9zTF6mM?autoplay=0&showinfo=0&controls=0\" frameborder=\"0\" allowfullscreen><\/iframe><\/div>\n\t<div class=\"fleche\"><\/div>\n\t<div class=\"inside\">\n\t\t<div class=\"clearfix\">\n\t\t\t<h2 class=\"super-title\"><span class=\"corps-routines wellbox\">Een ongepland avondje uit? Wellbox<sup>\u00ae<\/sup><span style=\"color:#cd1e23;\">[S]<\/span><br> voor een gegarandeerd stralende teint! <\/span><\/h2>\n\t\t\t<div class=\"block-tex\">\n\t\t\t\t<div class=\"textwidget\">\n\t\t\t\t\t<div class=\"inner\">\n\t\t                <p class=\"lien-video\"><a href=\"#\">Video kijken<\/a><p>\n\t\t            <\/div>\n\t\t\t\t<\/div>\n\t\t\t<\/div>\n\t\t<\/div>\n\n\t<\/div>\n\t<div class=\"eclat-img\"><img src=\"\/wp-content\/themes\/wellness-child\/images\/visage-routines2.png\" width=\"100%\"><\/div>\n<\/div>\n<div id=\"panel-680-0-0-0\" class=\"so-panel widget widget_bannercenter bannercenter panel-first-child panel-last-child\" data-index=\"0\" ><\/div><\/div><\/div><\/div><\/div><div id=\"pg-680-1\"  class=\"panel-grid panel-has-style\" ><div class=\"slider-vertical panel-row-style panel-row-style-for-680-1\" ><div id=\"pgc-680-1-0\"  class=\"panel-grid-cell\" ><div class=\"slider-outer\">\n    <div class=\"slider-vertical-container\">\n        <ul id=\"routineslidebx\">\n                         <li>\n                <div class=\"contenu-gauche\">\n                    <div class=\"routine-etape\"><p><\/p><\/div>\n                    <div class=\"slider-text\">\n                        <div class=\"inner\">\n                            <h2 class=\"super-title\">Voorbereiding van de huid<\/h2>\n                            <p class=\"chapo\">Ik reinig en bereid mijn huid voor met de Lotion Micellaire Pr\u00e9-Traitement. \nDeze dagelijkse behandeling hydrateert en verzacht mijn huid. \nDe micellaire technologie zorgt voor een perfecte make-upverwijdering met een optimale tolerantie, een frisse toets en meer.<\/p>\n                        <\/div>\n                    <\/div>\n                <\/div>\n                <div class=\"routine-slide-img\">\n                  <img src=\"\/wp-content\/uploads\/2018\/08\/slide1-Lotion-micellaire.png\" \/>\n                <\/div>\n             <\/li>\n                                       <li>\n                <div class=\"contenu-gauche\">\n                    <div class=\"routine-etape\"><p><\/p><\/div>\n                    <div class=\"slider-text\">\n                        <div class=\"inner\">\n                            <h2 class=\"super-title\">De glans van de huid opfrissen<\/h2>\n                            <p class=\"chapo\">Ik krijg de glans van mijn huid terug in slechts 3 stappen dankzij de <strong>Wellbox<sup>\u00ae<\/sup><span style=\"color:#cd1e23;\">[S]<\/span><\/strong>.. <\/p>\n                        <\/div>\n                    <\/div>\n                <\/div>\n                <div class=\"routine-slide-img\">\n                  <img src=\"\/wp-content\/themes\/wellness-child\/images\/visage-coup-declat\/slide2.png\" \/>\n                <\/div>\n             <\/li>\n                                       <li>\n                <div class=\"contenu-gauche\">\n                    <div class=\"routine-etape\"><p><\/p><\/div>\n                    <div class=\"slider-text\">\n                        <div class=\"inner\">\n                            <h2 class=\"super-title\">De verzorging Total Contour Yeux aanbrengen<\/h2>\n                            <p class=\"chapo\">Ik breng Soin Total Contour Yeux aan met gladstrijkende bewegingen naar buiten toe. Dankzij het exclusieve Anti-ageingcomplex werkt het doeltreffend in op de vorming van collageen en elastine en voorkomt het hun degradatie. <\/p>\n                        <\/div>\n                    <\/div>\n                <\/div> \n                <div class=\"routine-slide-img\">\n                  <img src=\"\/wp-content\/uploads\/2018\/08\/slide-soin-contourYeux-wellbox.png\" \/>\n                <\/div>\n             <\/li>\n                                       <li>\n                <div class=\"contenu-gauche\">\n                <div class=\"routine-etape\"><p><\/p><\/div>\n                    <div class=\"slider-text\">\n                        <div class=\"inner\">\n                            <h2 class=\"super-title\">Het S\u00e9rum \u00c9clat \u00c9nergisant <\/h2>\n                            <p class=\"chapo\">Dit is een verbazingwekkende cocktail met een hoge concentratie aan Vitamine C en een actief bestanddeel dat zorgt voor glans en pigmentvlekken tegengaat. <\/p>\n                        <\/div>\n                    <\/div>\n                <\/div>\n                <div class=\"routine-slide-img\">\n                  <img src=\"\/wp-content\/uploads\/2018\/08\/slide-serum-eclat-energisant-wellbox.png\" \/>\n                <\/div>\n             <\/li>\n                                       <li>\n                <div class=\"contenu-gauche\">\n                    <div class=\"routine-etape\"><p><\/p><\/div>\n                    <div class=\"slider-text\">\n                        <div class=\"inner\">\n                            <h2 class=\"super-title\">Soin Anti-\u00c2ge D\u00e9fense Cellulaire SPF30<\/h2>\n                            <p class=\"chapo\">Om er stralend uit te zien breng ik de Soin Anti-\u00c2ge D\u00e9fense Cellulaire SPF30.  Deze licht getinte cr\u00e8me vervaagt onregelmatigheden, vervaagt rimpels en lijntjes en beschermd mijn huid tegen UV\u2019s (SPF30).<\/p>\n                        <\/div>\n                    <\/div>\n                <\/div>\n                <div class=\"routine-slide-img\">\n                  <img src=\"\/wp-content\/uploads\/2018\/08\/slide-CC-anti-age-wellbox.png\" \/>\n                <\/div>\n             <\/li>\n                     <\/ul>\n    <\/div>\n<\/div><div id=\"panel-680-1-0-0\" class=\"so-panel widget widget_routineslider routineslider panel-first-child panel-last-child\" data-index=\"1\" ><\/div><\/div><\/div><\/div><div id=\"pg-680-2\"  class=\"panel-grid panel-has-style\" ><div class=\"panel-row-style panel-row-style-for-680-2\" ><div id=\"pgc-680-2-0\"  class=\"panel-grid-cell\" ><div class=\"block-100 center routines-decouvrir\">\n\t<div class=\"inside\">\n\t\t<div class=\"clearfix\">\n\t\t\t<div class=\"block-texte\">\n\t\t\t\t<div class=\"textwidget\">\n\t\t\t\t\t<div class=\"inner\">\n\t\t\t\t\t<h2 class=\"super-title\"><span class=\"wellbox\">26 routines om te ontdekken<\/span><\/h2>\t\t                <p class=\"chapo\">Ontdek alle routines van <strong>Wellbox<sup>\u00ae<\/sup><span style=\"color:#cd1e23;\">[S]<\/span><\/strong><p>\n\t\t                <a href=\"https:\/\/estore.wellbox.fr\/guides\/WellboxS-CartedeSoins-Routines-Web.pdf\" class=\"btn btn-default\">ONTDEK<\/a>\n\t\t            <\/div>\n\t\t\t\t<\/div>\n\t\t\t<\/div>\n\t\t<\/div>\n\t<\/div>\n<\/div>\n<div id=\"panel-680-2-0-0\" class=\"so-panel widget widget_bannercenter bannercenter panel-first-child panel-last-child\" data-index=\"2\" ><\/div><\/div><\/div><\/div><div id=\"pg-680-3\"  class=\"panel-grid panel-has-style\" ><div class=\"panel-row-style panel-row-style-for-680-3\" ><div id=\"pgc-680-3-0\"  class=\"panel-grid-cell\" ><div class=\"block-100 imgRight bloc-routine basic fond-gris-degrader\">\n\t<div class=\"fleche\"><\/div>\n\t<div class=\"inside\">\n\t\t<div class=\"block-wrapper clearfix\">\n\t\t\t<div class=\"image-right\">\n\t\t\t\t<img class=\"full-image\" src=\"\/wp-content\/themes\/wellness-child\/images\/visage_routines.png\" >\n\t\t\t<\/div>\n\t\t\t<div class=\"block-texte\">\n\t\t\t\t<div class=\"textwidget\">\n\t\t\t\t\t<div class=\"inner\">\n\t\t\t\t\t<div class=\"eds-animate edsanimate-sis-hidden \" data-eds-entry-animation=\"fadeInUp\" data-eds-entry-delay=\"0\" data-eds-entry-duration=\"0.3\" data-eds-entry-timing=\"linear\" data-eds-exit-animation=\"\" data-eds-exit-delay=\"\" data-eds-exit-duration=\"\" data-eds-exit-timing=\"\" data-eds-repeat-count=\"1\" data-eds-keep=\"yes\" data-eds-animate-on=\"scroll\" data-eds-scroll-offset=\"100\">\n\n\n\t\t\t\t\t<h2 class=\"super-title\"><span class=\"wellbox\">Voordelen van de Wellbox s voor mijn gezicht<\/span><\/h2>\n\t\t\t\t\t<p class=\"chapo\">De LIFT-koppen, speciaal ontwikkeld voor het gezicht, werken intens in op de huid dankzij de kloppende bewegingen van de kleppen, gecombineerd met een verticale aanzuiging.<\/p>\n\t\t\t\t\t<a href=\"..\/https:\/\/www.wellbox.be\/nl\/gezicht-voordelen\/\" class=\"emore\">&gt; ONTDEK DE VOORDELEN VAN WELLBOX VOOR UW GEZICHT<\/a>\n\t\t\t\t\t<\/div><\/div>\n\t\t\t\t<\/div>\n\t\t\t<\/div>\n\t\t<\/div>\n\t<\/div>\n<\/div>\n<div id=\"panel-680-3-0-0\" class=\"so-panel widget widget_bannerleft bannerleft panel-first-child panel-last-child\" data-index=\"3\" ><\/div><\/div><\/div><\/div><div id=\"pg-680-4\"  class=\"panel-grid panel-has-style\" ><div class=\"e-commerce panel-row-style panel-row-style-for-680-4\" ><div id=\"pgc-680-4-0\"  class=\"panel-grid-cell panel-grid-cell-empty\" ><\/div><\/div><\/div><\/div>","protected":false},"excerpt":{"rendered":"<p>Een ongepland avondje uit? Wellbox\u00ae[S] voor een gegarandeerd stralende teint! Video kijken Voorbereiding van de huid Ik reinig en bereid mijn huid voor met de Lotion Micellaire Pr\u00e9-Traitement. Deze dagelijkse behandeling hydrateert en verzacht mijn huid. De micellaire technologie zorgt voor een perfecte make-upverwijdering met een optimale tolerantie, een frisse toets en meer. De glans &hellip; <a href=\"https:\/\/www.wellbox.be\/nl\/gezicht\/mijn-coup-declat-routine\/\" class=\"more-link\">Continuer la lecture<span class=\"screen-reader-text\"> de &laquo;&nbsp;Mijn coup d&rsquo;eclat routine&nbsp;&raquo;<\/span><\/a><\/p>\n","protected":false},"author":3,"featured_media":0,"parent":646,"menu_order":0,"comment_status":"closed","ping_status":"closed","template":"","meta":[],"acf":[],"_links":{"self":[{"href":"https:\/\/www.wellbox.be\/nl\/wp-json\/wp\/v2\/pages\/680"}],"collection":[{"href":"https:\/\/www.wellbox.be\/nl\/wp-json\/wp\/v2\/pages"}],"about":[{"href":"https:\/\/www.wellbox.be\/nl\/wp-json\/wp\/v2\/types\/page"}],"author":[{"embeddable":true,"href":"https:\/\/www.wellbox.be\/nl\/wp-json\/wp\/v2\/users\/3"}],"replies":[{"embeddable":true,"href":"https:\/\/www.wellbox.be\/nl\/wp-json\/wp\/v2\/comments?post=680"}],"version-history":[{"count":43,"href":"https:\/\/www.wellbox.be\/nl\/wp-json\/wp\/v2\/pages\/680\/revisions"}],"predecessor-version":[{"id":2018,"href":"https:\/\/www.wellbox.be\/nl\/wp-json\/wp\/v2\/pages\/680\/revisions\/2018"}],"up":[{"embeddable":true,"href":"https:\/\/www.wellbox.be\/nl\/wp-json\/wp\/v2\/pages\/646"}],"wp:attachment":[{"href":"https:\/\/www.wellbox.be\/nl\/wp-json\/wp\/v2\/media?parent=680"}],"curies":[{"name":"wp","href":"https:\/\/api.w.org\/{rel}","templated":true}]}}